{"id":100,"date":"2020-03-28T02:09:51","date_gmt":"2020-03-28T01:09:51","guid":{"rendered":"http:\/\/local.franki\/?page_id=100"},"modified":"2021-05-02T14:40:50","modified_gmt":"2021-05-02T12:40:50","slug":"przedmiot-dzialalnosci","status":"publish","type":"page","link":"https:\/\/dev.papercut.pl\/franki\/o-nas\/przedmiot-dzialalnosci\/","title":{"rendered":"Przedmiot dzia\u0142alno\u015bci"},"content":{"rendered":"\n<p>Stump Franki zajmuje si\u0119 fundamentowaniem specjalnym. Specjalizuje si\u0119 w projektowaniu i wykonawstwie specjalistycznych rob\u00f3t geotechnicznych. Swoj\u0105 dzia\u0142alno\u015b\u0107 opiera na wysokiej jako\u015bci i terminowym wykonaniu \u015bwiadczonych us\u0142ug oraz partnerskiej wsp\u00f3\u0142pracy z inwestorem. Przygotowuj\u0105c projekty ju\u017c w pocz\u0105tkowej fazie \u015bci\u015ble wsp\u00f3\u0142pracujemy z Klientem, oferuj\u0105c najlepsze mo\u017cliwe do wykonania rozwi\u0105zania konstrukcyjne oraz fachowe doradztwo.<\/p>\n\n\n\n<div class=\"wp-block-columns\">\n<div class=\"wp-block-column\"><\/div>\n\n\n\n<div class=\"wp-block-column\"><\/div>\n<\/div>\n","protected":false},"excerpt":{"rendered":"<p>Stump Franki zajmuje si\u0119 fundamentowaniem specjalnym. Specjalizuje si\u0119 w projektowaniu i wykonawstwie specjalistycznych rob\u00f3t geotechnicznych. Swoj\u0105 dzia\u0142alno\u015b\u0107 opiera na wysokiej jako\u015bci i terminowym wykonaniu \u015bwiadczonych us\u0142ug oraz partnerskiej wsp\u00f3\u0142pracy z inwestorem. Przygotowuj\u0105c projekty ju\u017c w pocz\u0105tkowej fazie \u015bci\u015ble wsp\u00f3\u0142pracujemy z Klientem, oferuj\u0105c najlepsze mo\u017cliwe do wykonania rozwi\u0105zania konstrukcyjne oraz fachowe doradztwo.<\/p>\n","protected":false},"author":1,"featured_media":394,"parent":83,"menu_order":4,"comment_status":"closed","ping_status":"closed","template":"templates\/template-about.php","meta":[],"yoast_head":"<!-- This site is optimized with the Yoast SEO plugin v16.1.1 - https:\/\/yoast.com\/wordpress\/plugins\/seo\/ -->\n<title>Przedmiot dzia\u0142alno\u015bci - Stump Franki sp. z o.o.<\/title>\n<meta property=\"og:locale\" content=\"pl_PL\" \/>\n<meta property=\"og:type\" content=\"article\" \/>\n<meta property=\"og:title\" content=\"Przedmiot dzia\u0142alno\u015bci - Stump Franki sp. z o.o.\" \/>\n<meta property=\"og:description\" content=\"Stump Franki zajmuje si\u0119 fundamentowaniem specjalnym. Specjalizuje si\u0119 w projektowaniu i wykonawstwie specjalistycznych rob\u00f3t geotechnicznych. Swoj\u0105 dzia\u0142alno\u015b\u0107 opiera na wysokiej jako\u015bci i terminowym wykonaniu \u015bwiadczonych us\u0142ug oraz partnerskiej wsp\u00f3\u0142pracy z inwestorem. Przygotowuj\u0105c projekty ju\u017c w pocz\u0105tkowej fazie \u015bci\u015ble wsp\u00f3\u0142pracujemy z Klientem, oferuj\u0105c najlepsze mo\u017cliwe do wykonania rozwi\u0105zania konstrukcyjne oraz fachowe doradztwo.\" \/>\n<meta property=\"og:url\" content=\"https:\/\/dev.papercut.pl\/franki\/o-nas\/przedmiot-dzialalnosci\/\" \/>\n<meta property=\"og:site_name\" content=\"Stump Franki sp. z o.o.\" \/>\n<meta property=\"article:modified_time\" content=\"2021-05-02T12:40:50+00:00\" \/>\n<meta property=\"og:image\" content=\"https:\/\/dev.papercut.pl\/franki\/wp-content\/uploads\/2020\/04\/technologia-franki-1.jpg\" \/>\n\t<meta property=\"og:image:width\" content=\"1000\" \/>\n\t<meta property=\"og:image:height\" content=\"412\" \/>\n<meta name=\"twitter:card\" content=\"summary_large_image\" \/>\n<meta name=\"twitter:label1\" content=\"Szacowany czas czytania\">\n\t<meta name=\"twitter:data1\" content=\"1 minuta\">\n<script type=\"application\/ld+json\" class=\"yoast-schema-graph\">{\"@context\":\"https:\/\/schema.org\",\"@graph\":[{\"@type\":\"WebSite\",\"@id\":\"https:\/\/dev.papercut.pl\/franki\/#website\",\"url\":\"https:\/\/dev.papercut.pl\/franki\/\",\"name\":\"Stump Franki sp. z o.o.\",\"description\":\"\",\"potentialAction\":[{\"@type\":\"SearchAction\",\"target\":\"https:\/\/dev.papercut.pl\/franki\/?s={search_term_string}\",\"query-input\":\"required name=search_term_string\"}],\"inLanguage\":\"pl-PL\"},{\"@type\":\"ImageObject\",\"@id\":\"https:\/\/dev.papercut.pl\/franki\/o-nas\/przedmiot-dzialalnosci\/#primaryimage\",\"inLanguage\":\"pl-PL\",\"url\":\"https:\/\/dev.papercut.pl\/franki\/wp-content\/uploads\/2020\/04\/technologia-franki-1.jpg\",\"contentUrl\":\"https:\/\/dev.papercut.pl\/franki\/wp-content\/uploads\/2020\/04\/technologia-franki-1.jpg\",\"width\":1000,\"height\":412},{\"@type\":\"WebPage\",\"@id\":\"https:\/\/dev.papercut.pl\/franki\/o-nas\/przedmiot-dzialalnosci\/#webpage\",\"url\":\"https:\/\/dev.papercut.pl\/franki\/o-nas\/przedmiot-dzialalnosci\/\",\"name\":\"Przedmiot dzia\\u0142alno\\u015bci - Stump Franki sp. z o.o.\",\"isPartOf\":{\"@id\":\"https:\/\/dev.papercut.pl\/franki\/#website\"},\"primaryImageOfPage\":{\"@id\":\"https:\/\/dev.papercut.pl\/franki\/o-nas\/przedmiot-dzialalnosci\/#primaryimage\"},\"datePublished\":\"2020-03-28T01:09:51+00:00\",\"dateModified\":\"2021-05-02T12:40:50+00:00\",\"breadcrumb\":{\"@id\":\"https:\/\/dev.papercut.pl\/franki\/o-nas\/przedmiot-dzialalnosci\/#breadcrumb\"},\"inLanguage\":\"pl-PL\",\"potentialAction\":[{\"@type\":\"ReadAction\",\"target\":[\"https:\/\/dev.papercut.pl\/franki\/o-nas\/przedmiot-dzialalnosci\/\"]}]},{\"@type\":\"BreadcrumbList\",\"@id\":\"https:\/\/dev.papercut.pl\/franki\/o-nas\/przedmiot-dzialalnosci\/#breadcrumb\",\"itemListElement\":[{\"@type\":\"ListItem\",\"position\":1,\"item\":{\"@type\":\"WebPage\",\"@id\":\"https:\/\/dev.papercut.pl\/franki\/\",\"url\":\"https:\/\/dev.papercut.pl\/franki\/\",\"name\":\"Home\"}},{\"@type\":\"ListItem\",\"position\":2,\"item\":{\"@type\":\"WebPage\",\"@id\":\"https:\/\/dev.papercut.pl\/franki\/o-nas\/\",\"url\":\"https:\/\/dev.papercut.pl\/franki\/o-nas\/\",\"name\":\"O nas\"}},{\"@type\":\"ListItem\",\"position\":3,\"item\":{\"@type\":\"WebPage\",\"@id\":\"https:\/\/dev.papercut.pl\/franki\/o-nas\/przedmiot-dzialalnosci\/\",\"url\":\"https:\/\/dev.papercut.pl\/franki\/o-nas\/przedmiot-dzialalnosci\/\",\"name\":\"Przedmiot dzia\\u0142alno\\u015bci\"}}]}]}<\/script>\n<!-- \/ Yoast SEO plugin. -->","_links":{"self":[{"href":"https:\/\/dev.papercut.pl\/franki\/wp-json\/wp\/v2\/pages\/100"}],"collection":[{"href":"https:\/\/dev.papercut.pl\/franki\/wp-json\/wp\/v2\/pages"}],"about":[{"href":"https:\/\/dev.papercut.pl\/franki\/wp-json\/wp\/v2\/types\/page"}],"author":[{"embeddable":true,"href":"https:\/\/dev.papercut.pl\/franki\/wp-json\/wp\/v2\/users\/1"}],"replies":[{"embeddable":true,"href":"https:\/\/dev.papercut.pl\/franki\/wp-json\/wp\/v2\/comments?post=100"}],"version-history":[{"count":21,"href":"https:\/\/dev.papercut.pl\/franki\/wp-json\/wp\/v2\/pages\/100\/revisions"}],"predecessor-version":[{"id":653,"href":"https:\/\/dev.papercut.pl\/franki\/wp-json\/wp\/v2\/pages\/100\/revisions\/653"}],"up":[{"embeddable":true,"href":"https:\/\/dev.papercut.pl\/franki\/wp-json\/wp\/v2\/pages\/83"}],"wp:featuredmedia":[{"embeddable":true,"href":"https:\/\/dev.papercut.pl\/franki\/wp-json\/wp\/v2\/media\/394"}],"wp:attachment":[{"href":"https:\/\/dev.papercut.pl\/franki\/wp-json\/wp\/v2\/media?parent=100"}],"curies":[{"name":"wp","href":"https:\/\/api.w.org\/{rel}","templated":true}]}}