{"id":507,"date":"2023-10-12T10:09:41","date_gmt":"2023-10-12T08:09:41","guid":{"rendered":"https:\/\/dev.papercut.pl\/ecofriendlygame\/?page_id=507"},"modified":"2023-10-12T10:09:41","modified_gmt":"2023-10-12T08:09:41","slug":"ecofriendly-game-7","status":"publish","type":"page","link":"https:\/\/dev.papercut.pl\/ecofriendlygame\/cs\/ecofriendly-game-7\/","title":{"rendered":"Ecofriendly Game"},"content":{"rendered":"\n<div class=\"wp-block-columns are-vertically-aligned-center is-style-mobile-reverse is-layout-flex wp-container-3 wp-block-columns-is-layout-flex\">\n<div class=\"wp-block-column is-vertically-aligned-center is-layout-flow wp-block-column-is-layout-flow\">\n<h3 class=\"wp-block-heading noMarginTop has-green-color has-text-color\">Suroviny na krabi\u010dky, karty, desky a dal\u0161\u00ed kartonov\u00e9 d\u00edly pouze s certifikac\u00ed FSC.<\/h3>\n\n\n\n<p>Certifikace FSC, to je z\u00e1ruka ochrany lesn\u00edch syst\u00e9m\u016f, a t\u00edm i nezastupiteln\u00e1 strategie v boji proti zm\u011bn\u011b klimatu.<\/p>\n\n\n\n<p>FSC garantuje ochranu les\u016f proti neleg\u00e1ln\u00ed t\u011b\u017eb\u011b d\u0159eva, degradaci lesn\u00edho porostu a tak\u00e9 proti m\u00fdcen\u00ed les\u016f v certifikovan\u00fdch oblastech. Ti, kdo kupuj\u00ed v\u00fdrobky se zna\u010dkou FSC, tak p\u0159isp\u00edvaj\u00ed k ochran\u011b lesn\u00edch ekosyst\u00e9m\u016f a t\u00edm i ke zm\u00edrn\u011bn\u00ed dopad\u016f zm\u011bny klimatu. Je to tak jednoduch\u00e9!<\/p>\n<\/div>\n\n\n\n<div class=\"wp-block-column is-vertically-aligned-center is-style-to-right-edge is-layout-flow wp-block-column-is-layout-flow\">\n<figure class=\"wp-block-image size-full noMarginBottom\"><img decoding=\"async\" loading=\"lazy\" width=\"814\" height=\"456\" src=\"https:\/\/dev.papercut.pl\/ecofriendlygame\/wp-content\/uploads\/2023\/08\/ecofriendly-1.png\" alt=\"\" class=\"wp-image-123\" srcset=\"https:\/\/dev.papercut.pl\/ecofriendlygame\/wp-content\/uploads\/2023\/08\/ecofriendly-1.png 814w, https:\/\/dev.papercut.pl\/ecofriendlygame\/wp-content\/uploads\/2023\/08\/ecofriendly-1-300x168.png 300w, https:\/\/dev.papercut.pl\/ecofriendlygame\/wp-content\/uploads\/2023\/08\/ecofriendly-1-768x430.png 768w, https:\/\/dev.papercut.pl\/ecofriendlygame\/wp-content\/uploads\/2023\/08\/ecofriendly-1-49x27.png 49w, https:\/\/dev.papercut.pl\/ecofriendlygame\/wp-content\/uploads\/2023\/08\/ecofriendly-1-121x68.png 121w\" sizes=\"(max-width: 814px) 100vw, 814px\" \/><\/figure>\n<\/div>\n<\/div>\n\n\n\n<div class=\"wp-block-columns are-vertically-aligned-center is-layout-flex wp-container-6 wp-block-columns-is-layout-flex\">\n<div class=\"wp-block-column is-vertically-aligned-center is-style-to-left-edge is-layout-flow wp-block-column-is-layout-flow\">\n<figure class=\"wp-block-image size-full noMarginBottom\"><img decoding=\"async\" loading=\"lazy\" width=\"814\" height=\"456\" src=\"https:\/\/dev.papercut.pl\/ecofriendlygame\/wp-content\/uploads\/2023\/08\/ecofriendly-2.png\" alt=\"\" class=\"wp-image-124\" srcset=\"https:\/\/dev.papercut.pl\/ecofriendlygame\/wp-content\/uploads\/2023\/08\/ecofriendly-2.png 814w, https:\/\/dev.papercut.pl\/ecofriendlygame\/wp-content\/uploads\/2023\/08\/ecofriendly-2-300x168.png 300w, https:\/\/dev.papercut.pl\/ecofriendlygame\/wp-content\/uploads\/2023\/08\/ecofriendly-2-768x430.png 768w, https:\/\/dev.papercut.pl\/ecofriendlygame\/wp-content\/uploads\/2023\/08\/ecofriendly-2-49x27.png 49w, https:\/\/dev.papercut.pl\/ecofriendlygame\/wp-content\/uploads\/2023\/08\/ecofriendly-2-121x68.png 121w\" sizes=\"(max-width: 814px) 100vw, 814px\" \/><\/figure>\n<\/div>\n\n\n\n<div class=\"wp-block-column is-vertically-aligned-center is-layout-flow wp-block-column-is-layout-flow\">\n<h3 class=\"wp-block-heading noMarginTop has-green-color has-text-color\">Hotov\u00e1 \u0159e\u0161en\u00ed<\/h3>\n\n\n\n<p>Vydavatel\u016fm nab\u00edz\u00edme \u0161k\u00e1lu form\u00e1t\u016f karet a obal\u016f z bal\u00edku standardizovan\u00fdch \u0159e\u0161en\u00ed, kter\u00e1 byla vyvinuta tak, aby k jejich v\u00fdrob\u011b bylo pot\u0159eba co nejm\u00e9n\u011b energie.<\/p>\n\n\n\n<p>D\u00edky tomu pracuje tov\u00e1rna nejoptim\u00e1ln\u011bji, co se t\u00fd\u010de generovan\u00fdch n\u00e1klad\u016f na energie. Proto\u017ee v\u00edme, \u017ee dnes m\u00e9n\u011b znamen\u00e1 v\u00edce!<\/p>\n<\/div>\n<\/div>\n\n\n\n<div class=\"wp-block-columns are-vertically-aligned-center is-style-mobile-reverse is-layout-flex wp-container-9 wp-block-columns-is-layout-flex\">\n<div class=\"wp-block-column is-vertically-aligned-center is-layout-flow wp-block-column-is-layout-flow\">\n<h3 class=\"wp-block-heading noMarginTop has-green-color has-text-color\">Barvy a laky<\/h3>\n\n\n\n<p>Hry Ecofriendly, to jsou tak\u00e9 barvy a laky na b\u00e1zi rostlinn\u00fdch olej\u016f a k tomu bezpe\u010dn\u00e9 pro d\u011bti, pou\u017e\u00edvan\u00e9 tak\u00e9 v potravin\u00e1\u0159sk\u00e9m pr\u016fmyslu.<\/p>\n\n\n\n<p>Odst\u00edny lze vyb\u00edrat z tak\u0159ka neomezen\u00e9 \u0161k\u00e1ly CMYK i ze z\u00e1kladn\u00ed palety Pantone. Hry se tisknou na nejmodern\u011bj\u0161\u00edch plnoform\u00e1tov\u00fdch ofsetov\u00fdch stroj\u00edch \u2013 samoz\u0159ejm\u011b nap\u00e1jen\u00fdch obnovitelnou energi\u00ed!<\/p>\n<\/div>\n\n\n\n<div class=\"wp-block-column is-vertically-aligned-center is-style-to-right-edge is-layout-flow wp-block-column-is-layout-flow\">\n<figure class=\"wp-block-image size-full noMarginBottom\"><img decoding=\"async\" loading=\"lazy\" width=\"814\" height=\"456\" src=\"https:\/\/dev.papercut.pl\/ecofriendlygame\/wp-content\/uploads\/2023\/08\/ecofriendly-3.png\" alt=\"\" class=\"wp-image-128\" srcset=\"https:\/\/dev.papercut.pl\/ecofriendlygame\/wp-content\/uploads\/2023\/08\/ecofriendly-3.png 814w, https:\/\/dev.papercut.pl\/ecofriendlygame\/wp-content\/uploads\/2023\/08\/ecofriendly-3-300x168.png 300w, https:\/\/dev.papercut.pl\/ecofriendlygame\/wp-content\/uploads\/2023\/08\/ecofriendly-3-768x430.png 768w, https:\/\/dev.papercut.pl\/ecofriendlygame\/wp-content\/uploads\/2023\/08\/ecofriendly-3-49x27.png 49w, https:\/\/dev.papercut.pl\/ecofriendlygame\/wp-content\/uploads\/2023\/08\/ecofriendly-3-121x68.png 121w\" sizes=\"(max-width: 814px) 100vw, 814px\" \/><\/figure>\n<\/div>\n<\/div>\n\n\n\n<div class=\"wp-block-columns are-vertically-aligned-center is-layout-flex wp-container-12 wp-block-columns-is-layout-flex\">\n<div class=\"wp-block-column is-vertically-aligned-center is-style-to-left-edge is-layout-flow wp-block-column-is-layout-flow\">\n<figure class=\"wp-block-image size-full noMarginBottom\"><img decoding=\"async\" loading=\"lazy\" width=\"814\" height=\"456\" src=\"https:\/\/dev.papercut.pl\/ecofriendlygame\/wp-content\/uploads\/2023\/08\/ecofriendly-4.png\" alt=\"\" class=\"wp-image-129\" srcset=\"https:\/\/dev.papercut.pl\/ecofriendlygame\/wp-content\/uploads\/2023\/08\/ecofriendly-4.png 814w, https:\/\/dev.papercut.pl\/ecofriendlygame\/wp-content\/uploads\/2023\/08\/ecofriendly-4-300x168.png 300w, https:\/\/dev.papercut.pl\/ecofriendlygame\/wp-content\/uploads\/2023\/08\/ecofriendly-4-768x430.png 768w, https:\/\/dev.papercut.pl\/ecofriendlygame\/wp-content\/uploads\/2023\/08\/ecofriendly-4-49x27.png 49w, https:\/\/dev.papercut.pl\/ecofriendlygame\/wp-content\/uploads\/2023\/08\/ecofriendly-4-121x68.png 121w\" sizes=\"(max-width: 814px) 100vw, 814px\" \/><\/figure>\n<\/div>\n\n\n\n<div class=\"wp-block-column is-vertically-aligned-center is-layout-flow wp-block-column-is-layout-flow\">\n<h3 class=\"wp-block-heading noMarginTop has-green-color has-text-color\">Bezpe\u010dn\u00e1 lepidla<\/h3>\n\n\n\n<p>Lepidlo je nezbytn\u00e9 k dokon\u010den\u00ed v\u00fdroby desek a krabi\u010dek i k sestaven\u00ed kartonov\u00fdch d\u00edl\u016f \u2013 a pro n\u00e1s je nezbytn\u00e9, aby lepidlo nebylo \u0161kodliv\u00e9.<\/p>\n\n\n\n<p>Pro hry vyr\u00e1b\u011bn\u00e9 v syst\u00e9mu Ecofriendly vyb\u00edr\u00e1me lepidla, kter\u00e1 jsou v pou\u017eit\u00e9m mno\u017estv\u00ed kompostovateln\u00e1 a nezanech\u00e1vaj\u00ed po sob\u011b \u017e\u00e1dn\u00e9 l\u00e1tky toxick\u00e9 pro \u017eivotn\u00ed prost\u0159ed\u00ed.<\/p>\n<\/div>\n<\/div>\n\n\n\n<div class=\"wp-block-columns are-vertically-aligned-center is-style-mobile-reverse is-layout-flex wp-container-15 wp-block-columns-is-layout-flex\">\n<div class=\"wp-block-column is-vertically-aligned-center is-layout-flow wp-block-column-is-layout-flow\">\n<h3 class=\"wp-block-heading noMarginTop has-green-color has-text-color\">Figurky, kostky, \u017eetony\u2026<\/h3>\n\n\n\n<p>\u2026nepot\u0159ebuj\u00ed ani gram plastu. Nahradily ho p\u0159\u00edrodn\u00ed suroviny, jako je d\u0159evo, pap\u00edr nebo karton \u2013 s certifikac\u00ed FSC, to je jasn\u00e9!<\/p>\n\n\n\n<p>A \u010d\u00edm jsme nahradili uzav\u00edrateln\u00e9 s\u00e1\u010dky na d\u00edly? Bavln\u011bn\u00fdmi s\u00e1\u010dky! A to s certifik\u00e1tem OEKO-TEX. Sou\u010d\u00e1sti her bal\u00edme tak\u00e9 do kompostovateln\u00fdch a pap\u00edrov\u00fdch pytl\u00edk\u016f a do kartonov\u00fdch krabi\u010dek. D\u00e1 se to? D\u00e1 se to!<\/p>\n<\/div>\n\n\n\n<div class=\"wp-block-column is-vertically-aligned-center is-style-to-right-edge is-layout-flow wp-block-column-is-layout-flow\">\n<figure class=\"wp-block-image size-full noMarginBottom\"><img decoding=\"async\" loading=\"lazy\" width=\"814\" height=\"456\" src=\"https:\/\/dev.papercut.pl\/ecofriendlygame\/wp-content\/uploads\/2023\/08\/ecofriendly-5.png\" alt=\"\" class=\"wp-image-130\" srcset=\"https:\/\/dev.papercut.pl\/ecofriendlygame\/wp-content\/uploads\/2023\/08\/ecofriendly-5.png 814w, https:\/\/dev.papercut.pl\/ecofriendlygame\/wp-content\/uploads\/2023\/08\/ecofriendly-5-300x168.png 300w, https:\/\/dev.papercut.pl\/ecofriendlygame\/wp-content\/uploads\/2023\/08\/ecofriendly-5-768x430.png 768w, https:\/\/dev.papercut.pl\/ecofriendlygame\/wp-content\/uploads\/2023\/08\/ecofriendly-5-49x27.png 49w, https:\/\/dev.papercut.pl\/ecofriendlygame\/wp-content\/uploads\/2023\/08\/ecofriendly-5-121x68.png 121w\" sizes=\"(max-width: 814px) 100vw, 814px\" \/><\/figure>\n<\/div>\n<\/div>\n\n\n\n<div class=\"wp-block-columns are-vertically-aligned-center is-layout-flex wp-container-18 wp-block-columns-is-layout-flex\">\n<div class=\"wp-block-column is-vertically-aligned-center is-style-to-left-edge is-layout-flow wp-block-column-is-layout-flow\">\n<figure class=\"wp-block-image size-full noMarginBottom\"><img decoding=\"async\" loading=\"lazy\" width=\"814\" height=\"456\" src=\"https:\/\/dev.papercut.pl\/ecofriendlygame\/wp-content\/uploads\/2023\/08\/ecofriendly-8.png\" alt=\"\" class=\"wp-image-133\" srcset=\"https:\/\/dev.papercut.pl\/ecofriendlygame\/wp-content\/uploads\/2023\/08\/ecofriendly-8.png 814w, https:\/\/dev.papercut.pl\/ecofriendlygame\/wp-content\/uploads\/2023\/08\/ecofriendly-8-300x168.png 300w, https:\/\/dev.papercut.pl\/ecofriendlygame\/wp-content\/uploads\/2023\/08\/ecofriendly-8-768x430.png 768w, https:\/\/dev.papercut.pl\/ecofriendlygame\/wp-content\/uploads\/2023\/08\/ecofriendly-8-49x27.png 49w, https:\/\/dev.papercut.pl\/ecofriendlygame\/wp-content\/uploads\/2023\/08\/ecofriendly-8-121x68.png 121w\" sizes=\"(max-width: 814px) 100vw, 814px\" \/><\/figure>\n<\/div>\n\n\n\n<div class=\"wp-block-column is-vertically-aligned-center is-layout-flow wp-block-column-is-layout-flow\">\n<h3 class=\"wp-block-heading noMarginTop has-green-color has-text-color\">Kompostovateln\u00e9 karty<\/h3>\n\n\n\n<p>Na\u0161e hry obsahuj\u00ed kompostovateln\u00e9 karty. To je mnohem v\u00edc ne\u017e biodegradovatelnost, kter\u00e1 se \u010dasto pou\u017e\u00edv\u00e1 jako marketingov\u00fd tah, proto\u017ee ned\u00e1v\u00e1 z\u00e1ruku pln\u00e9 rozlo\u017eitelnosti v kr\u00e1tk\u00e9 dob\u011b.<\/p>\n\n\n\n<p>Kompostovateln\u00e9 v\u00fdrobky se rozkl\u00e1daj\u00ed \u00fapln\u011b, nezanech\u00e1vaj\u00ed \u017e\u00e1dn\u00e9 chemick\u00e9 stopy a garantovan\u00e1 doba degradace \u010din\u00ed m\u00e9n\u011b ne\u017e rok. U\u017e jsme \u0159\u00edkali, \u017ee hrajeme \u010dist\u011b?<\/p>\n<\/div>\n<\/div>\n\n\n\n<div class=\"wp-block-columns are-vertically-aligned-center is-style-mobile-reverse is-layout-flex wp-container-21 wp-block-columns-is-layout-flex\">\n<div class=\"wp-block-column is-vertically-aligned-center is-layout-flow wp-block-column-is-layout-flow\">\n<h3 class=\"wp-block-heading noMarginTop has-green-color has-text-color\">Odpad, kter\u00fd se vyhod\u00ed jako prvn\u00ed<\/h3>\n\n\n\n<p>Prvn\u00ed odpad vznik\u00e1 u\u017e po rozbalen\u00ed karet nebo hry. U her Ecofriendly je to v\u017edy odpad kompostovateln\u00fd nebo recyklovateln\u00fd.<\/p>\n\n\n\n<p>Mezi takov\u00e1 \u0159e\u0161en\u00ed pat\u0159\u00ed n\u00e1\u0161 transparentn\u00ed kompostovateln\u00fd materi\u00e1l, do kter\u00e9ho zabalujeme na\u0161e karty a krabi\u010dky s hrami. Posledn\u011b jmenovan\u00e9 se mohou pochlubit tak\u00e9 kompostovateln\u00fdmi n\u00e1lepkami. Karty krom\u011b obalu p\u0159ebalujeme tak\u00e9 pap\u00edrovou p\u00e1skou a recyklovateln\u00fdm pap\u00edrem \u2013 p\u0159i tro\u0161e \u0161t\u011bst\u00ed z n\u011bho v budoucnu vznikne dal\u0161\u00ed pap\u00edr. V jist\u00e9m smyslu i odpad m\u016f\u017ee b\u00fdt u\u017eite\u010dn\u00fd!<\/p>\n<\/div>\n\n\n\n<div class=\"wp-block-column is-vertically-aligned-center is-style-to-right-edge is-layout-flow wp-block-column-is-layout-flow\">\n<figure class=\"wp-block-image size-full noMarginBottom\"><img decoding=\"async\" loading=\"lazy\" width=\"814\" height=\"456\" src=\"https:\/\/dev.papercut.pl\/ecofriendlygame\/wp-content\/uploads\/2023\/08\/ecofriendly-7.png\" alt=\"\" class=\"wp-image-132\" srcset=\"https:\/\/dev.papercut.pl\/ecofriendlygame\/wp-content\/uploads\/2023\/08\/ecofriendly-7.png 814w, https:\/\/dev.papercut.pl\/ecofriendlygame\/wp-content\/uploads\/2023\/08\/ecofriendly-7-300x168.png 300w, https:\/\/dev.papercut.pl\/ecofriendlygame\/wp-content\/uploads\/2023\/08\/ecofriendly-7-768x430.png 768w, https:\/\/dev.papercut.pl\/ecofriendlygame\/wp-content\/uploads\/2023\/08\/ecofriendly-7-49x27.png 49w, https:\/\/dev.papercut.pl\/ecofriendlygame\/wp-content\/uploads\/2023\/08\/ecofriendly-7-121x68.png 121w\" sizes=\"(max-width: 814px) 100vw, 814px\" \/><\/figure>\n<\/div>\n<\/div>\n\n\n\n<div class=\"wp-block-columns are-vertically-aligned-center is-layout-flex wp-container-24 wp-block-columns-is-layout-flex\">\n<div class=\"wp-block-column is-vertically-aligned-center is-style-to-left-edge is-layout-flow wp-block-column-is-layout-flow\">\n<figure class=\"wp-block-image size-full noMarginBottom\"><img decoding=\"async\" loading=\"lazy\" width=\"814\" height=\"456\" src=\"https:\/\/dev.papercut.pl\/ecofriendlygame\/wp-content\/uploads\/2023\/08\/ecofriendly-6.png\" alt=\"\" class=\"wp-image-131\" srcset=\"https:\/\/dev.papercut.pl\/ecofriendlygame\/wp-content\/uploads\/2023\/08\/ecofriendly-6.png 814w, https:\/\/dev.papercut.pl\/ecofriendlygame\/wp-content\/uploads\/2023\/08\/ecofriendly-6-300x168.png 300w, https:\/\/dev.papercut.pl\/ecofriendlygame\/wp-content\/uploads\/2023\/08\/ecofriendly-6-768x430.png 768w, https:\/\/dev.papercut.pl\/ecofriendlygame\/wp-content\/uploads\/2023\/08\/ecofriendly-6-49x27.png 49w, https:\/\/dev.papercut.pl\/ecofriendlygame\/wp-content\/uploads\/2023\/08\/ecofriendly-6-121x68.png 121w\" sizes=\"(max-width: 814px) 100vw, 814px\" \/><\/figure>\n<\/div>\n\n\n\n<div class=\"wp-block-column is-vertically-aligned-center is-layout-flow wp-block-column-is-layout-flow\">\n<h3 class=\"wp-block-heading noMarginTop has-green-color has-text-color\">Hromadn\u00e9 balen\u00ed<\/h3>\n\n\n\n<p>K balen\u00ed hotov\u00fdch karet Ecofriendly pou\u017e\u00edv\u00e1me krabi\u010dky z certifikovan\u00e9ho kartonu (ano, FSC!), k jeho\u017e v\u00fdrob\u011b bylo pou\u017eito minim\u00e1ln\u011b 95 % recyklovan\u00e9ho materi\u00e1lu.<\/p>\n\n\n\n<p>Proto\u017ee ka\u017ed\u00e1 v\u00fdrobn\u00ed f\u00e1ze mus\u00ed b\u00fdt eko!<\/p>\n<\/div>\n<\/div>\n","protected":false},"excerpt":{"rendered":"<p>Suroviny na krabi\u010dky, karty, desky a dal\u0161\u00ed kartonov\u00e9 d\u00edly pouze s certifikac\u00ed FSC. Certifikace FSC, to je z\u00e1ruka ochrany lesn\u00edch syst\u00e9m\u016f, a t\u00edm i nezastupiteln\u00e1 strategie v boji proti zm\u011bn\u011b klimatu. FSC garantuje ochranu les\u016f proti neleg\u00e1ln\u00ed t\u011b\u017eb\u011b d\u0159eva, degradaci lesn\u00edho porostu a tak\u00e9 proti m\u00fdcen\u00ed les\u016f v certifikovan\u00fdch oblastech. Ti, kdo kupuj\u00ed v\u00fdrobky se zna\u010dkou FSC, tak p\u0159isp\u00edvaj\u00ed k ochran\u011b lesn\u00edch ekosyst\u00e9m\u016f a t\u00edm i ke zm\u00edrn\u011bn\u00ed dopad\u016f zm\u011bny klimatu. Je to tak jednoduch\u00e9! Hotov\u00e1 \u0159e\u0161en\u00ed Vydavatel\u016fm nab\u00edz\u00edme \u0161k\u00e1lu form\u00e1t\u016f karet a obal\u016f z bal\u00edku standardizovan\u00fdch \u0159e\u0161en\u00ed, kter\u00e1 byla vyvinuta tak, aby k jejich v\u00fdrob\u011b bylo pot\u0159eba co nejm\u00e9n\u011b energie. D\u00edky tomu pracuje tov\u00e1rna nejoptim\u00e1ln\u011bji, co se t\u00fd\u010de generovan\u00fdch n\u00e1klad\u016f na energie. Proto\u017ee v\u00edme, \u017ee dnes m\u00e9n\u011b znamen\u00e1 v\u00edce! Barvy a laky Hry Ecofriendly, to jsou tak\u00e9 barvy a laky na b\u00e1zi rostlinn\u00fdch olej\u016f a k tomu bezpe\u010dn\u00e9 pro d\u011bti, pou\u017e\u00edvan\u00e9 tak\u00e9 v potravin\u00e1\u0159sk\u00e9m pr\u016fmyslu. Odst\u00edny lze vyb\u00edrat z tak\u0159ka neomezen\u00e9 \u0161k\u00e1ly CMYK i ze z\u00e1kladn\u00ed palety Pantone. Hry se tisknou na nejmodern\u011bj\u0161\u00edch plnoform\u00e1tov\u00fdch ofsetov\u00fdch stroj\u00edch \u2013 samoz\u0159ejm\u011b nap\u00e1jen\u00fdch obnovitelnou energi\u00ed! Bezpe\u010dn\u00e1 lepidla Lepidlo je nezbytn\u00e9 k dokon\u010den\u00ed v\u00fdroby desek a krabi\u010dek i k sestaven\u00ed kartonov\u00fdch d\u00edl\u016f \u2013 a pro n\u00e1s je nezbytn\u00e9, aby lepidlo nebylo \u0161kodliv\u00e9. Pro hry vyr\u00e1b\u011bn\u00e9 v syst\u00e9mu Ecofriendly vyb\u00edr\u00e1me lepidla, kter\u00e1 jsou v pou\u017eit\u00e9m mno\u017estv\u00ed kompostovateln\u00e1 a nezanech\u00e1vaj\u00ed po sob\u011b \u017e\u00e1dn\u00e9 l\u00e1tky toxick\u00e9 pro \u017eivotn\u00ed prost\u0159ed\u00ed. Figurky, kostky, \u017eetony\u2026 \u2026nepot\u0159ebuj\u00ed ani gram plastu. Nahradily ho p\u0159\u00edrodn\u00ed suroviny, jako je d\u0159evo, pap\u00edr nebo karton \u2013 s certifikac\u00ed FSC, to je jasn\u00e9! A \u010d\u00edm jsme nahradili uzav\u00edrateln\u00e9 s\u00e1\u010dky na d\u00edly? Bavln\u011bn\u00fdmi s\u00e1\u010dky! A to s certifik\u00e1tem OEKO-TEX. Sou\u010d\u00e1sti her bal\u00edme tak\u00e9 do kompostovateln\u00fdch a pap\u00edrov\u00fdch pytl\u00edk\u016f a do kartonov\u00fdch krabi\u010dek. D\u00e1 se to? D\u00e1 se to! Kompostovateln\u00e9 karty Na\u0161e hry obsahuj\u00ed kompostovateln\u00e9 karty. To je mnohem v\u00edc ne\u017e biodegradovatelnost, kter\u00e1 se \u010dasto pou\u017e\u00edv\u00e1 jako marketingov\u00fd tah, proto\u017ee ned\u00e1v\u00e1 z\u00e1ruku pln\u00e9 rozlo\u017eitelnosti v kr\u00e1tk\u00e9 dob\u011b. Kompostovateln\u00e9 v\u00fdrobky se rozkl\u00e1daj\u00ed \u00fapln\u011b, nezanech\u00e1vaj\u00ed \u017e\u00e1dn\u00e9 chemick\u00e9 stopy a garantovan\u00e1 doba degradace \u010din\u00ed m\u00e9n\u011b ne\u017e rok. U\u017e jsme \u0159\u00edkali, \u017ee hrajeme \u010dist\u011b? Odpad, kter\u00fd se vyhod\u00ed jako prvn\u00ed Prvn\u00ed odpad vznik\u00e1 u\u017e po rozbalen\u00ed karet nebo hry. U her Ecofriendly je to v\u017edy odpad kompostovateln\u00fd nebo recyklovateln\u00fd. Mezi takov\u00e1 \u0159e\u0161en\u00ed pat\u0159\u00ed n\u00e1\u0161 transparentn\u00ed kompostovateln\u00fd materi\u00e1l, do kter\u00e9ho zabalujeme na\u0161e karty a krabi\u010dky s hrami. Posledn\u011b jmenovan\u00e9 se mohou pochlubit tak\u00e9 kompostovateln\u00fdmi n\u00e1lepkami. Karty krom\u011b obalu p\u0159ebalujeme tak\u00e9 pap\u00edrovou p\u00e1skou a recyklovateln\u00fdm pap\u00edrem \u2013 p\u0159i tro\u0161e \u0161t\u011bst\u00ed z n\u011bho v budoucnu vznikne dal\u0161\u00ed pap\u00edr. V jist\u00e9m smyslu i odpad m\u016f\u017ee b\u00fdt u\u017eite\u010dn\u00fd! Hromadn\u00e9 balen\u00ed K balen\u00ed hotov\u00fdch karet Ecofriendly pou\u017e\u00edv\u00e1me krabi\u010dky z certifikovan\u00e9ho kartonu (ano, FSC!), k jeho\u017e v\u00fdrob\u011b bylo pou\u017eito minim\u00e1ln\u011b 95 % recyklovan\u00e9ho materi\u00e1lu. Proto\u017ee ka\u017ed\u00e1 v\u00fdrobn\u00ed f\u00e1ze mus\u00ed b\u00fdt eko!<\/p>\n","protected":false},"author":1,"featured_media":0,"parent":0,"menu_order":11,"comment_status":"closed","ping_status":"closed","template":"","meta":{"inline_featured_image":false,"footnotes":""},"acf":[],"_links":{"self":[{"href":"https:\/\/dev.papercut.pl\/ecofriendlygame\/wp-json\/wp\/v2\/pages\/507"}],"collection":[{"href":"https:\/\/dev.papercut.pl\/ecofriendlygame\/wp-json\/wp\/v2\/pages"}],"about":[{"href":"https:\/\/dev.papercut.pl\/ecofriendlygame\/wp-json\/wp\/v2\/types\/page"}],"author":[{"embeddable":true,"href":"https:\/\/dev.papercut.pl\/ecofriendlygame\/wp-json\/wp\/v2\/users\/1"}],"replies":[{"embeddable":true,"href":"https:\/\/dev.papercut.pl\/ecofriendlygame\/wp-json\/wp\/v2\/comments?post=507"}],"version-history":[{"count":2,"href":"https:\/\/dev.papercut.pl\/ecofriendlygame\/wp-json\/wp\/v2\/pages\/507\/revisions"}],"predecessor-version":[{"id":509,"href":"https:\/\/dev.papercut.pl\/ecofriendlygame\/wp-json\/wp\/v2\/pages\/507\/revisions\/509"}],"wp:attachment":[{"href":"https:\/\/dev.papercut.pl\/ecofriendlygame\/wp-json\/wp\/v2\/media?parent=507"}],"curies":[{"name":"wp","href":"https:\/\/api.w.org\/{rel}","templated":true}]}}