{"id":504,"date":"2023-10-12T10:05:35","date_gmt":"2023-10-12T08:05:35","guid":{"rendered":"https:\/\/dev.papercut.pl\/ecofriendlygame\/?page_id=504"},"modified":"2023-10-17T10:32:02","modified_gmt":"2023-10-17T08:32:02","slug":"hlavni-stranka","status":"publish","type":"page","link":"https:\/\/dev.papercut.pl\/ecofriendlygame\/cs\/hlavni-stranka\/","title":{"rendered":"Hlavn\u00ed str\u00e1nka"},"content":{"rendered":"\n<div class=\"wp-block-columns are-vertically-aligned-center is-style-mobile-reverse is-layout-flex wp-container-3 wp-block-columns-is-layout-flex\">\n<div class=\"wp-block-column is-vertically-aligned-center is-layout-flow wp-block-column-is-layout-flow\">\n<h3 class=\"wp-block-heading noMarginTop has-green-color has-text-color\">K \u010demu plast?<br>Hrajeme karton, n\u016f\u017eky, pap\u00edr!<\/h3>\n\n\n\n<p class=\"is-style-default\"><strong>Pap\u00edr, karton, d\u0159evo\u2026 A co cht\u00edt v\u00edc? Mo\u017en\u00e1 p\u00e1r certifik\u00e1t\u016f potvrzuj\u00edc\u00edch jejich bezpe\u010dn\u00e9 z\u00edsk\u00e1v\u00e1n\u00ed. A ty m\u00e1me taky!<\/strong><\/p>\n\n\n\n<p class=\"is-style-default\">V na\u0161ich hr\u00e1ch jsme nahradili plast p\u0159\u00edrodn\u00edmi surovinami: d\u0159evem, pap\u00edrem a kartonem s&nbsp;certifikac\u00ed FSC, bavln\u011bnou l\u00e1tkou s certifik\u00e1tem OEKO-TEX, transparentn\u00edm kompostovateln\u00fdm materi\u00e1lem. Tyto materi\u00e1ly jsou recyklovateln\u00e9 nebo pln\u011b kompostovateln\u00e9. A&nbsp;to v\u0161e bez jak\u00e9koli \u00fajmy na kvalit\u011b her. Zelen\u00e1 se to, vi\u010fte?<\/p>\n<\/div>\n\n\n\n<div class=\"wp-block-column is-vertically-aligned-center is-style-to-right-edge is-layout-flow wp-block-column-is-layout-flow\">\n<figure class=\"wp-block-image size-full noMarginBottom\"><img decoding=\"async\" loading=\"lazy\" width=\"814\" height=\"572\" src=\"https:\/\/dev.papercut.pl\/ecofriendlygame\/wp-content\/uploads\/2023\/08\/po-c-plastik.png\" alt=\"\" class=\"wp-image-81\" srcset=\"https:\/\/dev.papercut.pl\/ecofriendlygame\/wp-content\/uploads\/2023\/08\/po-c-plastik.png 814w, https:\/\/dev.papercut.pl\/ecofriendlygame\/wp-content\/uploads\/2023\/08\/po-c-plastik-300x211.png 300w, https:\/\/dev.papercut.pl\/ecofriendlygame\/wp-content\/uploads\/2023\/08\/po-c-plastik-768x540.png 768w, https:\/\/dev.papercut.pl\/ecofriendlygame\/wp-content\/uploads\/2023\/08\/po-c-plastik-49x34.png 49w, https:\/\/dev.papercut.pl\/ecofriendlygame\/wp-content\/uploads\/2023\/08\/po-c-plastik-121x85.png 121w\" sizes=\"(max-width: 814px) 100vw, 814px\" \/><\/figure>\n<\/div>\n<\/div>\n\n\n\n<div class=\"wp-block-buttons is-content-justification-center is-layout-flex wp-container-4 wp-block-buttons-is-layout-flex\">\n<div class=\"wp-block-button\"><a class=\"wp-block-button__link has-white-color has-raspberry-background-color has-text-color has-background wp-element-button\" href=\"https:\/\/dev.papercut.pl\/ecofriendlygame\/cs\/ekoblog-2\/\">Pod\u00edvejte se do na\u0161eho eko r\u00e1dce<\/a><\/div>\n<\/div>\n\n\n\n<div class=\"wp-block-columns are-vertically-aligned-center is-layout-flex wp-container-7 wp-block-columns-is-layout-flex\">\n<div class=\"wp-block-column is-vertically-aligned-center is-style-to-left-edge is-layout-flow wp-block-column-is-layout-flow\">\n<figure class=\"wp-block-image size-full\"><img decoding=\"async\" loading=\"lazy\" width=\"813\" height=\"456\" src=\"https:\/\/dev.papercut.pl\/ecofriendlygame\/wp-content\/uploads\/2023\/08\/zielone-od-podstaw.png\" alt=\"\" class=\"wp-image-99\" srcset=\"https:\/\/dev.papercut.pl\/ecofriendlygame\/wp-content\/uploads\/2023\/08\/zielone-od-podstaw.png 813w, https:\/\/dev.papercut.pl\/ecofriendlygame\/wp-content\/uploads\/2023\/08\/zielone-od-podstaw-300x168.png 300w, https:\/\/dev.papercut.pl\/ecofriendlygame\/wp-content\/uploads\/2023\/08\/zielone-od-podstaw-768x431.png 768w, https:\/\/dev.papercut.pl\/ecofriendlygame\/wp-content\/uploads\/2023\/08\/zielone-od-podstaw-49x27.png 49w, https:\/\/dev.papercut.pl\/ecofriendlygame\/wp-content\/uploads\/2023\/08\/zielone-od-podstaw-121x68.png 121w\" sizes=\"(max-width: 813px) 100vw, 813px\" \/><\/figure>\n<\/div>\n\n\n\n<div class=\"wp-block-column is-vertically-aligned-center is-layout-flow wp-block-column-is-layout-flow\">\n<h2 class=\"wp-block-heading noMarginTop has-green-color has-text-color\">Zelen\u00e9 od z\u00e1klad\u016f<\/h2>\n\n\n\n<p class=\"is-style-default\">Eko tov\u00e1rna zprovozn\u011bn\u00e1 v roce 2020 doslova prask\u00e1 ve \u0161vech od inovativn\u00edch, zelen\u00fdch \u0159e\u0161en\u00ed. Krom\u011b fotovoltaick\u00e9ho syst\u00e9mu byla budova opat\u0159ena plynov\u00fdmi tepeln\u00fdmi \u010derpadly a v soci\u00e1ln\u00edch za\u0159\u00edzen\u00edch se vyu\u017e\u00edvaj\u00ed sr\u00e1\u017ekov\u00e9 vody. Cel\u00e1 investice byla provedena ve variant\u011b \u201eZelen\u00e9 tov\u00e1rny\u201c vyhovuj\u00edc\u00ed certifikaci BREEAM. Znamen\u00e1 to mimo jin\u00e9, \u017ee p\u0159i v\u00fdstavb\u011b se vyu\u017e\u00edvalo slu\u017eeb m\u00edstn\u00edch dodavatel\u016f a subdodavatel\u016f, co\u017e p\u0159isp\u011blo ke sn\u00ed\u017een\u00ed emis\u00ed v\u00fdfukov\u00fdch plyn\u016f.<\/p>\n\n\n\n<p class=\"is-style-default\">Nov\u00e1torsk\u00e9 stroje, kter\u00fdmi jsme tov\u00e1rnu vybavili, optimalizuj\u00ed v\u00fdrobn\u00ed procesy tak, aby se maxim\u00e1ln\u011b sn\u00ed\u017eil jejich vliv na \u017eivotn\u00ed prost\u0159ed\u00ed. To v\u0161e v kombinaci s vhodn\u00fdmi surovinami a komponenty umo\u017e\u0148uje vyr\u00e1b\u011bt hry, kter\u00e9 jsou ekologick\u00e9 nejen v n\u00e1zvu \u2013 jsou zelen\u00e9 od z\u00e1klad\u016f!<\/p>\n<\/div>\n<\/div>\n","protected":false},"excerpt":{"rendered":"<p>K \u010demu plast?Hrajeme karton, n\u016f\u017eky, pap\u00edr! Pap\u00edr, karton, d\u0159evo\u2026 A co cht\u00edt v\u00edc? Mo\u017en\u00e1 p\u00e1r certifik\u00e1t\u016f potvrzuj\u00edc\u00edch jejich bezpe\u010dn\u00e9 z\u00edsk\u00e1v\u00e1n\u00ed. A ty m\u00e1me taky! V na\u0161ich hr\u00e1ch jsme nahradili plast p\u0159\u00edrodn\u00edmi surovinami: d\u0159evem, pap\u00edrem a kartonem s&nbsp;certifikac\u00ed FSC, bavln\u011bnou l\u00e1tkou s certifik\u00e1tem OEKO-TEX, transparentn\u00edm kompostovateln\u00fdm materi\u00e1lem. Tyto materi\u00e1ly jsou recyklovateln\u00e9 nebo pln\u011b kompostovateln\u00e9. A&nbsp;to v\u0161e bez jak\u00e9koli \u00fajmy na kvalit\u011b her. Zelen\u00e1 se to, vi\u010fte? Zelen\u00e9 od z\u00e1klad\u016f Eko tov\u00e1rna zprovozn\u011bn\u00e1 v roce 2020 doslova prask\u00e1 ve \u0161vech od inovativn\u00edch, zelen\u00fdch \u0159e\u0161en\u00ed. Krom\u011b fotovoltaick\u00e9ho syst\u00e9mu byla budova opat\u0159ena plynov\u00fdmi tepeln\u00fdmi \u010derpadly a v soci\u00e1ln\u00edch za\u0159\u00edzen\u00edch se vyu\u017e\u00edvaj\u00ed sr\u00e1\u017ekov\u00e9 vody. Cel\u00e1 investice byla provedena ve variant\u011b \u201eZelen\u00e9 tov\u00e1rny\u201c vyhovuj\u00edc\u00ed certifikaci BREEAM. Znamen\u00e1 to mimo jin\u00e9, \u017ee p\u0159i v\u00fdstavb\u011b se vyu\u017e\u00edvalo slu\u017eeb m\u00edstn\u00edch dodavatel\u016f a subdodavatel\u016f, co\u017e p\u0159isp\u011blo ke sn\u00ed\u017een\u00ed emis\u00ed v\u00fdfukov\u00fdch plyn\u016f. Nov\u00e1torsk\u00e9 stroje, kter\u00fdmi jsme tov\u00e1rnu vybavili, optimalizuj\u00ed v\u00fdrobn\u00ed procesy tak, aby se maxim\u00e1ln\u011b sn\u00ed\u017eil jejich vliv na \u017eivotn\u00ed prost\u0159ed\u00ed. To v\u0161e v kombinaci s vhodn\u00fdmi surovinami a komponenty umo\u017e\u0148uje vyr\u00e1b\u011bt hry, kter\u00e9 jsou ekologick\u00e9 nejen v n\u00e1zvu \u2013 jsou zelen\u00e9 od z\u00e1klad\u016f!<\/p>\n","protected":false},"author":1,"featured_media":0,"parent":0,"menu_order":6,"comment_status":"closed","ping_status":"closed","template":"templates\/home.php","meta":{"inline_featured_image":false,"footnotes":""},"acf":[],"_links":{"self":[{"href":"https:\/\/dev.papercut.pl\/ecofriendlygame\/wp-json\/wp\/v2\/pages\/504"}],"collection":[{"href":"https:\/\/dev.papercut.pl\/ecofriendlygame\/wp-json\/wp\/v2\/pages"}],"about":[{"href":"https:\/\/dev.papercut.pl\/ecofriendlygame\/wp-json\/wp\/v2\/types\/page"}],"author":[{"embeddable":true,"href":"https:\/\/dev.papercut.pl\/ecofriendlygame\/wp-json\/wp\/v2\/users\/1"}],"replies":[{"embeddable":true,"href":"https:\/\/dev.papercut.pl\/ecofriendlygame\/wp-json\/wp\/v2\/comments?post=504"}],"version-history":[{"count":5,"href":"https:\/\/dev.papercut.pl\/ecofriendlygame\/wp-json\/wp\/v2\/pages\/504\/revisions"}],"predecessor-version":[{"id":574,"href":"https:\/\/dev.papercut.pl\/ecofriendlygame\/wp-json\/wp\/v2\/pages\/504\/revisions\/574"}],"wp:attachment":[{"href":"https:\/\/dev.papercut.pl\/ecofriendlygame\/wp-json\/wp\/v2\/media?parent=504"}],"curies":[{"name":"wp","href":"https:\/\/api.w.org\/{rel}","templated":true}]}}