{"id":482,"date":"2023-10-09T11:37:14","date_gmt":"2023-10-09T09:37:14","guid":{"rendered":"https:\/\/dev.papercut.pl\/ecofriendlygame\/?page_id=482"},"modified":"2023-10-09T11:37:15","modified_gmt":"2023-10-09T09:37:15","slug":"ecofriendly-game-6","status":"publish","type":"page","link":"https:\/\/dev.papercut.pl\/ecofriendlygame\/fr\/ecofriendly-game-6\/","title":{"rendered":"Ecofriendly Game"},"content":{"rendered":"\n<div class=\"wp-block-columns are-vertically-aligned-center is-style-mobile-reverse is-layout-flex wp-container-3 wp-block-columns-is-layout-flex\">\n<div class=\"wp-block-column is-vertically-aligned-center is-layout-flow wp-block-column-is-layout-flow\">\n<h3 class=\"wp-block-heading has-green-color has-text-color\">Des mat\u00e9riaux pour les bo\u00eetes, cartes, et planches de jeux<br>ainsi que les autres \u00e9l\u00e9ments en carton<br>avec certificat FSC.<\/h3>\n\n\n\n<p>Le certificat FSC est une garantie de protection des syst\u00e8mes forestiers et donc une strat\u00e9gie irrempla\u00e7able dans la lutte contre le changement climatique.<\/p>\n\n\n\n<p>Le FSC garantit la protection des for\u00eats contre l\u2019obtention ill\u00e9gale de bois, la d\u00e9gradation des plantations et la d\u00e9forestation dans les zones certifi\u00e9es. En achetant des produits avec le sigle FSC, vous participez \u00e0 la protection des \u00e9cosyst\u00e8mes forestiers et par la m\u00eame \u00e0 la r\u00e9duction de l\u2019impact du changement climatique. C\u2019est si simple&nbsp;!<\/p>\n<\/div>\n\n\n\n<div class=\"wp-block-column is-vertically-aligned-center is-style-to-right-edge is-layout-flow wp-block-column-is-layout-flow\">\n<figure class=\"wp-block-image size-full noMarginBottom\"><img decoding=\"async\" loading=\"lazy\" width=\"814\" height=\"456\" src=\"https:\/\/dev.papercut.pl\/ecofriendlygame\/wp-content\/uploads\/2023\/08\/ecofriendly-1.png\" alt=\"\" class=\"wp-image-123\" srcset=\"https:\/\/dev.papercut.pl\/ecofriendlygame\/wp-content\/uploads\/2023\/08\/ecofriendly-1.png 814w, https:\/\/dev.papercut.pl\/ecofriendlygame\/wp-content\/uploads\/2023\/08\/ecofriendly-1-300x168.png 300w, https:\/\/dev.papercut.pl\/ecofriendlygame\/wp-content\/uploads\/2023\/08\/ecofriendly-1-768x430.png 768w, https:\/\/dev.papercut.pl\/ecofriendlygame\/wp-content\/uploads\/2023\/08\/ecofriendly-1-49x27.png 49w, https:\/\/dev.papercut.pl\/ecofriendlygame\/wp-content\/uploads\/2023\/08\/ecofriendly-1-121x68.png 121w\" sizes=\"(max-width: 814px) 100vw, 814px\" \/><\/figure>\n<\/div>\n<\/div>\n\n\n\n<div class=\"wp-block-columns are-vertically-aligned-center is-layout-flex wp-container-6 wp-block-columns-is-layout-flex\">\n<div class=\"wp-block-column is-vertically-aligned-center is-style-to-left-edge is-layout-flow wp-block-column-is-layout-flow\">\n<figure class=\"wp-block-image size-full noMarginBottom\"><img decoding=\"async\" loading=\"lazy\" width=\"814\" height=\"456\" src=\"https:\/\/dev.papercut.pl\/ecofriendlygame\/wp-content\/uploads\/2023\/08\/ecofriendly-2.png\" alt=\"\" class=\"wp-image-124\" srcset=\"https:\/\/dev.papercut.pl\/ecofriendlygame\/wp-content\/uploads\/2023\/08\/ecofriendly-2.png 814w, https:\/\/dev.papercut.pl\/ecofriendlygame\/wp-content\/uploads\/2023\/08\/ecofriendly-2-300x168.png 300w, https:\/\/dev.papercut.pl\/ecofriendlygame\/wp-content\/uploads\/2023\/08\/ecofriendly-2-768x430.png 768w, https:\/\/dev.papercut.pl\/ecofriendlygame\/wp-content\/uploads\/2023\/08\/ecofriendly-2-49x27.png 49w, https:\/\/dev.papercut.pl\/ecofriendlygame\/wp-content\/uploads\/2023\/08\/ecofriendly-2-121x68.png 121w\" sizes=\"(max-width: 814px) 100vw, 814px\" \/><\/figure>\n<\/div>\n\n\n\n<div class=\"wp-block-column is-vertically-aligned-center is-layout-flow wp-block-column-is-layout-flow\">\n<h3 class=\"wp-block-heading noMarginTop has-green-color has-text-color\">Des solutions toutes pr\u00eates<\/h3>\n\n\n\n<p>Nous sugg\u00e9rons aux \u00e9diteurs des formats de cartes et des emballages parmi un ensemble de solutions standardis\u00e9es, con\u00e7ues afin que leur production utilise aussi peu d\u2019\u00e9nergie que possible.<\/p>\n\n\n\n<p>Gr\u00e2ce \u00e0 cela, l\u2019usine travaille de fa\u00e7on optimale du point de vue des co\u00fbts \u00e9nerg\u00e9tiques g\u00e9n\u00e9r\u00e9s. Nous savons bien qu\u2019aujourd\u2019hui, moins signifie plus&nbsp;!<\/p>\n<\/div>\n<\/div>\n\n\n\n<div class=\"wp-block-columns are-vertically-aligned-center is-style-mobile-reverse is-layout-flex wp-container-9 wp-block-columns-is-layout-flex\">\n<div class=\"wp-block-column is-vertically-aligned-center is-layout-flow wp-block-column-is-layout-flow\">\n<h3 class=\"wp-block-heading noMarginTop has-green-color has-text-color\">Peintures et vernis<\/h3>\n\n\n\n<p>Les jeux Ecofriendly, ce sont aussi des peintures et des vernis \u00e0 base d\u2019huile v\u00e9g\u00e9tale, sans danger pour les enfants, et qui sont aussi employ\u00e9s dans le secteur alimentaire.<\/p>\n\n\n\n<p>Les couleurs peuvent \u00eatre s\u00e9lectionn\u00e9es \u00e0 partir de la palette CMYK, presque illimit\u00e9e, ainsi que de la palette Pantone de base. Les jeux sont imprim\u00e9s sur des machines offset \u00e0 plein format les plus modernes \u2013 bien entendu aliment\u00e9es par \u00e9nergie renouvelable&nbsp;!<\/p>\n<\/div>\n\n\n\n<div class=\"wp-block-column is-vertically-aligned-center is-style-to-right-edge is-layout-flow wp-block-column-is-layout-flow\">\n<figure class=\"wp-block-image size-full noMarginBottom\"><img decoding=\"async\" loading=\"lazy\" width=\"814\" height=\"456\" src=\"https:\/\/dev.papercut.pl\/ecofriendlygame\/wp-content\/uploads\/2023\/08\/ecofriendly-3.png\" alt=\"\" class=\"wp-image-128\" srcset=\"https:\/\/dev.papercut.pl\/ecofriendlygame\/wp-content\/uploads\/2023\/08\/ecofriendly-3.png 814w, https:\/\/dev.papercut.pl\/ecofriendlygame\/wp-content\/uploads\/2023\/08\/ecofriendly-3-300x168.png 300w, https:\/\/dev.papercut.pl\/ecofriendlygame\/wp-content\/uploads\/2023\/08\/ecofriendly-3-768x430.png 768w, https:\/\/dev.papercut.pl\/ecofriendlygame\/wp-content\/uploads\/2023\/08\/ecofriendly-3-49x27.png 49w, https:\/\/dev.papercut.pl\/ecofriendlygame\/wp-content\/uploads\/2023\/08\/ecofriendly-3-121x68.png 121w\" sizes=\"(max-width: 814px) 100vw, 814px\" \/><\/figure>\n<\/div>\n<\/div>\n\n\n\n<div class=\"wp-block-columns are-vertically-aligned-center is-layout-flex wp-container-12 wp-block-columns-is-layout-flex\">\n<div class=\"wp-block-column is-vertically-aligned-center is-style-to-left-edge is-layout-flow wp-block-column-is-layout-flow\">\n<figure class=\"wp-block-image size-full noMarginBottom\"><img decoding=\"async\" loading=\"lazy\" width=\"814\" height=\"456\" src=\"https:\/\/dev.papercut.pl\/ecofriendlygame\/wp-content\/uploads\/2023\/08\/ecofriendly-4.png\" alt=\"\" class=\"wp-image-129\" srcset=\"https:\/\/dev.papercut.pl\/ecofriendlygame\/wp-content\/uploads\/2023\/08\/ecofriendly-4.png 814w, https:\/\/dev.papercut.pl\/ecofriendlygame\/wp-content\/uploads\/2023\/08\/ecofriendly-4-300x168.png 300w, https:\/\/dev.papercut.pl\/ecofriendlygame\/wp-content\/uploads\/2023\/08\/ecofriendly-4-768x430.png 768w, https:\/\/dev.papercut.pl\/ecofriendlygame\/wp-content\/uploads\/2023\/08\/ecofriendly-4-49x27.png 49w, https:\/\/dev.papercut.pl\/ecofriendlygame\/wp-content\/uploads\/2023\/08\/ecofriendly-4-121x68.png 121w\" sizes=\"(max-width: 814px) 100vw, 814px\" \/><\/figure>\n<\/div>\n\n\n\n<div class=\"wp-block-column is-vertically-aligned-center is-layout-flow wp-block-column-is-layout-flow\">\n<h3 class=\"wp-block-heading noMarginTop has-green-color has-text-color\">Adh\u00e9sifs sans danger<\/h3>\n\n\n\n<p>Les adh\u00e9sifs sont indispensables pour la finition des planches de jeux et des bo\u00eetes, ainsi que pour le montage des pi\u00e8ces en carton<br>\u2013 il est indispensable pour nous qu\u2019ils soient sans danger.<\/p>\n\n\n\n<p>Pour les jeux confectionn\u00e9s selon le syst\u00e8me Ecofriendly, nous choisissons des adh\u00e9sifs qui sont compostables dans les quantit\u00e9s utilis\u00e9es, sans laisser de r\u00e9sidus toxiques.<\/p>\n<\/div>\n<\/div>\n\n\n\n<div class=\"wp-block-columns are-vertically-aligned-center is-style-mobile-reverse is-layout-flex wp-container-15 wp-block-columns-is-layout-flex\">\n<div class=\"wp-block-column is-vertically-aligned-center is-layout-flow wp-block-column-is-layout-flow\">\n<h3 class=\"wp-block-heading noMarginTop has-green-color has-text-color\">Les pions, les d\u00e9s ou les marqueurs\u2026<\/h3>\n\n\n\n<p>\u2026 n\u2019ont pas besoin d\u2019un gramme de plastique. Il a remplac\u00e9 par des mati\u00e8res naturelles, telles que le bois, le papier ou le carton \u2013 \u00e9videmment avec un certificat FSC&nbsp;!<\/p>\n\n\n\n<p>Et avec quoi avons-nous remplac\u00e9 les sachets minigrip pour les pi\u00e8ces&nbsp;? Avec des sachets en coton&nbsp;! De plus, avec un certificat OEKO-TEX. Nous emballons aussi les \u00e9l\u00e9ments du jeu dans des sachets compostables et en papier, ainsi que dans des bo\u00eetes en carton. On peut le faire&nbsp;? On peut le faire&nbsp;!<\/p>\n<\/div>\n\n\n\n<div class=\"wp-block-column is-vertically-aligned-center is-style-to-right-edge is-layout-flow wp-block-column-is-layout-flow\">\n<figure class=\"wp-block-image size-full noMarginBottom\"><img decoding=\"async\" loading=\"lazy\" width=\"814\" height=\"456\" src=\"https:\/\/dev.papercut.pl\/ecofriendlygame\/wp-content\/uploads\/2023\/08\/ecofriendly-5.png\" alt=\"\" class=\"wp-image-130\" srcset=\"https:\/\/dev.papercut.pl\/ecofriendlygame\/wp-content\/uploads\/2023\/08\/ecofriendly-5.png 814w, https:\/\/dev.papercut.pl\/ecofriendlygame\/wp-content\/uploads\/2023\/08\/ecofriendly-5-300x168.png 300w, https:\/\/dev.papercut.pl\/ecofriendlygame\/wp-content\/uploads\/2023\/08\/ecofriendly-5-768x430.png 768w, https:\/\/dev.papercut.pl\/ecofriendlygame\/wp-content\/uploads\/2023\/08\/ecofriendly-5-49x27.png 49w, https:\/\/dev.papercut.pl\/ecofriendlygame\/wp-content\/uploads\/2023\/08\/ecofriendly-5-121x68.png 121w\" sizes=\"(max-width: 814px) 100vw, 814px\" \/><\/figure>\n<\/div>\n<\/div>\n\n\n\n<div class=\"wp-block-columns are-vertically-aligned-center is-layout-flex wp-container-18 wp-block-columns-is-layout-flex\">\n<div class=\"wp-block-column is-vertically-aligned-center is-style-to-left-edge is-layout-flow wp-block-column-is-layout-flow\">\n<figure class=\"wp-block-image size-full noMarginBottom\"><img decoding=\"async\" loading=\"lazy\" width=\"814\" height=\"456\" src=\"https:\/\/dev.papercut.pl\/ecofriendlygame\/wp-content\/uploads\/2023\/08\/ecofriendly-8.png\" alt=\"\" class=\"wp-image-133\" srcset=\"https:\/\/dev.papercut.pl\/ecofriendlygame\/wp-content\/uploads\/2023\/08\/ecofriendly-8.png 814w, https:\/\/dev.papercut.pl\/ecofriendlygame\/wp-content\/uploads\/2023\/08\/ecofriendly-8-300x168.png 300w, https:\/\/dev.papercut.pl\/ecofriendlygame\/wp-content\/uploads\/2023\/08\/ecofriendly-8-768x430.png 768w, https:\/\/dev.papercut.pl\/ecofriendlygame\/wp-content\/uploads\/2023\/08\/ecofriendly-8-49x27.png 49w, https:\/\/dev.papercut.pl\/ecofriendlygame\/wp-content\/uploads\/2023\/08\/ecofriendly-8-121x68.png 121w\" sizes=\"(max-width: 814px) 100vw, 814px\" \/><\/figure>\n<\/div>\n\n\n\n<div class=\"wp-block-column is-vertically-aligned-center is-layout-flow wp-block-column-is-layout-flow\">\n<h3 class=\"wp-block-heading noMarginTop has-green-color has-text-color\">Cartes compostables<\/h3>\n\n\n\n<p>Nos jeux contiennent des cartes compostables. Cela signifie bien plus que la biod\u00e9gradabilit\u00e9, qui est parfois utilis\u00e9e comme simple artifice de marketing, puisqu\u2019elle ne garantit pas une d\u00e9composition compl\u00e8te dans un laps de temps court.<\/p>\n\n\n\n<p>Les produits compostables se d\u00e9composent pleinement, sans r\u00e9sidus chimiques, tandis que le temps de d\u00e9composition est de moins d\u2019un an. Nous avons d\u00e9j\u00e0 mentionn\u00e9 que nous jouons \u00e0 cartes ouvertes&nbsp;?<\/p>\n<\/div>\n<\/div>\n\n\n\n<div class=\"wp-block-columns are-vertically-aligned-center is-style-mobile-reverse is-layout-flex wp-container-21 wp-block-columns-is-layout-flex\">\n<div class=\"wp-block-column is-vertically-aligned-center is-layout-flow wp-block-column-is-layout-flow\">\n<h3 class=\"wp-block-heading noMarginTop has-green-color has-text-color\">D\u00e9chets de premier (re)jet<\/h3>\n\n\n\n<p>Les premiers d\u00e9chets sont produits lors du d\u00e9ballage des cartes. Dans les jeux Ecofriendly<br>ce sont toujours des d\u00e9chets compostables ou recyclables.<\/p>\n\n\n\n<p>Parmi nos solutions se trouve aussi notre mat\u00e9riau transparent compostable, que nous utilisons pour emballer les cartes et les bo\u00eetes de jeu. Ces derniers peuvent aussi \u00eatre fiers de leurs autocollants compostables. \u00c0 part cet emballage transparent, les cartes sont aussi emball\u00e9es avec un bandeau et du papier recyclable \u2013 avec un peu de chance ils redeviendront ainsi de nouveaux papiers. Dans un sens, les d\u00e9chets peuvent \u00eatre utiles!<\/p>\n<\/div>\n\n\n\n<div class=\"wp-block-column is-vertically-aligned-center is-style-to-right-edge is-layout-flow wp-block-column-is-layout-flow\">\n<figure class=\"wp-block-image size-full noMarginBottom\"><img decoding=\"async\" loading=\"lazy\" width=\"814\" height=\"456\" src=\"https:\/\/dev.papercut.pl\/ecofriendlygame\/wp-content\/uploads\/2023\/08\/ecofriendly-7.png\" alt=\"\" class=\"wp-image-132\" srcset=\"https:\/\/dev.papercut.pl\/ecofriendlygame\/wp-content\/uploads\/2023\/08\/ecofriendly-7.png 814w, https:\/\/dev.papercut.pl\/ecofriendlygame\/wp-content\/uploads\/2023\/08\/ecofriendly-7-300x168.png 300w, https:\/\/dev.papercut.pl\/ecofriendlygame\/wp-content\/uploads\/2023\/08\/ecofriendly-7-768x430.png 768w, https:\/\/dev.papercut.pl\/ecofriendlygame\/wp-content\/uploads\/2023\/08\/ecofriendly-7-49x27.png 49w, https:\/\/dev.papercut.pl\/ecofriendlygame\/wp-content\/uploads\/2023\/08\/ecofriendly-7-121x68.png 121w\" sizes=\"(max-width: 814px) 100vw, 814px\" \/><\/figure>\n<\/div>\n<\/div>\n\n\n\n<div class=\"wp-block-columns are-vertically-aligned-center is-layout-flex wp-container-24 wp-block-columns-is-layout-flex\">\n<div class=\"wp-block-column is-vertically-aligned-center is-style-to-left-edge is-layout-flow wp-block-column-is-layout-flow\">\n<figure class=\"wp-block-image size-full noMarginBottom\"><img decoding=\"async\" loading=\"lazy\" width=\"814\" height=\"456\" src=\"https:\/\/dev.papercut.pl\/ecofriendlygame\/wp-content\/uploads\/2023\/08\/ecofriendly-6.png\" alt=\"\" class=\"wp-image-131\" srcset=\"https:\/\/dev.papercut.pl\/ecofriendlygame\/wp-content\/uploads\/2023\/08\/ecofriendly-6.png 814w, https:\/\/dev.papercut.pl\/ecofriendlygame\/wp-content\/uploads\/2023\/08\/ecofriendly-6-300x168.png 300w, https:\/\/dev.papercut.pl\/ecofriendlygame\/wp-content\/uploads\/2023\/08\/ecofriendly-6-768x430.png 768w, https:\/\/dev.papercut.pl\/ecofriendlygame\/wp-content\/uploads\/2023\/08\/ecofriendly-6-49x27.png 49w, https:\/\/dev.papercut.pl\/ecofriendlygame\/wp-content\/uploads\/2023\/08\/ecofriendly-6-121x68.png 121w\" sizes=\"(max-width: 814px) 100vw, 814px\" \/><\/figure>\n<\/div>\n\n\n\n<div class=\"wp-block-column is-vertically-aligned-center is-layout-flow wp-block-column-is-layout-flow\">\n<h3 class=\"wp-block-heading noMarginTop has-green-color has-text-color\">Emballages collectifs<\/h3>\n\n\n\n<p>Pour emballer les jeux Ecofriendly finis, nous utilisons des bo\u00eetes en carton certifi\u00e9<br>(oui, du FSC) dont la production inclut au minimum 95&nbsp;% de mat\u00e9riaux recycl\u00e9s.<\/p>\n\n\n\n<p>Chaque \u00e9tape de la production doit \u00eatre \u00e9co!<\/p>\n<\/div>\n<\/div>\n","protected":false},"excerpt":{"rendered":"<p>Des mat\u00e9riaux pour les bo\u00eetes, cartes, et planches de jeuxainsi que les autres \u00e9l\u00e9ments en cartonavec certificat FSC. Le certificat FSC est une garantie de protection des syst\u00e8mes forestiers et donc une strat\u00e9gie irrempla\u00e7able dans la lutte contre le changement climatique. Le FSC garantit la protection des for\u00eats contre l\u2019obtention ill\u00e9gale de bois, la d\u00e9gradation des plantations et la d\u00e9forestation dans les zones certifi\u00e9es. En achetant des produits avec le sigle FSC, vous participez \u00e0 la protection des \u00e9cosyst\u00e8mes forestiers et par la m\u00eame \u00e0 la r\u00e9duction de l\u2019impact du changement climatique. C\u2019est si simple&nbsp;! Des solutions toutes pr\u00eates Nous sugg\u00e9rons aux \u00e9diteurs des formats de cartes et des emballages parmi un ensemble de solutions standardis\u00e9es, con\u00e7ues afin que leur production utilise aussi peu d\u2019\u00e9nergie que possible. Gr\u00e2ce \u00e0 cela, l\u2019usine travaille de fa\u00e7on optimale du point de vue des co\u00fbts \u00e9nerg\u00e9tiques g\u00e9n\u00e9r\u00e9s. Nous savons bien qu\u2019aujourd\u2019hui, moins signifie plus&nbsp;! Peintures et vernis Les jeux Ecofriendly, ce sont aussi des peintures et des vernis \u00e0 base d\u2019huile v\u00e9g\u00e9tale, sans danger pour les enfants, et qui sont aussi employ\u00e9s dans le secteur alimentaire. Les couleurs peuvent \u00eatre s\u00e9lectionn\u00e9es \u00e0 partir de la palette CMYK, presque illimit\u00e9e, ainsi que de la palette Pantone de base. Les jeux sont imprim\u00e9s sur des machines offset \u00e0 plein format les plus modernes \u2013 bien entendu aliment\u00e9es par \u00e9nergie renouvelable&nbsp;! Adh\u00e9sifs sans danger Les adh\u00e9sifs sont indispensables pour la finition des planches de jeux et des bo\u00eetes, ainsi que pour le montage des pi\u00e8ces en carton\u2013 il est indispensable pour nous qu\u2019ils soient sans danger. Pour les jeux confectionn\u00e9s selon le syst\u00e8me Ecofriendly, nous choisissons des adh\u00e9sifs qui sont compostables dans les quantit\u00e9s utilis\u00e9es, sans laisser de r\u00e9sidus toxiques. Les pions, les d\u00e9s ou les marqueurs\u2026 \u2026 n\u2019ont pas besoin d\u2019un gramme de plastique. Il a remplac\u00e9 par des mati\u00e8res naturelles, telles que le bois, le papier ou le carton \u2013 \u00e9videmment avec un certificat FSC&nbsp;! Et avec quoi avons-nous remplac\u00e9 les sachets minigrip pour les pi\u00e8ces&nbsp;? Avec des sachets en coton&nbsp;! De plus, avec un certificat OEKO-TEX. Nous emballons aussi les \u00e9l\u00e9ments du jeu dans des sachets compostables et en papier, ainsi que dans des bo\u00eetes en carton. On peut le faire&nbsp;? On peut le faire&nbsp;! Cartes compostables Nos jeux contiennent des cartes compostables. Cela signifie bien plus que la biod\u00e9gradabilit\u00e9, qui est parfois utilis\u00e9e comme simple artifice de marketing, puisqu\u2019elle ne garantit pas une d\u00e9composition compl\u00e8te dans un laps de temps court. Les produits compostables se d\u00e9composent pleinement, sans r\u00e9sidus chimiques, tandis que le temps de d\u00e9composition est de moins d\u2019un an. Nous avons d\u00e9j\u00e0 mentionn\u00e9 que nous jouons \u00e0 cartes ouvertes&nbsp;? D\u00e9chets de premier (re)jet Les premiers d\u00e9chets sont produits lors du d\u00e9ballage des cartes. Dans les jeux Ecofriendlyce sont toujours des d\u00e9chets compostables ou recyclables. Parmi nos solutions se trouve aussi notre mat\u00e9riau transparent compostable, que nous utilisons pour emballer les cartes et les bo\u00eetes de jeu. Ces derniers peuvent aussi \u00eatre fiers de leurs autocollants compostables. \u00c0 part cet emballage transparent, les cartes sont aussi emball\u00e9es avec un bandeau et du papier recyclable \u2013 avec un peu de chance ils redeviendront ainsi de nouveaux papiers. Dans un sens, les d\u00e9chets peuvent \u00eatre utiles! Emballages collectifs Pour emballer les jeux Ecofriendly finis, nous utilisons des bo\u00eetes en carton certifi\u00e9(oui, du FSC) dont la production inclut au minimum 95&nbsp;% de mat\u00e9riaux recycl\u00e9s. Chaque \u00e9tape de la production doit \u00eatre \u00e9co!<\/p>\n","protected":false},"author":1,"featured_media":0,"parent":0,"menu_order":13,"comment_status":"closed","ping_status":"closed","template":"","meta":{"inline_featured_image":false,"footnotes":""},"acf":[],"_links":{"self":[{"href":"https:\/\/dev.papercut.pl\/ecofriendlygame\/wp-json\/wp\/v2\/pages\/482"}],"collection":[{"href":"https:\/\/dev.papercut.pl\/ecofriendlygame\/wp-json\/wp\/v2\/pages"}],"about":[{"href":"https:\/\/dev.papercut.pl\/ecofriendlygame\/wp-json\/wp\/v2\/types\/page"}],"author":[{"embeddable":true,"href":"https:\/\/dev.papercut.pl\/ecofriendlygame\/wp-json\/wp\/v2\/users\/1"}],"replies":[{"embeddable":true,"href":"https:\/\/dev.papercut.pl\/ecofriendlygame\/wp-json\/wp\/v2\/comments?post=482"}],"version-history":[{"count":2,"href":"https:\/\/dev.papercut.pl\/ecofriendlygame\/wp-json\/wp\/v2\/pages\/482\/revisions"}],"predecessor-version":[{"id":484,"href":"https:\/\/dev.papercut.pl\/ecofriendlygame\/wp-json\/wp\/v2\/pages\/482\/revisions\/484"}],"wp:attachment":[{"href":"https:\/\/dev.papercut.pl\/ecofriendlygame\/wp-json\/wp\/v2\/media?parent=482"}],"curies":[{"name":"wp","href":"https:\/\/api.w.org\/{rel}","templated":true}]}}