{"id":479,"date":"2023-10-09T11:26:54","date_gmt":"2023-10-09T09:26:54","guid":{"rendered":"https:\/\/dev.papercut.pl\/ecofriendlygame\/?page_id=479"},"modified":"2023-10-17T10:30:55","modified_gmt":"2023-10-17T08:30:55","slug":"page-principale","status":"publish","type":"page","link":"https:\/\/dev.papercut.pl\/ecofriendlygame\/fr\/page-principale\/","title":{"rendered":"Page principale"},"content":{"rendered":"\n<div class=\"wp-block-columns are-vertically-aligned-center is-style-mobile-reverse is-layout-flex wp-container-3 wp-block-columns-is-layout-flex\">\n<div class=\"wp-block-column is-vertically-aligned-center is-layout-flow wp-block-column-is-layout-flow\">\n<h3 class=\"wp-block-heading noMarginTop has-green-color has-text-color\">\u00c0 quoi bon le plastique?<br>Jouons \u00e0 carton-papier-ciseaux!<\/h3>\n\n\n\n<p class=\"is-style-default\"><strong>Papier, carton, bois\u2026 Quoi vouloir de plus&nbsp;? Peut-\u00eatre quelques certificats attestant de la conformit\u00e9 de leur obtention. Cela, nous l\u2019avons aussi!<\/strong><\/p>\n\n\n\n<p class=\"is-style-default\">Dans nos jeux, nous avons remplac\u00e9 le plastique par des mat\u00e9riaux naturels&nbsp;: du bois, du carton et du papier avec certificat FSC, des tissus en coton certifi\u00e9s OEKO-TEX, et un mat\u00e9riau transparent et compostable. Ces mat\u00e9riaux peuvent \u00eatre recycl\u00e9s ou sont pleinement compostables. Tout cela sans toucher \u00e0 la qualit\u00e9 des jeux. C\u2019est bien vert, n\u2019est-ce pas?<\/p>\n<\/div>\n\n\n\n<div class=\"wp-block-column is-vertically-aligned-center is-style-to-right-edge is-layout-flow wp-block-column-is-layout-flow\">\n<figure class=\"wp-block-image size-full noMarginBottom\"><img decoding=\"async\" loading=\"lazy\" width=\"814\" height=\"572\" src=\"https:\/\/dev.papercut.pl\/ecofriendlygame\/wp-content\/uploads\/2023\/08\/po-c-plastik.png\" alt=\"\" class=\"wp-image-81\" srcset=\"https:\/\/dev.papercut.pl\/ecofriendlygame\/wp-content\/uploads\/2023\/08\/po-c-plastik.png 814w, https:\/\/dev.papercut.pl\/ecofriendlygame\/wp-content\/uploads\/2023\/08\/po-c-plastik-300x211.png 300w, https:\/\/dev.papercut.pl\/ecofriendlygame\/wp-content\/uploads\/2023\/08\/po-c-plastik-768x540.png 768w, https:\/\/dev.papercut.pl\/ecofriendlygame\/wp-content\/uploads\/2023\/08\/po-c-plastik-49x34.png 49w, https:\/\/dev.papercut.pl\/ecofriendlygame\/wp-content\/uploads\/2023\/08\/po-c-plastik-121x85.png 121w\" sizes=\"(max-width: 814px) 100vw, 814px\" \/><\/figure>\n<\/div>\n<\/div>\n\n\n\n<div class=\"wp-block-buttons is-content-justification-center is-layout-flex wp-container-4 wp-block-buttons-is-layout-flex\">\n<div class=\"wp-block-button\"><a class=\"wp-block-button__link has-white-color has-raspberry-background-color has-text-color has-background wp-element-button\" href=\"https:\/\/dev.papercut.pl\/ecofriendlygame\/fr\/eco-blog-3\/\">Consulter notre \u00e9co-guide<\/a><\/div>\n<\/div>\n\n\n\n<div class=\"wp-block-columns are-vertically-aligned-center is-layout-flex wp-container-7 wp-block-columns-is-layout-flex\">\n<div class=\"wp-block-column is-vertically-aligned-center is-style-to-left-edge is-layout-flow wp-block-column-is-layout-flow\">\n<figure class=\"wp-block-image size-full\"><img decoding=\"async\" loading=\"lazy\" width=\"813\" height=\"456\" src=\"https:\/\/dev.papercut.pl\/ecofriendlygame\/wp-content\/uploads\/2023\/08\/zielone-od-podstaw.png\" alt=\"\" class=\"wp-image-99\" srcset=\"https:\/\/dev.papercut.pl\/ecofriendlygame\/wp-content\/uploads\/2023\/08\/zielone-od-podstaw.png 813w, https:\/\/dev.papercut.pl\/ecofriendlygame\/wp-content\/uploads\/2023\/08\/zielone-od-podstaw-300x168.png 300w, https:\/\/dev.papercut.pl\/ecofriendlygame\/wp-content\/uploads\/2023\/08\/zielone-od-podstaw-768x431.png 768w, https:\/\/dev.papercut.pl\/ecofriendlygame\/wp-content\/uploads\/2023\/08\/zielone-od-podstaw-49x27.png 49w, https:\/\/dev.papercut.pl\/ecofriendlygame\/wp-content\/uploads\/2023\/08\/zielone-od-podstaw-121x68.png 121w\" sizes=\"(max-width: 813px) 100vw, 813px\" \/><\/figure>\n<\/div>\n\n\n\n<div class=\"wp-block-column is-vertically-aligned-center is-layout-flow wp-block-column-is-layout-flow\">\n<h2 class=\"wp-block-heading noMarginTop has-green-color has-text-color\">Vert \u00e0 la base<\/h2>\n\n\n\n<p>Notre usine \u00e9co, lanc\u00e9e en 2020 regorge litt\u00e9ralement de solutions innovantes<br>et vertes. Au-del\u00e0 de son installation photovolta\u00efque, le b\u00e2timent a \u00e9t\u00e9 \u00e9quip\u00e9<br>en pompes \u00e0 chaleur \u00e0 gaz, tandis que l&#8217;eau de pluie est utilis\u00e9e dans ses syst\u00e8mes sanitaires. L&#8217;ensemble a \u00e9t\u00e9 r\u00e9alis\u00e9 dans la variante \u00ab&nbsp;Usine verte&nbsp;\u00bb, conform\u00e9ment \u00e0 la certification BREEAM. Cela signifie entre autres que des fournisseurs et sous-traitants locaux ont \u00e9t\u00e9 utilis\u00e9s pendant la construction, ce qui a diminu\u00e9 les \u00e9missions nocives.<\/p>\n\n\n\n<p class=\"is-style-default\">Les machines innovantes dont l\u2019usine \u00e0 \u00e9t\u00e9 \u00e9quip\u00e9e optimisent les proc\u00e9d\u00e9s de production, afin de minimiser leur empreinte sur l\u2019environnement. Tout cela, en plus des mati\u00e8res premi\u00e8res et des composants appropri\u00e9s, permet de produire de jeux qui ne sont pas qu\u2019\u00e9cologiques de nom \u2013 mais verts \u00e0 la base!<\/p>\n<\/div>\n<\/div>\n","protected":false},"excerpt":{"rendered":"<p>\u00c0 quoi bon le plastique?Jouons \u00e0 carton-papier-ciseaux! Papier, carton, bois\u2026 Quoi vouloir de plus&nbsp;? Peut-\u00eatre quelques certificats attestant de la conformit\u00e9 de leur obtention. Cela, nous l\u2019avons aussi! Dans nos jeux, nous avons remplac\u00e9 le plastique par des mat\u00e9riaux naturels&nbsp;: du bois, du carton et du papier avec certificat FSC, des tissus en coton certifi\u00e9s OEKO-TEX, et un mat\u00e9riau transparent et compostable. Ces mat\u00e9riaux peuvent \u00eatre recycl\u00e9s ou sont pleinement compostables. Tout cela sans toucher \u00e0 la qualit\u00e9 des jeux. C\u2019est bien vert, n\u2019est-ce pas? Vert \u00e0 la base Notre usine \u00e9co, lanc\u00e9e en 2020 regorge litt\u00e9ralement de solutions innovanteset vertes. Au-del\u00e0 de son installation photovolta\u00efque, le b\u00e2timent a \u00e9t\u00e9 \u00e9quip\u00e9en pompes \u00e0 chaleur \u00e0 gaz, tandis que l&#8217;eau de pluie est utilis\u00e9e dans ses syst\u00e8mes sanitaires. L&#8217;ensemble a \u00e9t\u00e9 r\u00e9alis\u00e9 dans la variante \u00ab&nbsp;Usine verte&nbsp;\u00bb, conform\u00e9ment \u00e0 la certification BREEAM. Cela signifie entre autres que des fournisseurs et sous-traitants locaux ont \u00e9t\u00e9 utilis\u00e9s pendant la construction, ce qui a diminu\u00e9 les \u00e9missions nocives. Les machines innovantes dont l\u2019usine \u00e0 \u00e9t\u00e9 \u00e9quip\u00e9e optimisent les proc\u00e9d\u00e9s de production, afin de minimiser leur empreinte sur l\u2019environnement. Tout cela, en plus des mati\u00e8res premi\u00e8res et des composants appropri\u00e9s, permet de produire de jeux qui ne sont pas qu\u2019\u00e9cologiques de nom \u2013 mais verts \u00e0 la base!<\/p>\n","protected":false},"author":1,"featured_media":0,"parent":0,"menu_order":5,"comment_status":"closed","ping_status":"closed","template":"templates\/home.php","meta":{"inline_featured_image":false,"footnotes":""},"acf":[],"_links":{"self":[{"href":"https:\/\/dev.papercut.pl\/ecofriendlygame\/wp-json\/wp\/v2\/pages\/479"}],"collection":[{"href":"https:\/\/dev.papercut.pl\/ecofriendlygame\/wp-json\/wp\/v2\/pages"}],"about":[{"href":"https:\/\/dev.papercut.pl\/ecofriendlygame\/wp-json\/wp\/v2\/types\/page"}],"author":[{"embeddable":true,"href":"https:\/\/dev.papercut.pl\/ecofriendlygame\/wp-json\/wp\/v2\/users\/1"}],"replies":[{"embeddable":true,"href":"https:\/\/dev.papercut.pl\/ecofriendlygame\/wp-json\/wp\/v2\/comments?post=479"}],"version-history":[{"count":4,"href":"https:\/\/dev.papercut.pl\/ecofriendlygame\/wp-json\/wp\/v2\/pages\/479\/revisions"}],"predecessor-version":[{"id":570,"href":"https:\/\/dev.papercut.pl\/ecofriendlygame\/wp-json\/wp\/v2\/pages\/479\/revisions\/570"}],"wp:attachment":[{"href":"https:\/\/dev.papercut.pl\/ecofriendlygame\/wp-json\/wp\/v2\/media?parent=479"}],"curies":[{"name":"wp","href":"https:\/\/api.w.org\/{rel}","templated":true}]}}