{"id":465,"date":"2023-10-04T14:36:28","date_gmt":"2023-10-04T12:36:28","guid":{"rendered":"https:\/\/dev.papercut.pl\/ecofriendlygame\/?page_id=465"},"modified":"2023-10-04T14:36:28","modified_gmt":"2023-10-04T12:36:28","slug":"contact","status":"publish","type":"page","link":"https:\/\/dev.papercut.pl\/ecofriendlygame\/en\/contact\/","title":{"rendered":"Contact"},"content":{"rendered":"\n<figure class=\"wp-block-image size-full is-resized logo\"><img decoding=\"async\" loading=\"lazy\" src=\"https:\/\/dev.papercut.pl\/ecofriendlygame\/wp-content\/uploads\/2023\/08\/eco-logo.png\" alt=\"\" class=\"wp-image-171\" style=\"width:216px;height:79px\" width=\"216\" height=\"79\" srcset=\"https:\/\/dev.papercut.pl\/ecofriendlygame\/wp-content\/uploads\/2023\/08\/eco-logo.png 448w, https:\/\/dev.papercut.pl\/ecofriendlygame\/wp-content\/uploads\/2023\/08\/eco-logo-300x110.png 300w, https:\/\/dev.papercut.pl\/ecofriendlygame\/wp-content\/uploads\/2023\/08\/eco-logo-49x18.png 49w, https:\/\/dev.papercut.pl\/ecofriendlygame\/wp-content\/uploads\/2023\/08\/eco-logo-121x44.png 121w\" sizes=\"(max-width: 216px) 100vw, 216px\" \/><\/figure>\n\n\n\n<p class=\"contactRow mail\"><a href=\"mailto:info@ecofriendlygame.com\">info@ecofriendlygame.com<\/a><\/p>\n\n\n\n<p class=\"contactRow phone\">+48 12 630 44 00<\/p>\n\n\n\n<p class=\"contactRow address\">Pod\u0142\u0119\u017ce 650, 32-003 Pod\u0142\u0119\u017ce<\/p>\n","protected":false},"excerpt":{"rendered":"<p>info@ecofriendlygame.com +48 12 630 44 00 Pod\u0142\u0119\u017ce 650, 32-003 Pod\u0142\u0119\u017ce<\/p>\n","protected":false},"author":1,"featured_media":0,"parent":0,"menu_order":39,"comment_status":"closed","ping_status":"closed","template":"templates\/contact.php","meta":{"inline_featured_image":false,"footnotes":""},"acf":[],"_links":{"self":[{"href":"https:\/\/dev.papercut.pl\/ecofriendlygame\/wp-json\/wp\/v2\/pages\/465"}],"collection":[{"href":"https:\/\/dev.papercut.pl\/ecofriendlygame\/wp-json\/wp\/v2\/pages"}],"about":[{"href":"https:\/\/dev.papercut.pl\/ecofriendlygame\/wp-json\/wp\/v2\/types\/page"}],"author":[{"embeddable":true,"href":"https:\/\/dev.papercut.pl\/ecofriendlygame\/wp-json\/wp\/v2\/users\/1"}],"replies":[{"embeddable":true,"href":"https:\/\/dev.papercut.pl\/ecofriendlygame\/wp-json\/wp\/v2\/comments?post=465"}],"version-history":[{"count":2,"href":"https:\/\/dev.papercut.pl\/ecofriendlygame\/wp-json\/wp\/v2\/pages\/465\/revisions"}],"predecessor-version":[{"id":467,"href":"https:\/\/dev.papercut.pl\/ecofriendlygame\/wp-json\/wp\/v2\/pages\/465\/revisions\/467"}],"wp:attachment":[{"href":"https:\/\/dev.papercut.pl\/ecofriendlygame\/wp-json\/wp\/v2\/media?parent=465"}],"curies":[{"name":"wp","href":"https:\/\/api.w.org\/{rel}","templated":true}]}}