{"id":398,"date":"2023-10-02T13:52:40","date_gmt":"2023-10-02T11:52:40","guid":{"rendered":"https:\/\/dev.papercut.pl\/ecofriendlygame\/?page_id=398"},"modified":"2023-10-02T13:52:40","modified_gmt":"2023-10-02T11:52:40","slug":"ecofriendly-game-4","status":"publish","type":"page","link":"https:\/\/dev.papercut.pl\/ecofriendlygame\/it\/ecofriendly-game-4\/","title":{"rendered":"Ecofriendly Game"},"content":{"rendered":"\n<div class=\"wp-block-columns are-vertically-aligned-center is-style-mobile-reverse is-layout-flex wp-container-3 wp-block-columns-is-layout-flex\">\n<div class=\"wp-block-column is-vertically-aligned-center is-layout-flow wp-block-column-is-layout-flow\">\n<h3 class=\"wp-block-heading noMarginTop has-green-color has-text-color\">Le materie prime per scatole, carte, tabelloni e altri componenti in cartone sono tutte provviste di certificato FSC.<\/h3>\n\n\n\n<p><strong>La certificazione FSC \u00e8 una garanzia per la tutela dei sistemi forestali, e quindi rappresenta una strategia indispensabile nella lotta ai cambiamenti climatici.<\/strong><\/p>\n\n\n\n<p>L&#8217;FSC garantisce la protezione delle foreste dal disboscamento illegale, dal degrado dei popolamenti e dalla deforestazione nelle aree certificate. Chi acquista prodotti con il marchio FSC contribuisce alla protezione degli ecosistemi forestali e quindi alla riduzione dell&#8217;impatto dei cambiamenti climatici. \u00c8 tutto cos\u00ec semplice!<\/p>\n\n\n\n<p><\/p>\n<\/div>\n\n\n\n<div class=\"wp-block-column is-vertically-aligned-center is-style-to-right-edge is-layout-flow wp-block-column-is-layout-flow\">\n<figure class=\"wp-block-image size-full noMarginBottom\"><img decoding=\"async\" loading=\"lazy\" width=\"814\" height=\"456\" src=\"https:\/\/dev.papercut.pl\/ecofriendlygame\/wp-content\/uploads\/2023\/08\/ecofriendly-1.png\" alt=\"\" class=\"wp-image-123\" srcset=\"https:\/\/dev.papercut.pl\/ecofriendlygame\/wp-content\/uploads\/2023\/08\/ecofriendly-1.png 814w, https:\/\/dev.papercut.pl\/ecofriendlygame\/wp-content\/uploads\/2023\/08\/ecofriendly-1-300x168.png 300w, https:\/\/dev.papercut.pl\/ecofriendlygame\/wp-content\/uploads\/2023\/08\/ecofriendly-1-768x430.png 768w, https:\/\/dev.papercut.pl\/ecofriendlygame\/wp-content\/uploads\/2023\/08\/ecofriendly-1-49x27.png 49w, https:\/\/dev.papercut.pl\/ecofriendlygame\/wp-content\/uploads\/2023\/08\/ecofriendly-1-121x68.png 121w\" sizes=\"(max-width: 814px) 100vw, 814px\" \/><\/figure>\n<\/div>\n<\/div>\n\n\n\n<div class=\"wp-block-columns are-vertically-aligned-center is-layout-flex wp-container-6 wp-block-columns-is-layout-flex\">\n<div class=\"wp-block-column is-vertically-aligned-center is-style-to-left-edge is-layout-flow wp-block-column-is-layout-flow\">\n<figure class=\"wp-block-image size-full noMarginBottom\"><img decoding=\"async\" loading=\"lazy\" width=\"814\" height=\"456\" src=\"https:\/\/dev.papercut.pl\/ecofriendlygame\/wp-content\/uploads\/2023\/08\/ecofriendly-2.png\" alt=\"\" class=\"wp-image-124\" srcset=\"https:\/\/dev.papercut.pl\/ecofriendlygame\/wp-content\/uploads\/2023\/08\/ecofriendly-2.png 814w, https:\/\/dev.papercut.pl\/ecofriendlygame\/wp-content\/uploads\/2023\/08\/ecofriendly-2-300x168.png 300w, https:\/\/dev.papercut.pl\/ecofriendlygame\/wp-content\/uploads\/2023\/08\/ecofriendly-2-768x430.png 768w, https:\/\/dev.papercut.pl\/ecofriendlygame\/wp-content\/uploads\/2023\/08\/ecofriendly-2-49x27.png 49w, https:\/\/dev.papercut.pl\/ecofriendlygame\/wp-content\/uploads\/2023\/08\/ecofriendly-2-121x68.png 121w\" sizes=\"(max-width: 814px) 100vw, 814px\" \/><\/figure>\n<\/div>\n\n\n\n<div class=\"wp-block-column is-vertically-aligned-center is-layout-flow wp-block-column-is-layout-flow\">\n<h3 class=\"wp-block-heading noMarginTop has-green-color has-text-color\">Soluzioni pronte per l&#8217;uso<\/h3>\n\n\n\n<p><strong>Suggeriamo agli editori di scegliere i formati delle carte e delle confezioni da un pool di soluzioni standardizzate che sono state sviluppate in modo che la produzione consumi la minor energia possibile.<\/strong><\/p>\n\n\n\n<p>Questo garantisce che la fabbrica lavori nel modo pi\u00f9 ottimale in termini di costi energetici generati.Perch\u00e9 \u00e8 risaputo che, ai nostri giorni, meno \u00e8 meglio!<\/p>\n<\/div>\n<\/div>\n\n\n\n<div class=\"wp-block-columns are-vertically-aligned-center is-style-mobile-reverse is-layout-flex wp-container-9 wp-block-columns-is-layout-flex\">\n<div class=\"wp-block-column is-vertically-aligned-center is-layout-flow wp-block-column-is-layout-flow\">\n<h3 class=\"wp-block-heading noMarginTop has-green-color has-text-color\">Tinture e vernici<\/h3>\n\n\n\n<p><strong>I giochi ecofriendly comprendono anche tinture e vernici a base di oli vegetali e, inoltre, sicure per i bambini, utilizzate anche nell&#8217;industria alimentare.<\/strong><\/p>\n\n\n\n<p>I colori possono essere scelti da una gamma CMYK quasi illimitata e da una tavolozza Pantone di base. I giochi sono stampati su macchine offset a pieno formato all&#8217;avanguardia, ovviamente alimentate da energia rinnovabile!<\/p>\n<\/div>\n\n\n\n<div class=\"wp-block-column is-vertically-aligned-center is-style-to-right-edge is-layout-flow wp-block-column-is-layout-flow\">\n<figure class=\"wp-block-image size-full noMarginBottom\"><img decoding=\"async\" loading=\"lazy\" width=\"814\" height=\"456\" src=\"https:\/\/dev.papercut.pl\/ecofriendlygame\/wp-content\/uploads\/2023\/08\/ecofriendly-3.png\" alt=\"\" class=\"wp-image-128\" srcset=\"https:\/\/dev.papercut.pl\/ecofriendlygame\/wp-content\/uploads\/2023\/08\/ecofriendly-3.png 814w, https:\/\/dev.papercut.pl\/ecofriendlygame\/wp-content\/uploads\/2023\/08\/ecofriendly-3-300x168.png 300w, https:\/\/dev.papercut.pl\/ecofriendlygame\/wp-content\/uploads\/2023\/08\/ecofriendly-3-768x430.png 768w, https:\/\/dev.papercut.pl\/ecofriendlygame\/wp-content\/uploads\/2023\/08\/ecofriendly-3-49x27.png 49w, https:\/\/dev.papercut.pl\/ecofriendlygame\/wp-content\/uploads\/2023\/08\/ecofriendly-3-121x68.png 121w\" sizes=\"(max-width: 814px) 100vw, 814px\" \/><\/figure>\n<\/div>\n<\/div>\n\n\n\n<div class=\"wp-block-columns are-vertically-aligned-center is-layout-flex wp-container-12 wp-block-columns-is-layout-flex\">\n<div class=\"wp-block-column is-vertically-aligned-center is-style-to-left-edge is-layout-flow wp-block-column-is-layout-flow\">\n<figure class=\"wp-block-image size-full noMarginBottom\"><img decoding=\"async\" loading=\"lazy\" width=\"814\" height=\"456\" src=\"https:\/\/dev.papercut.pl\/ecofriendlygame\/wp-content\/uploads\/2023\/08\/ecofriendly-4.png\" alt=\"\" class=\"wp-image-129\" srcset=\"https:\/\/dev.papercut.pl\/ecofriendlygame\/wp-content\/uploads\/2023\/08\/ecofriendly-4.png 814w, https:\/\/dev.papercut.pl\/ecofriendlygame\/wp-content\/uploads\/2023\/08\/ecofriendly-4-300x168.png 300w, https:\/\/dev.papercut.pl\/ecofriendlygame\/wp-content\/uploads\/2023\/08\/ecofriendly-4-768x430.png 768w, https:\/\/dev.papercut.pl\/ecofriendlygame\/wp-content\/uploads\/2023\/08\/ecofriendly-4-49x27.png 49w, https:\/\/dev.papercut.pl\/ecofriendlygame\/wp-content\/uploads\/2023\/08\/ecofriendly-4-121x68.png 121w\" sizes=\"(max-width: 814px) 100vw, 814px\" \/><\/figure>\n<\/div>\n\n\n\n<div class=\"wp-block-column is-vertically-aligned-center is-layout-flow wp-block-column-is-layout-flow\">\n<h3 class=\"wp-block-heading noMarginTop has-green-color has-text-color\">Colle sicure<\/h3>\n\n\n\n<p><strong>La colla \u00e8 essenziale per la finitura di pannelli, scatole e per l&#8217;assemblaggio di elementi in cartone \u2013 e per noi \u00e8 essenziale che sia innocua.<\/strong><\/p>\n\n\n\n<p>Per i giochi realizzati con il sistema Ecofriendly, scegliamo adesivi che siano compostabili nella quantit\u00e0 utilizzata, senza lasciare sostanze tossiche per l&#8217;ambiente.<\/p>\n<\/div>\n<\/div>\n\n\n\n<div class=\"wp-block-columns are-vertically-aligned-center is-style-mobile-reverse is-layout-flex wp-container-15 wp-block-columns-is-layout-flex\">\n<div class=\"wp-block-column is-vertically-aligned-center is-layout-flow wp-block-column-is-layout-flow\">\n<h3 class=\"wp-block-heading noMarginTop has-green-color has-text-color\">Pedine, dadi, segnalini\u2026<\/h3>\n\n\n\n<p><strong>\u2026non hanno bisogno di un grammo di plastica. L&#8217;hanno sostituita con materie prime naturali come il legno, la carta o il cartone \u2013 con certificato FSC, sia chiaro!<\/strong><\/p>\n\n\n\n<p>E con cosa abbiamo le bustine di plastica per i componenti? Con bustine in cotone! Provviste di certificato OEKO-TEX! Inoltre, confezioniamo i componenti del gioco in sacchetti di carta compostabili e in scatole di cartone. Si pu\u00f2 fare? Certo che si pu\u00f2!<\/p>\n<\/div>\n\n\n\n<div class=\"wp-block-column is-vertically-aligned-center is-style-to-right-edge is-layout-flow wp-block-column-is-layout-flow\">\n<figure class=\"wp-block-image size-full noMarginBottom\"><img decoding=\"async\" loading=\"lazy\" width=\"814\" height=\"456\" src=\"https:\/\/dev.papercut.pl\/ecofriendlygame\/wp-content\/uploads\/2023\/08\/ecofriendly-5.png\" alt=\"\" class=\"wp-image-130\" srcset=\"https:\/\/dev.papercut.pl\/ecofriendlygame\/wp-content\/uploads\/2023\/08\/ecofriendly-5.png 814w, https:\/\/dev.papercut.pl\/ecofriendlygame\/wp-content\/uploads\/2023\/08\/ecofriendly-5-300x168.png 300w, https:\/\/dev.papercut.pl\/ecofriendlygame\/wp-content\/uploads\/2023\/08\/ecofriendly-5-768x430.png 768w, https:\/\/dev.papercut.pl\/ecofriendlygame\/wp-content\/uploads\/2023\/08\/ecofriendly-5-49x27.png 49w, https:\/\/dev.papercut.pl\/ecofriendlygame\/wp-content\/uploads\/2023\/08\/ecofriendly-5-121x68.png 121w\" sizes=\"(max-width: 814px) 100vw, 814px\" \/><\/figure>\n<\/div>\n<\/div>\n\n\n\n<div class=\"wp-block-columns are-vertically-aligned-center is-layout-flex wp-container-18 wp-block-columns-is-layout-flex\">\n<div class=\"wp-block-column is-vertically-aligned-center is-style-to-left-edge is-layout-flow wp-block-column-is-layout-flow\">\n<figure class=\"wp-block-image size-full noMarginBottom\"><img decoding=\"async\" loading=\"lazy\" width=\"814\" height=\"456\" src=\"https:\/\/dev.papercut.pl\/ecofriendlygame\/wp-content\/uploads\/2023\/08\/ecofriendly-8.png\" alt=\"\" class=\"wp-image-133\" srcset=\"https:\/\/dev.papercut.pl\/ecofriendlygame\/wp-content\/uploads\/2023\/08\/ecofriendly-8.png 814w, https:\/\/dev.papercut.pl\/ecofriendlygame\/wp-content\/uploads\/2023\/08\/ecofriendly-8-300x168.png 300w, https:\/\/dev.papercut.pl\/ecofriendlygame\/wp-content\/uploads\/2023\/08\/ecofriendly-8-768x430.png 768w, https:\/\/dev.papercut.pl\/ecofriendlygame\/wp-content\/uploads\/2023\/08\/ecofriendly-8-49x27.png 49w, https:\/\/dev.papercut.pl\/ecofriendlygame\/wp-content\/uploads\/2023\/08\/ecofriendly-8-121x68.png 121w\" sizes=\"(max-width: 814px) 100vw, 814px\" \/><\/figure>\n<\/div>\n\n\n\n<div class=\"wp-block-column is-vertically-aligned-center is-layout-flow wp-block-column-is-layout-flow\">\n<h3 class=\"wp-block-heading noMarginTop has-green-color has-text-color\">Carte compostabili<\/h3>\n\n\n\n<p><strong>I nostri giochi includono carte compostabili. \u00c8 molto pi\u00f9 della biodegradabilit\u00e0, che a volte viene usata come espediente di marketing, in quanto non garantisce la completa decomposizione in breve tempo.<\/strong><\/p>\n\n\n\n<p>I prodotti compostabili si decompongono completamente, senza alcuna traccia chimica, e il tempo di degradazione garantito \u00e8 inferiore a un anno. Non avevamo gi\u00e0 detto che il nostro gioco \u00e8 pulito?<\/p>\n<\/div>\n<\/div>\n\n\n\n<div class=\"wp-block-columns are-vertically-aligned-center is-style-mobile-reverse is-layout-flex wp-container-21 wp-block-columns-is-layout-flex\">\n<div class=\"wp-block-column is-vertically-aligned-center is-layout-flow wp-block-column-is-layout-flow\">\n<h3 class=\"wp-block-heading noMarginTop has-green-color has-text-color\">Prima partita, primi rifiuti<\/h3>\n\n\n\n<p><strong>Basta aprire le carte o il gioco per produrre i primi rifiuti. Nei giochi Ecofriendly<br>sono sempre rifiuti compostabili o riciclabili.<\/strong><\/p>\n\n\n\n<p>Le nostre soluzioni ecologiche includono il materiale trasparente compostabile in cui avvolgiamo carte e scatole da gioco. Esse possiedono anche adesivi compostabili. Oltre all&#8217;involucro, confezioniamo le carte con fascette di carta e carta riciclabile &#8211; con un po&#8217; di fortuna, rinasceranno sotto forma di documenti. In un certo senso, anche i rifiuti possono essere utili!!<\/p>\n<\/div>\n\n\n\n<div class=\"wp-block-column is-vertically-aligned-center is-style-to-right-edge is-layout-flow wp-block-column-is-layout-flow\">\n<figure class=\"wp-block-image size-full noMarginBottom\"><img decoding=\"async\" loading=\"lazy\" width=\"814\" height=\"456\" src=\"https:\/\/dev.papercut.pl\/ecofriendlygame\/wp-content\/uploads\/2023\/08\/ecofriendly-7.png\" alt=\"\" class=\"wp-image-132\" srcset=\"https:\/\/dev.papercut.pl\/ecofriendlygame\/wp-content\/uploads\/2023\/08\/ecofriendly-7.png 814w, https:\/\/dev.papercut.pl\/ecofriendlygame\/wp-content\/uploads\/2023\/08\/ecofriendly-7-300x168.png 300w, https:\/\/dev.papercut.pl\/ecofriendlygame\/wp-content\/uploads\/2023\/08\/ecofriendly-7-768x430.png 768w, https:\/\/dev.papercut.pl\/ecofriendlygame\/wp-content\/uploads\/2023\/08\/ecofriendly-7-49x27.png 49w, https:\/\/dev.papercut.pl\/ecofriendlygame\/wp-content\/uploads\/2023\/08\/ecofriendly-7-121x68.png 121w\" sizes=\"(max-width: 814px) 100vw, 814px\" \/><\/figure>\n<\/div>\n<\/div>\n\n\n\n<div class=\"wp-block-columns are-vertically-aligned-center is-layout-flex wp-container-24 wp-block-columns-is-layout-flex\">\n<div class=\"wp-block-column is-vertically-aligned-center is-style-to-left-edge is-layout-flow wp-block-column-is-layout-flow\">\n<figure class=\"wp-block-image size-full noMarginBottom\"><img decoding=\"async\" loading=\"lazy\" width=\"814\" height=\"456\" src=\"https:\/\/dev.papercut.pl\/ecofriendlygame\/wp-content\/uploads\/2023\/08\/ecofriendly-6.png\" alt=\"\" class=\"wp-image-131\" srcset=\"https:\/\/dev.papercut.pl\/ecofriendlygame\/wp-content\/uploads\/2023\/08\/ecofriendly-6.png 814w, https:\/\/dev.papercut.pl\/ecofriendlygame\/wp-content\/uploads\/2023\/08\/ecofriendly-6-300x168.png 300w, https:\/\/dev.papercut.pl\/ecofriendlygame\/wp-content\/uploads\/2023\/08\/ecofriendly-6-768x430.png 768w, https:\/\/dev.papercut.pl\/ecofriendlygame\/wp-content\/uploads\/2023\/08\/ecofriendly-6-49x27.png 49w, https:\/\/dev.papercut.pl\/ecofriendlygame\/wp-content\/uploads\/2023\/08\/ecofriendly-6-121x68.png 121w\" sizes=\"(max-width: 814px) 100vw, 814px\" \/><\/figure>\n<\/div>\n\n\n\n<div class=\"wp-block-column is-vertically-aligned-center is-layout-flow wp-block-column-is-layout-flow\">\n<h3 class=\"wp-block-heading noMarginTop has-green-color has-text-color\">Confezioni esterne<\/h3>\n\n\n\n<p><strong>Per l&#8217;imballaggio dei giochi Ecofriendly finiti, utilizziamo scatole di cartone certificato (s\u00ec, FSC!), per la produzione del quale viene utilizzato un minimo del 95% di materiale riciclato.<\/strong><\/p>\n\n\n\n<p>Perch\u00e9 ogni fase della produzione deve essere eco!<\/p>\n<\/div>\n<\/div>\n","protected":false},"excerpt":{"rendered":"<p>Le materie prime per scatole, carte, tabelloni e altri componenti in cartone sono tutte provviste di certificato FSC. La certificazione FSC \u00e8 una garanzia per la tutela dei sistemi forestali, e quindi rappresenta una strategia indispensabile nella lotta ai cambiamenti climatici. L&#8217;FSC garantisce la protezione delle foreste dal disboscamento illegale, dal degrado dei popolamenti e dalla deforestazione nelle aree certificate. Chi acquista prodotti con il marchio FSC contribuisce alla protezione degli ecosistemi forestali e quindi alla riduzione dell&#8217;impatto dei cambiamenti climatici. \u00c8 tutto cos\u00ec semplice! Soluzioni pronte per l&#8217;uso Suggeriamo agli editori di scegliere i formati delle carte e delle confezioni da un pool di soluzioni standardizzate che sono state sviluppate in modo che la produzione consumi la minor energia possibile. Questo garantisce che la fabbrica lavori nel modo pi\u00f9 ottimale in termini di costi energetici generati.Perch\u00e9 \u00e8 risaputo che, ai nostri giorni, meno \u00e8 meglio! Tinture e vernici I giochi ecofriendly comprendono anche tinture e vernici a base di oli vegetali e, inoltre, sicure per i bambini, utilizzate anche nell&#8217;industria alimentare. I colori possono essere scelti da una gamma CMYK quasi illimitata e da una tavolozza Pantone di base. I giochi sono stampati su macchine offset a pieno formato all&#8217;avanguardia, ovviamente alimentate da energia rinnovabile! Colle sicure La colla \u00e8 essenziale per la finitura di pannelli, scatole e per l&#8217;assemblaggio di elementi in cartone \u2013 e per noi \u00e8 essenziale che sia innocua. Per i giochi realizzati con il sistema Ecofriendly, scegliamo adesivi che siano compostabili nella quantit\u00e0 utilizzata, senza lasciare sostanze tossiche per l&#8217;ambiente. Pedine, dadi, segnalini\u2026 \u2026non hanno bisogno di un grammo di plastica. L&#8217;hanno sostituita con materie prime naturali come il legno, la carta o il cartone \u2013 con certificato FSC, sia chiaro! E con cosa abbiamo le bustine di plastica per i componenti? Con bustine in cotone! Provviste di certificato OEKO-TEX! Inoltre, confezioniamo i componenti del gioco in sacchetti di carta compostabili e in scatole di cartone. Si pu\u00f2 fare? Certo che si pu\u00f2! Carte compostabili I nostri giochi includono carte compostabili. \u00c8 molto pi\u00f9 della biodegradabilit\u00e0, che a volte viene usata come espediente di marketing, in quanto non garantisce la completa decomposizione in breve tempo. I prodotti compostabili si decompongono completamente, senza alcuna traccia chimica, e il tempo di degradazione garantito \u00e8 inferiore a un anno. Non avevamo gi\u00e0 detto che il nostro gioco \u00e8 pulito? Prima partita, primi rifiuti Basta aprire le carte o il gioco per produrre i primi rifiuti. Nei giochi Ecofriendlysono sempre rifiuti compostabili o riciclabili. Le nostre soluzioni ecologiche includono il materiale trasparente compostabile in cui avvolgiamo carte e scatole da gioco. Esse possiedono anche adesivi compostabili. Oltre all&#8217;involucro, confezioniamo le carte con fascette di carta e carta riciclabile &#8211; con un po&#8217; di fortuna, rinasceranno sotto forma di documenti. In un certo senso, anche i rifiuti possono essere utili!! Confezioni esterne Per l&#8217;imballaggio dei giochi Ecofriendly finiti, utilizziamo scatole di cartone certificato (s\u00ec, FSC!), per la produzione del quale viene utilizzato un minimo del 95% di materiale riciclato. Perch\u00e9 ogni fase della produzione deve essere eco!<\/p>\n","protected":false},"author":1,"featured_media":0,"parent":0,"menu_order":14,"comment_status":"closed","ping_status":"closed","template":"","meta":{"inline_featured_image":false,"footnotes":""},"acf":[],"_links":{"self":[{"href":"https:\/\/dev.papercut.pl\/ecofriendlygame\/wp-json\/wp\/v2\/pages\/398"}],"collection":[{"href":"https:\/\/dev.papercut.pl\/ecofriendlygame\/wp-json\/wp\/v2\/pages"}],"about":[{"href":"https:\/\/dev.papercut.pl\/ecofriendlygame\/wp-json\/wp\/v2\/types\/page"}],"author":[{"embeddable":true,"href":"https:\/\/dev.papercut.pl\/ecofriendlygame\/wp-json\/wp\/v2\/users\/1"}],"replies":[{"embeddable":true,"href":"https:\/\/dev.papercut.pl\/ecofriendlygame\/wp-json\/wp\/v2\/comments?post=398"}],"version-history":[{"count":2,"href":"https:\/\/dev.papercut.pl\/ecofriendlygame\/wp-json\/wp\/v2\/pages\/398\/revisions"}],"predecessor-version":[{"id":400,"href":"https:\/\/dev.papercut.pl\/ecofriendlygame\/wp-json\/wp\/v2\/pages\/398\/revisions\/400"}],"wp:attachment":[{"href":"https:\/\/dev.papercut.pl\/ecofriendlygame\/wp-json\/wp\/v2\/media?parent=398"}],"curies":[{"name":"wp","href":"https:\/\/api.w.org\/{rel}","templated":true}]}}