{"id":393,"date":"2023-10-02T13:27:46","date_gmt":"2023-10-02T11:27:46","guid":{"rendered":"https:\/\/dev.papercut.pl\/ecofriendlygame\/?page_id=393"},"modified":"2023-10-17T10:28:59","modified_gmt":"2023-10-17T08:28:59","slug":"home","status":"publish","type":"page","link":"https:\/\/dev.papercut.pl\/ecofriendlygame\/it\/home\/","title":{"rendered":"Home"},"content":{"rendered":"\n<div class=\"wp-block-columns are-vertically-aligned-center is-style-mobile-reverse is-layout-flex wp-container-3 wp-block-columns-is-layout-flex\">\n<div class=\"wp-block-column is-vertically-aligned-center is-layout-flow wp-block-column-is-layout-flow\">\n<h3 class=\"wp-block-heading noMarginTop has-green-color has-text-color\">Perch\u00e9 usare la plastica?<br>Giochiamo a carta, cartone, forbici!<\/h3>\n\n\n\n<p class=\"is-style-default\"><strong>Carta, cartone, legno\u2026 E cosa si pu\u00f2 volere di pi\u00f9? Forse qualche certificato che ne garantisca la provenienza sicura. Se \u00e8 per questo, noi ce l\u2019abbiamo!<\/strong><\/p>\n\n\n\n<p class=\"is-style-default\">Nei nostri giochi abbiamo sostituito la plastica con materie prime naturali: legno, carta e cartone certificati FSC, tessuto di cotone certificato OEKO-TEX, materiale trasparente compostabile. Questi materiali sono riciclabili o completamente compostabili. Il tutto senza alcuna perdita di qualit\u00e0 del gioco. Avanti tutta verso il verde!<\/p>\n<\/div>\n\n\n\n<div class=\"wp-block-column is-vertically-aligned-center is-style-to-right-edge is-layout-flow wp-block-column-is-layout-flow\">\n<figure class=\"wp-block-image size-full noMarginBottom\"><img decoding=\"async\" loading=\"lazy\" width=\"814\" height=\"572\" src=\"https:\/\/dev.papercut.pl\/ecofriendlygame\/wp-content\/uploads\/2023\/08\/po-c-plastik.png\" alt=\"\" class=\"wp-image-81\" srcset=\"https:\/\/dev.papercut.pl\/ecofriendlygame\/wp-content\/uploads\/2023\/08\/po-c-plastik.png 814w, https:\/\/dev.papercut.pl\/ecofriendlygame\/wp-content\/uploads\/2023\/08\/po-c-plastik-300x211.png 300w, https:\/\/dev.papercut.pl\/ecofriendlygame\/wp-content\/uploads\/2023\/08\/po-c-plastik-768x540.png 768w, https:\/\/dev.papercut.pl\/ecofriendlygame\/wp-content\/uploads\/2023\/08\/po-c-plastik-49x34.png 49w, https:\/\/dev.papercut.pl\/ecofriendlygame\/wp-content\/uploads\/2023\/08\/po-c-plastik-121x85.png 121w\" sizes=\"(max-width: 814px) 100vw, 814px\" \/><\/figure>\n<\/div>\n<\/div>\n\n\n\n<div class=\"wp-block-buttons is-content-justification-center is-layout-flex wp-container-4 wp-block-buttons-is-layout-flex\">\n<div class=\"wp-block-button\"><a class=\"wp-block-button__link has-white-color has-raspberry-background-color has-text-color has-background wp-element-button\" href=\"https:\/\/dev.papercut.pl\/ecofriendlygame\/it\/eco-blog\/\">Consulta il nostro eco-manuale<\/a><\/div>\n<\/div>\n\n\n\n<div class=\"wp-block-columns are-vertically-aligned-center is-layout-flex wp-container-7 wp-block-columns-is-layout-flex\">\n<div class=\"wp-block-column is-vertically-aligned-center is-style-to-left-edge is-layout-flow wp-block-column-is-layout-flow\">\n<figure class=\"wp-block-image size-full\"><img decoding=\"async\" loading=\"lazy\" width=\"813\" height=\"456\" src=\"https:\/\/dev.papercut.pl\/ecofriendlygame\/wp-content\/uploads\/2023\/08\/zielone-od-podstaw.png\" alt=\"\" class=\"wp-image-99\" srcset=\"https:\/\/dev.papercut.pl\/ecofriendlygame\/wp-content\/uploads\/2023\/08\/zielone-od-podstaw.png 813w, https:\/\/dev.papercut.pl\/ecofriendlygame\/wp-content\/uploads\/2023\/08\/zielone-od-podstaw-300x168.png 300w, https:\/\/dev.papercut.pl\/ecofriendlygame\/wp-content\/uploads\/2023\/08\/zielone-od-podstaw-768x431.png 768w, https:\/\/dev.papercut.pl\/ecofriendlygame\/wp-content\/uploads\/2023\/08\/zielone-od-podstaw-49x27.png 49w, https:\/\/dev.papercut.pl\/ecofriendlygame\/wp-content\/uploads\/2023\/08\/zielone-od-podstaw-121x68.png 121w\" sizes=\"(max-width: 813px) 100vw, 813px\" \/><\/figure>\n<\/div>\n\n\n\n<div class=\"wp-block-column is-vertically-aligned-center is-layout-flow wp-block-column-is-layout-flow\">\n<h2 class=\"wp-block-heading noMarginTop has-green-color has-text-color\">Verdi in ogni aspetto<\/h2>\n\n\n\n<p>Inaugurata nel 2020, l&#8217;eco-fabbrica \u00e8 piena zeppa di soluzioni innovative ed ecologiche. Oltre a un impianto fotovoltaico, l&#8217;edificio \u00e8 stato dotato di pompe di calore a gas e di impianti sanitari che utilizzano l&#8217;acqua piovana. L&#8217;intero investimento \u00e8 stato effettuato nella variante &#8222;Green Factory&#8221;, secondo la certificazione BREEAM. Ci\u00f2 significa, tra l&#8217;altro, che durante la costruzione sono stati utilizzati fornitori e subappaltatori locali, con una conseguente riduzione delle emissioni di gas.<\/p>\n<\/div>\n<\/div>\n","protected":false},"excerpt":{"rendered":"<p>Perch\u00e9 usare la plastica?Giochiamo a carta, cartone, forbici! Carta, cartone, legno\u2026 E cosa si pu\u00f2 volere di pi\u00f9? Forse qualche certificato che ne garantisca la provenienza sicura. Se \u00e8 per questo, noi ce l\u2019abbiamo! Nei nostri giochi abbiamo sostituito la plastica con materie prime naturali: legno, carta e cartone certificati FSC, tessuto di cotone certificato OEKO-TEX, materiale trasparente compostabile. Questi materiali sono riciclabili o completamente compostabili. Il tutto senza alcuna perdita di qualit\u00e0 del gioco. Avanti tutta verso il verde! Verdi in ogni aspetto Inaugurata nel 2020, l&#8217;eco-fabbrica \u00e8 piena zeppa di soluzioni innovative ed ecologiche. Oltre a un impianto fotovoltaico, l&#8217;edificio \u00e8 stato dotato di pompe di calore a gas e di impianti sanitari che utilizzano l&#8217;acqua piovana. L&#8217;intero investimento \u00e8 stato effettuato nella variante &#8222;Green Factory&#8221;, secondo la certificazione BREEAM. Ci\u00f2 significa, tra l&#8217;altro, che durante la costruzione sono stati utilizzati fornitori e subappaltatori locali, con una conseguente riduzione delle emissioni di gas.<\/p>\n","protected":false},"author":1,"featured_media":0,"parent":0,"menu_order":3,"comment_status":"closed","ping_status":"open","template":"templates\/home.php","meta":{"inline_featured_image":false,"footnotes":""},"acf":[],"_links":{"self":[{"href":"https:\/\/dev.papercut.pl\/ecofriendlygame\/wp-json\/wp\/v2\/pages\/393"}],"collection":[{"href":"https:\/\/dev.papercut.pl\/ecofriendlygame\/wp-json\/wp\/v2\/pages"}],"about":[{"href":"https:\/\/dev.papercut.pl\/ecofriendlygame\/wp-json\/wp\/v2\/types\/page"}],"author":[{"embeddable":true,"href":"https:\/\/dev.papercut.pl\/ecofriendlygame\/wp-json\/wp\/v2\/users\/1"}],"replies":[{"embeddable":true,"href":"https:\/\/dev.papercut.pl\/ecofriendlygame\/wp-json\/wp\/v2\/comments?post=393"}],"version-history":[{"count":7,"href":"https:\/\/dev.papercut.pl\/ecofriendlygame\/wp-json\/wp\/v2\/pages\/393\/revisions"}],"predecessor-version":[{"id":565,"href":"https:\/\/dev.papercut.pl\/ecofriendlygame\/wp-json\/wp\/v2\/pages\/393\/revisions\/565"}],"wp:attachment":[{"href":"https:\/\/dev.papercut.pl\/ecofriendlygame\/wp-json\/wp\/v2\/media?parent=393"}],"curies":[{"name":"wp","href":"https:\/\/api.w.org\/{rel}","templated":true}]}}