{"id":359,"date":"2023-10-02T12:28:51","date_gmt":"2023-10-02T10:28:51","guid":{"rendered":"https:\/\/dev.papercut.pl\/ecofriendlygame\/?page_id=359"},"modified":"2023-10-02T13:34:44","modified_gmt":"2023-10-02T11:34:44","slug":"ecofriendly-game-3","status":"publish","type":"page","link":"https:\/\/dev.papercut.pl\/ecofriendlygame\/es\/ecofriendly-game-3\/","title":{"rendered":"Ecofriendly Game"},"content":{"rendered":"\n<div class=\"wp-block-columns are-vertically-aligned-center is-style-mobile-reverse is-layout-flex wp-container-3 wp-block-columns-is-layout-flex\">\n<div class=\"wp-block-column is-vertically-aligned-center is-layout-flow wp-block-column-is-layout-flow\">\n<h3 class=\"wp-block-heading noMarginTop has-green-color has-text-color\">Materias primas para las cajas, las cartas, los tableros y otros elementos de cart\u00f3n exclusivamente con certificado FSC.<\/h3>\n\n\n\n<p><strong>El certificado FSC es una garant\u00eda de protecci\u00f3n de los sistemas forestales y por lo tanto una estrategia insustituible en la lucha contra el cambio clim\u00e1tico.<\/strong><\/p>\n\n\n\n<p>FSC garantiza la protecci\u00f3n de los bosques frente a la obtenci\u00f3n ilegal de madera, la degradaci\u00f3n del arbolado, as\u00ed como la deforestaci\u00f3n de las zonas sometidas a certificaci\u00f3n. Los compradores de productos con la marca FSC contribuyen a la protecci\u00f3n de los ecosistemas forestales y, por lo tanto, a reducir la influencia del cambio clim\u00e1tico. \u00a1As\u00ed de sencillo!<\/p>\n<\/div>\n\n\n\n<div class=\"wp-block-column is-vertically-aligned-center is-style-to-right-edge is-layout-flow wp-block-column-is-layout-flow\">\n<figure class=\"wp-block-image size-full noMarginBottom\"><img decoding=\"async\" loading=\"lazy\" width=\"814\" height=\"456\" src=\"https:\/\/dev.papercut.pl\/ecofriendlygame\/wp-content\/uploads\/2023\/08\/ecofriendly-1.png\" alt=\"\" class=\"wp-image-123\" srcset=\"https:\/\/dev.papercut.pl\/ecofriendlygame\/wp-content\/uploads\/2023\/08\/ecofriendly-1.png 814w, https:\/\/dev.papercut.pl\/ecofriendlygame\/wp-content\/uploads\/2023\/08\/ecofriendly-1-300x168.png 300w, https:\/\/dev.papercut.pl\/ecofriendlygame\/wp-content\/uploads\/2023\/08\/ecofriendly-1-768x430.png 768w, https:\/\/dev.papercut.pl\/ecofriendlygame\/wp-content\/uploads\/2023\/08\/ecofriendly-1-49x27.png 49w, https:\/\/dev.papercut.pl\/ecofriendlygame\/wp-content\/uploads\/2023\/08\/ecofriendly-1-121x68.png 121w\" sizes=\"(max-width: 814px) 100vw, 814px\" \/><\/figure>\n<\/div>\n<\/div>\n\n\n\n<div class=\"wp-block-columns are-vertically-aligned-center is-layout-flex wp-container-6 wp-block-columns-is-layout-flex\">\n<div class=\"wp-block-column is-vertically-aligned-center is-style-to-left-edge is-layout-flow wp-block-column-is-layout-flow\">\n<figure class=\"wp-block-image size-full noMarginBottom\"><img decoding=\"async\" loading=\"lazy\" width=\"814\" height=\"456\" src=\"https:\/\/dev.papercut.pl\/ecofriendlygame\/wp-content\/uploads\/2023\/08\/ecofriendly-2.png\" alt=\"\" class=\"wp-image-124\" srcset=\"https:\/\/dev.papercut.pl\/ecofriendlygame\/wp-content\/uploads\/2023\/08\/ecofriendly-2.png 814w, https:\/\/dev.papercut.pl\/ecofriendlygame\/wp-content\/uploads\/2023\/08\/ecofriendly-2-300x168.png 300w, https:\/\/dev.papercut.pl\/ecofriendlygame\/wp-content\/uploads\/2023\/08\/ecofriendly-2-768x430.png 768w, https:\/\/dev.papercut.pl\/ecofriendlygame\/wp-content\/uploads\/2023\/08\/ecofriendly-2-49x27.png 49w, https:\/\/dev.papercut.pl\/ecofriendlygame\/wp-content\/uploads\/2023\/08\/ecofriendly-2-121x68.png 121w\" sizes=\"(max-width: 814px) 100vw, 814px\" \/><\/figure>\n<\/div>\n\n\n\n<div class=\"wp-block-column is-vertically-aligned-center is-layout-flow wp-block-column-is-layout-flow\">\n<h3 class=\"wp-block-heading noMarginTop has-green-color has-text-color\">Soluciones listas<\/h3>\n\n\n\n<p><strong>Sugerimos a los editores la elecci\u00f3n de formatos de cartas y envases de un conjunto de soluciones estandarizadas, que han sido desarrolladas de manera que la producci\u00f3n consuma la menor cantidad de energ\u00eda posible.<\/strong><\/p>\n\n\n\n<p>Gracias a esto la f\u00e1brica funciona de la manera \u00f3ptima desde el punto de vista de los costes energ\u00e9ticos generados. \u00a1Porque ya se sabe que hoy menos significa m\u00e1s!<\/p>\n<\/div>\n<\/div>\n\n\n\n<div class=\"wp-block-columns are-vertically-aligned-center is-style-mobile-reverse is-layout-flex wp-container-9 wp-block-columns-is-layout-flex\">\n<div class=\"wp-block-column is-vertically-aligned-center is-layout-flow wp-block-column-is-layout-flow\">\n<h3 class=\"wp-block-heading noMarginTop has-green-color has-text-color\">Pinturas y barnices<\/h3>\n\n\n\n<p><strong>Los juegos Ecofriendly tambi\u00e9n son pinturas y barnices a base de aceites vegetales, adem\u00e1s de seguros para los ni\u00f1os, que tambi\u00e9n son empleados en la industria alimentaria.<\/strong><\/p>\n\n\n\n<p>Pueden elegirse colores de una gama casi ilimitada CMYK y la paleta b\u00e1sica Pantone. Los juegos son impresos en modernas m\u00e1quinas offset de formato completo: \u00a1alimentadas por energ\u00eda renovable, por supuesto!<\/p>\n<\/div>\n\n\n\n<div class=\"wp-block-column is-vertically-aligned-center is-style-to-right-edge is-layout-flow wp-block-column-is-layout-flow\">\n<figure class=\"wp-block-image size-full noMarginBottom\"><img decoding=\"async\" loading=\"lazy\" width=\"814\" height=\"456\" src=\"https:\/\/dev.papercut.pl\/ecofriendlygame\/wp-content\/uploads\/2023\/08\/ecofriendly-3.png\" alt=\"\" class=\"wp-image-128\" srcset=\"https:\/\/dev.papercut.pl\/ecofriendlygame\/wp-content\/uploads\/2023\/08\/ecofriendly-3.png 814w, https:\/\/dev.papercut.pl\/ecofriendlygame\/wp-content\/uploads\/2023\/08\/ecofriendly-3-300x168.png 300w, https:\/\/dev.papercut.pl\/ecofriendlygame\/wp-content\/uploads\/2023\/08\/ecofriendly-3-768x430.png 768w, https:\/\/dev.papercut.pl\/ecofriendlygame\/wp-content\/uploads\/2023\/08\/ecofriendly-3-49x27.png 49w, https:\/\/dev.papercut.pl\/ecofriendlygame\/wp-content\/uploads\/2023\/08\/ecofriendly-3-121x68.png 121w\" sizes=\"(max-width: 814px) 100vw, 814px\" \/><\/figure>\n<\/div>\n<\/div>\n\n\n\n<div class=\"wp-block-columns are-vertically-aligned-center is-layout-flex wp-container-12 wp-block-columns-is-layout-flex\">\n<div class=\"wp-block-column is-vertically-aligned-center is-style-to-left-edge is-layout-flow wp-block-column-is-layout-flow\">\n<figure class=\"wp-block-image size-full noMarginBottom\"><img decoding=\"async\" loading=\"lazy\" width=\"814\" height=\"456\" src=\"https:\/\/dev.papercut.pl\/ecofriendlygame\/wp-content\/uploads\/2023\/08\/ecofriendly-4.png\" alt=\"\" class=\"wp-image-129\" srcset=\"https:\/\/dev.papercut.pl\/ecofriendlygame\/wp-content\/uploads\/2023\/08\/ecofriendly-4.png 814w, https:\/\/dev.papercut.pl\/ecofriendlygame\/wp-content\/uploads\/2023\/08\/ecofriendly-4-300x168.png 300w, https:\/\/dev.papercut.pl\/ecofriendlygame\/wp-content\/uploads\/2023\/08\/ecofriendly-4-768x430.png 768w, https:\/\/dev.papercut.pl\/ecofriendlygame\/wp-content\/uploads\/2023\/08\/ecofriendly-4-49x27.png 49w, https:\/\/dev.papercut.pl\/ecofriendlygame\/wp-content\/uploads\/2023\/08\/ecofriendly-4-121x68.png 121w\" sizes=\"(max-width: 814px) 100vw, 814px\" \/><\/figure>\n<\/div>\n\n\n\n<div class=\"wp-block-column is-vertically-aligned-center is-layout-flow wp-block-column-is-layout-flow\">\n<h3 class=\"wp-block-heading noMarginTop has-green-color has-text-color\">Adhesivos seguros<\/h3>\n\n\n\n<p><strong>El adhesivo es indispensable para acabar los tableros, las cajas y para el montaje de los elementos de cart\u00f3n: y para nosotros es imprescindible que sea inocuo.<\/strong><\/p>\n\n\n\n<p>Para los juegos fabricados en el sistema Ecofriendly elegimos adhesivos que, en la cantidad utilizada, sufren un proceso de compostaci\u00f3n, sin dejar ninguna sustancia t\u00f3xica para el medio ambiente.<\/p>\n<\/div>\n<\/div>\n\n\n\n<div class=\"wp-block-columns are-vertically-aligned-center is-style-mobile-reverse is-layout-flex wp-container-15 wp-block-columns-is-layout-flex\">\n<div class=\"wp-block-column is-vertically-aligned-center is-layout-flow wp-block-column-is-layout-flow\">\n<h3 class=\"wp-block-heading noMarginTop has-green-color has-text-color\">Fichas, dados, marcadores\u2026<\/h3>\n\n\n\n<p><strong>\u2026 no necesitan ni un gramo de pl\u00e1stico. Lo hemos sustituido por materias primas naturales, como madera, papel o cart\u00f3n: \u00a1con certificado FSC, por supuesto!<\/strong><\/p>\n\n\n\n<p>\u00bfY con qu\u00e9 hemos sustituido las bolsitas con cierre zip para los componentes? \u00a1Por unas de algod\u00f3n! Y, adem\u00e1s, con certificado OEKO-TEX. Tambi\u00e9n empaquetamos los elementos de los juegos en bolsitas compostables y de papel, as\u00ed como en cajas de cart\u00f3n. \u00bfEs posible? \u00a1Es posible!<\/p>\n<\/div>\n\n\n\n<div class=\"wp-block-column is-vertically-aligned-center is-style-to-right-edge is-layout-flow wp-block-column-is-layout-flow\">\n<figure class=\"wp-block-image size-full noMarginBottom\"><img decoding=\"async\" loading=\"lazy\" width=\"814\" height=\"456\" src=\"https:\/\/dev.papercut.pl\/ecofriendlygame\/wp-content\/uploads\/2023\/08\/ecofriendly-5.png\" alt=\"\" class=\"wp-image-130\" srcset=\"https:\/\/dev.papercut.pl\/ecofriendlygame\/wp-content\/uploads\/2023\/08\/ecofriendly-5.png 814w, https:\/\/dev.papercut.pl\/ecofriendlygame\/wp-content\/uploads\/2023\/08\/ecofriendly-5-300x168.png 300w, https:\/\/dev.papercut.pl\/ecofriendlygame\/wp-content\/uploads\/2023\/08\/ecofriendly-5-768x430.png 768w, https:\/\/dev.papercut.pl\/ecofriendlygame\/wp-content\/uploads\/2023\/08\/ecofriendly-5-49x27.png 49w, https:\/\/dev.papercut.pl\/ecofriendlygame\/wp-content\/uploads\/2023\/08\/ecofriendly-5-121x68.png 121w\" sizes=\"(max-width: 814px) 100vw, 814px\" \/><\/figure>\n<\/div>\n<\/div>\n\n\n\n<div class=\"wp-block-columns are-vertically-aligned-center is-layout-flex wp-container-18 wp-block-columns-is-layout-flex\">\n<div class=\"wp-block-column is-vertically-aligned-center is-style-to-left-edge is-layout-flow wp-block-column-is-layout-flow\">\n<figure class=\"wp-block-image size-full noMarginBottom\"><img decoding=\"async\" loading=\"lazy\" width=\"814\" height=\"456\" src=\"https:\/\/dev.papercut.pl\/ecofriendlygame\/wp-content\/uploads\/2023\/08\/ecofriendly-8.png\" alt=\"\" class=\"wp-image-133\" srcset=\"https:\/\/dev.papercut.pl\/ecofriendlygame\/wp-content\/uploads\/2023\/08\/ecofriendly-8.png 814w, https:\/\/dev.papercut.pl\/ecofriendlygame\/wp-content\/uploads\/2023\/08\/ecofriendly-8-300x168.png 300w, https:\/\/dev.papercut.pl\/ecofriendlygame\/wp-content\/uploads\/2023\/08\/ecofriendly-8-768x430.png 768w, https:\/\/dev.papercut.pl\/ecofriendlygame\/wp-content\/uploads\/2023\/08\/ecofriendly-8-49x27.png 49w, https:\/\/dev.papercut.pl\/ecofriendlygame\/wp-content\/uploads\/2023\/08\/ecofriendly-8-121x68.png 121w\" sizes=\"(max-width: 814px) 100vw, 814px\" \/><\/figure>\n<\/div>\n\n\n\n<div class=\"wp-block-column is-vertically-aligned-center is-layout-flow wp-block-column-is-layout-flow\">\n<h3 class=\"wp-block-heading noMarginTop has-green-color has-text-color\">Cartas compostables<\/h3>\n\n\n\n<p><strong>Nuestros juegos incluyen cartas compostables. Esto es mucho m\u00e1s que biodegradabilidad, que suele ser utilizada como recurso de marketing, ya que no garantiza una descomposici\u00f3n completa en poco tiempo.<\/strong><\/p>\n\n\n\n<p>Los productos compostables se descomponen totalmente, sin ning\u00fan resto qu\u00edmico, y el tiempo garantizado de degradaci\u00f3n es de menos de un a\u00f1o. \u00bfHemos mencionado ya que jugamos limpio?<\/p>\n<\/div>\n<\/div>\n\n\n\n<div class=\"wp-block-columns are-vertically-aligned-center is-style-mobile-reverse is-layout-flex wp-container-21 wp-block-columns-is-layout-flex\">\n<div class=\"wp-block-column is-vertically-aligned-center is-layout-flow wp-block-column-is-layout-flow\">\n<h3 class=\"wp-block-heading noMarginTop has-green-color has-text-color\">Residuos a primera vista<\/h3>\n\n\n\n<p><strong>Ya tras desempaquetarlos, las cartas o los juegos dejan los primeros residuos. En los juegos Ecofriendly son siempre residuos compostables o reciclables.<\/strong><\/p>\n\n\n\n<p>Entre estas soluciones est\u00e1 nuestro material compostable transparente, en el que envolvemos las cartas y las cajas con juegos. Estos \u00faltimos pueden presumir tambi\u00e9n de pegatinas compostables. Las cartas, adem\u00e1s del envoltorio, est\u00e1n empaquetadas en una banderola de papel y en papel destinado al reciclaje: con un poco de suerte de ellos surgir\u00e1n futuros papeles. \u00a1En cierto sentido, incluso los residuos pueden ser \u00fatiles!<\/p>\n<\/div>\n\n\n\n<div class=\"wp-block-column is-vertically-aligned-center is-style-to-right-edge is-layout-flow wp-block-column-is-layout-flow\">\n<figure class=\"wp-block-image size-full noMarginBottom\"><img decoding=\"async\" loading=\"lazy\" width=\"814\" height=\"456\" src=\"https:\/\/dev.papercut.pl\/ecofriendlygame\/wp-content\/uploads\/2023\/08\/ecofriendly-7.png\" alt=\"\" class=\"wp-image-132\" srcset=\"https:\/\/dev.papercut.pl\/ecofriendlygame\/wp-content\/uploads\/2023\/08\/ecofriendly-7.png 814w, https:\/\/dev.papercut.pl\/ecofriendlygame\/wp-content\/uploads\/2023\/08\/ecofriendly-7-300x168.png 300w, https:\/\/dev.papercut.pl\/ecofriendlygame\/wp-content\/uploads\/2023\/08\/ecofriendly-7-768x430.png 768w, https:\/\/dev.papercut.pl\/ecofriendlygame\/wp-content\/uploads\/2023\/08\/ecofriendly-7-49x27.png 49w, https:\/\/dev.papercut.pl\/ecofriendlygame\/wp-content\/uploads\/2023\/08\/ecofriendly-7-121x68.png 121w\" sizes=\"(max-width: 814px) 100vw, 814px\" \/><\/figure>\n<\/div>\n<\/div>\n\n\n\n<div class=\"wp-block-columns are-vertically-aligned-center is-layout-flex wp-container-24 wp-block-columns-is-layout-flex\">\n<div class=\"wp-block-column is-vertically-aligned-center is-style-to-left-edge is-layout-flow wp-block-column-is-layout-flow\">\n<figure class=\"wp-block-image size-full noMarginBottom\"><img decoding=\"async\" loading=\"lazy\" width=\"814\" height=\"456\" src=\"https:\/\/dev.papercut.pl\/ecofriendlygame\/wp-content\/uploads\/2023\/08\/ecofriendly-6.png\" alt=\"\" class=\"wp-image-131\" srcset=\"https:\/\/dev.papercut.pl\/ecofriendlygame\/wp-content\/uploads\/2023\/08\/ecofriendly-6.png 814w, https:\/\/dev.papercut.pl\/ecofriendlygame\/wp-content\/uploads\/2023\/08\/ecofriendly-6-300x168.png 300w, https:\/\/dev.papercut.pl\/ecofriendlygame\/wp-content\/uploads\/2023\/08\/ecofriendly-6-768x430.png 768w, https:\/\/dev.papercut.pl\/ecofriendlygame\/wp-content\/uploads\/2023\/08\/ecofriendly-6-49x27.png 49w, https:\/\/dev.papercut.pl\/ecofriendlygame\/wp-content\/uploads\/2023\/08\/ecofriendly-6-121x68.png 121w\" sizes=\"(max-width: 814px) 100vw, 814px\" \/><\/figure>\n<\/div>\n\n\n\n<div class=\"wp-block-column is-vertically-aligned-center is-layout-flow wp-block-column-is-layout-flow\">\n<h3 class=\"wp-block-heading noMarginTop has-green-color has-text-color\">Embalajes conjuntos<\/h3>\n\n\n\n<p><strong>Para embalar los juegos ya preparados Ecofriendly utilizamos cajas de cart\u00f3n certificado (\u00a1s\u00ed, FSC!), para cuya producci\u00f3n se ha utilizado un m\u00ednimo de 95% de material procedente de reciclado.<\/strong><\/p>\n\n\n\n<p>\u00a1Porque cada etapa de la producci\u00f3n debe ser eco!<\/p>\n<\/div>\n<\/div>\n","protected":false},"excerpt":{"rendered":"<p>Materias primas para las cajas, las cartas, los tableros y otros elementos de cart\u00f3n exclusivamente con certificado FSC. El certificado FSC es una garant\u00eda de protecci\u00f3n de los sistemas forestales y por lo tanto una estrategia insustituible en la lucha contra el cambio clim\u00e1tico. FSC garantiza la protecci\u00f3n de los bosques frente a la obtenci\u00f3n ilegal de madera, la degradaci\u00f3n del arbolado, as\u00ed como la deforestaci\u00f3n de las zonas sometidas a certificaci\u00f3n. Los compradores de productos con la marca FSC contribuyen a la protecci\u00f3n de los ecosistemas forestales y, por lo tanto, a reducir la influencia del cambio clim\u00e1tico. \u00a1As\u00ed de sencillo! Soluciones listas Sugerimos a los editores la elecci\u00f3n de formatos de cartas y envases de un conjunto de soluciones estandarizadas, que han sido desarrolladas de manera que la producci\u00f3n consuma la menor cantidad de energ\u00eda posible. Gracias a esto la f\u00e1brica funciona de la manera \u00f3ptima desde el punto de vista de los costes energ\u00e9ticos generados. \u00a1Porque ya se sabe que hoy menos significa m\u00e1s! Pinturas y barnices Los juegos Ecofriendly tambi\u00e9n son pinturas y barnices a base de aceites vegetales, adem\u00e1s de seguros para los ni\u00f1os, que tambi\u00e9n son empleados en la industria alimentaria. Pueden elegirse colores de una gama casi ilimitada CMYK y la paleta b\u00e1sica Pantone. Los juegos son impresos en modernas m\u00e1quinas offset de formato completo: \u00a1alimentadas por energ\u00eda renovable, por supuesto! Adhesivos seguros El adhesivo es indispensable para acabar los tableros, las cajas y para el montaje de los elementos de cart\u00f3n: y para nosotros es imprescindible que sea inocuo. Para los juegos fabricados en el sistema Ecofriendly elegimos adhesivos que, en la cantidad utilizada, sufren un proceso de compostaci\u00f3n, sin dejar ninguna sustancia t\u00f3xica para el medio ambiente. Fichas, dados, marcadores\u2026 \u2026 no necesitan ni un gramo de pl\u00e1stico. Lo hemos sustituido por materias primas naturales, como madera, papel o cart\u00f3n: \u00a1con certificado FSC, por supuesto! \u00bfY con qu\u00e9 hemos sustituido las bolsitas con cierre zip para los componentes? \u00a1Por unas de algod\u00f3n! Y, adem\u00e1s, con certificado OEKO-TEX. Tambi\u00e9n empaquetamos los elementos de los juegos en bolsitas compostables y de papel, as\u00ed como en cajas de cart\u00f3n. \u00bfEs posible? \u00a1Es posible! Cartas compostables Nuestros juegos incluyen cartas compostables. Esto es mucho m\u00e1s que biodegradabilidad, que suele ser utilizada como recurso de marketing, ya que no garantiza una descomposici\u00f3n completa en poco tiempo. Los productos compostables se descomponen totalmente, sin ning\u00fan resto qu\u00edmico, y el tiempo garantizado de degradaci\u00f3n es de menos de un a\u00f1o. \u00bfHemos mencionado ya que jugamos limpio? Residuos a primera vista Ya tras desempaquetarlos, las cartas o los juegos dejan los primeros residuos. En los juegos Ecofriendly son siempre residuos compostables o reciclables. Entre estas soluciones est\u00e1 nuestro material compostable transparente, en el que envolvemos las cartas y las cajas con juegos. Estos \u00faltimos pueden presumir tambi\u00e9n de pegatinas compostables. Las cartas, adem\u00e1s del envoltorio, est\u00e1n empaquetadas en una banderola de papel y en papel destinado al reciclaje: con un poco de suerte de ellos surgir\u00e1n futuros papeles. \u00a1En cierto sentido, incluso los residuos pueden ser \u00fatiles! Embalajes conjuntos Para embalar los juegos ya preparados Ecofriendly utilizamos cajas de cart\u00f3n certificado (\u00a1s\u00ed, FSC!), para cuya producci\u00f3n se ha utilizado un m\u00ednimo de 95% de material procedente de reciclado. \u00a1Porque cada etapa de la producci\u00f3n debe ser eco!<\/p>\n","protected":false},"author":1,"featured_media":0,"parent":0,"menu_order":9,"comment_status":"closed","ping_status":"closed","template":"","meta":{"inline_featured_image":false,"footnotes":""},"acf":[],"_links":{"self":[{"href":"https:\/\/dev.papercut.pl\/ecofriendlygame\/wp-json\/wp\/v2\/pages\/359"}],"collection":[{"href":"https:\/\/dev.papercut.pl\/ecofriendlygame\/wp-json\/wp\/v2\/pages"}],"about":[{"href":"https:\/\/dev.papercut.pl\/ecofriendlygame\/wp-json\/wp\/v2\/types\/page"}],"author":[{"embeddable":true,"href":"https:\/\/dev.papercut.pl\/ecofriendlygame\/wp-json\/wp\/v2\/users\/1"}],"replies":[{"embeddable":true,"href":"https:\/\/dev.papercut.pl\/ecofriendlygame\/wp-json\/wp\/v2\/comments?post=359"}],"version-history":[{"count":2,"href":"https:\/\/dev.papercut.pl\/ecofriendlygame\/wp-json\/wp\/v2\/pages\/359\/revisions"}],"predecessor-version":[{"id":361,"href":"https:\/\/dev.papercut.pl\/ecofriendlygame\/wp-json\/wp\/v2\/pages\/359\/revisions\/361"}],"wp:attachment":[{"href":"https:\/\/dev.papercut.pl\/ecofriendlygame\/wp-json\/wp\/v2\/media?parent=359"}],"curies":[{"name":"wp","href":"https:\/\/api.w.org\/{rel}","templated":true}]}}