{"id":354,"date":"2023-10-02T12:21:47","date_gmt":"2023-10-02T10:21:47","guid":{"rendered":"https:\/\/dev.papercut.pl\/ecofriendlygame\/?page_id=354"},"modified":"2023-10-17T10:26:56","modified_gmt":"2023-10-17T08:26:56","slug":"pagina-principal","status":"publish","type":"page","link":"https:\/\/dev.papercut.pl\/ecofriendlygame\/es\/pagina-principal\/","title":{"rendered":"P\u00e1gina principal"},"content":{"rendered":"\n<div class=\"wp-block-columns are-vertically-aligned-center is-style-mobile-reverse is-layout-flex wp-container-3 wp-block-columns-is-layout-flex\">\n<div class=\"wp-block-column is-vertically-aligned-center is-layout-flow wp-block-column-is-layout-flow\">\n<h3 class=\"wp-block-heading noMarginTop has-green-color has-text-color\">\u00bfPara qu\u00e9 pl\u00e1stico?<br>\u00a1Jugamos con papel, cart\u00f3n, tijeras!<\/h3>\n\n\n\n<p class=\"is-style-default\"><strong>Papel, cart\u00f3n, madera\u2026 \u00bfY qu\u00e9 m\u00e1s se puede querer? Puede que algunos certificados que garanticen su obtenci\u00f3n responsable. \u00a1Y tambi\u00e9n los tenemos!<\/strong><\/p>\n\n\n\n<p class=\"is-style-default\">En nuestros juegos hemos sustituido el pl\u00e1stico por materias primas naturales: madera, papel y cart\u00f3n con certificado FSC, tejido de algod\u00f3n certificado OEKO-TEX, material compostable transparente. Estos materiales son reciclables o totalmente compostables. Y todo esto sin p\u00e9rdida alguna para la calidad de los juegos. Verde, \u00bfverdad?<\/p>\n<\/div>\n\n\n\n<div class=\"wp-block-column is-vertically-aligned-center is-style-to-right-edge is-layout-flow wp-block-column-is-layout-flow\">\n<figure class=\"wp-block-image size-full noMarginBottom\"><img decoding=\"async\" loading=\"lazy\" width=\"814\" height=\"572\" src=\"https:\/\/dev.papercut.pl\/ecofriendlygame\/wp-content\/uploads\/2023\/08\/po-c-plastik.png\" alt=\"\" class=\"wp-image-81\" srcset=\"https:\/\/dev.papercut.pl\/ecofriendlygame\/wp-content\/uploads\/2023\/08\/po-c-plastik.png 814w, https:\/\/dev.papercut.pl\/ecofriendlygame\/wp-content\/uploads\/2023\/08\/po-c-plastik-300x211.png 300w, https:\/\/dev.papercut.pl\/ecofriendlygame\/wp-content\/uploads\/2023\/08\/po-c-plastik-768x540.png 768w, https:\/\/dev.papercut.pl\/ecofriendlygame\/wp-content\/uploads\/2023\/08\/po-c-plastik-49x34.png 49w, https:\/\/dev.papercut.pl\/ecofriendlygame\/wp-content\/uploads\/2023\/08\/po-c-plastik-121x85.png 121w\" sizes=\"(max-width: 814px) 100vw, 814px\" \/><\/figure>\n<\/div>\n<\/div>\n\n\n\n<div class=\"wp-block-buttons is-content-justification-center is-layout-flex wp-container-4 wp-block-buttons-is-layout-flex\">\n<div class=\"wp-block-button\"><a class=\"wp-block-button__link has-white-color has-raspberry-background-color has-text-color has-background wp-element-button\" href=\"https:\/\/dev.papercut.pl\/ecofriendlygame\/es\/ecoblog\/\">Comprueba nuestra ecogu\u00eda<\/a><\/div>\n<\/div>\n\n\n\n<div class=\"wp-block-columns are-vertically-aligned-center is-layout-flex wp-container-7 wp-block-columns-is-layout-flex\">\n<div class=\"wp-block-column is-vertically-aligned-center is-style-to-left-edge is-layout-flow wp-block-column-is-layout-flow\">\n<figure class=\"wp-block-image size-full\"><img decoding=\"async\" loading=\"lazy\" width=\"813\" height=\"456\" src=\"https:\/\/dev.papercut.pl\/ecofriendlygame\/wp-content\/uploads\/2023\/08\/zielone-od-podstaw.png\" alt=\"\" class=\"wp-image-99\" srcset=\"https:\/\/dev.papercut.pl\/ecofriendlygame\/wp-content\/uploads\/2023\/08\/zielone-od-podstaw.png 813w, https:\/\/dev.papercut.pl\/ecofriendlygame\/wp-content\/uploads\/2023\/08\/zielone-od-podstaw-300x168.png 300w, https:\/\/dev.papercut.pl\/ecofriendlygame\/wp-content\/uploads\/2023\/08\/zielone-od-podstaw-768x431.png 768w, https:\/\/dev.papercut.pl\/ecofriendlygame\/wp-content\/uploads\/2023\/08\/zielone-od-podstaw-49x27.png 49w, https:\/\/dev.papercut.pl\/ecofriendlygame\/wp-content\/uploads\/2023\/08\/zielone-od-podstaw-121x68.png 121w\" sizes=\"(max-width: 813px) 100vw, 813px\" \/><\/figure>\n<\/div>\n\n\n\n<div class=\"wp-block-column is-vertically-aligned-center is-layout-flow wp-block-column-is-layout-flow\">\n<h2 class=\"wp-block-heading noMarginTop has-green-color has-text-color\">Verdes desde el principio<\/h2>\n\n\n\n<p>La ecof\u00e1brica, puesta en funcionamiento en el a\u00f1o 2020, literalmente rebosa innovadoras soluciones verdes. Adem\u00e1s de con un sistema fotovoltaico, el edificio fue equipado con bombas de calor de gas y en las instalaciones sanitarias se emplea agua de lluvia. La inversi\u00f3n completa fue realizada en la variante \u00abF\u00e1brica Verde\u00bb, de conformidad con el certificado BREEAM. Esto significa, por ejemplo, que durante la construcci\u00f3n se utilizaron los servicios de proveedores y subcontratistas locales, lo que redujo la emisi\u00f3n de gases de combusti\u00f3n.<\/p>\n<\/div>\n<\/div>\n","protected":false},"excerpt":{"rendered":"<p>\u00bfPara qu\u00e9 pl\u00e1stico?\u00a1Jugamos con papel, cart\u00f3n, tijeras! Papel, cart\u00f3n, madera\u2026 \u00bfY qu\u00e9 m\u00e1s se puede querer? Puede que algunos certificados que garanticen su obtenci\u00f3n responsable. \u00a1Y tambi\u00e9n los tenemos! En nuestros juegos hemos sustituido el pl\u00e1stico por materias primas naturales: madera, papel y cart\u00f3n con certificado FSC, tejido de algod\u00f3n certificado OEKO-TEX, material compostable transparente. Estos materiales son reciclables o totalmente compostables. Y todo esto sin p\u00e9rdida alguna para la calidad de los juegos. Verde, \u00bfverdad? Verdes desde el principio La ecof\u00e1brica, puesta en funcionamiento en el a\u00f1o 2020, literalmente rebosa innovadoras soluciones verdes. Adem\u00e1s de con un sistema fotovoltaico, el edificio fue equipado con bombas de calor de gas y en las instalaciones sanitarias se emplea agua de lluvia. La inversi\u00f3n completa fue realizada en la variante \u00abF\u00e1brica Verde\u00bb, de conformidad con el certificado BREEAM. Esto significa, por ejemplo, que durante la construcci\u00f3n se utilizaron los servicios de proveedores y subcontratistas locales, lo que redujo la emisi\u00f3n de gases de combusti\u00f3n.<\/p>\n","protected":false},"author":1,"featured_media":0,"parent":0,"menu_order":2,"comment_status":"closed","ping_status":"open","template":"templates\/home.php","meta":{"inline_featured_image":false,"footnotes":""},"acf":[],"_links":{"self":[{"href":"https:\/\/dev.papercut.pl\/ecofriendlygame\/wp-json\/wp\/v2\/pages\/354"}],"collection":[{"href":"https:\/\/dev.papercut.pl\/ecofriendlygame\/wp-json\/wp\/v2\/pages"}],"about":[{"href":"https:\/\/dev.papercut.pl\/ecofriendlygame\/wp-json\/wp\/v2\/types\/page"}],"author":[{"embeddable":true,"href":"https:\/\/dev.papercut.pl\/ecofriendlygame\/wp-json\/wp\/v2\/users\/1"}],"replies":[{"embeddable":true,"href":"https:\/\/dev.papercut.pl\/ecofriendlygame\/wp-json\/wp\/v2\/comments?post=354"}],"version-history":[{"count":6,"href":"https:\/\/dev.papercut.pl\/ecofriendlygame\/wp-json\/wp\/v2\/pages\/354\/revisions"}],"predecessor-version":[{"id":560,"href":"https:\/\/dev.papercut.pl\/ecofriendlygame\/wp-json\/wp\/v2\/pages\/354\/revisions\/560"}],"wp:attachment":[{"href":"https:\/\/dev.papercut.pl\/ecofriendlygame\/wp-json\/wp\/v2\/media?parent=354"}],"curies":[{"name":"wp","href":"https:\/\/api.w.org\/{rel}","templated":true}]}}