{"id":318,"date":"2023-10-02T11:12:40","date_gmt":"2023-10-02T09:12:40","guid":{"rendered":"https:\/\/dev.papercut.pl\/ecofriendlygame\/?page_id=318"},"modified":"2023-10-02T11:22:17","modified_gmt":"2023-10-02T09:22:17","slug":"ecofriendly-game-2","status":"publish","type":"page","link":"https:\/\/dev.papercut.pl\/ecofriendlygame\/de\/ecofriendly-game-2\/","title":{"rendered":"Ecofriendly Game"},"content":{"rendered":"\n<div class=\"wp-block-columns are-vertically-aligned-center is-style-mobile-reverse is-layout-flex wp-container-3 wp-block-columns-is-layout-flex\">\n<div class=\"wp-block-column is-vertically-aligned-center is-layout-flow wp-block-column-is-layout-flow\">\n<h3 class=\"wp-block-heading has-green-color has-text-color\">Rohstoffe f\u00fcr Schachteln, Karten, Spielbretter und andere Kartonteile nur FSC-zertifiziert.<\/h3>\n\n\n\n<p>Dias FSC-Zertifikat ist eine Garantie f\u00fcr den Schutz der W\u00e4lder und damit eine unverzichtbare Strategie im Kampf gegen den Klimawandel. FSC garantiert den Schutz der W\u00e4lder vor illegaler Holzgewinnung, Bestandsverschlechterung und Abholzung in zertifizierten Gebieten. Wer Produkte mit dem FSC-Siegel kauft, tr\u00e4gt zum Schutz der Wald\u00f6kosysteme und damit zur Minderung der Auswirkungen des Klimawandels bei. So einfach ist das!<\/p>\n<\/div>\n\n\n\n<div class=\"wp-block-column is-vertically-aligned-center is-style-to-right-edge is-layout-flow wp-block-column-is-layout-flow\">\n<figure class=\"wp-block-image size-full noMarginBottom\"><img decoding=\"async\" loading=\"lazy\" width=\"814\" height=\"456\" src=\"https:\/\/dev.papercut.pl\/ecofriendlygame\/wp-content\/uploads\/2023\/08\/ecofriendly-1.png\" alt=\"\" class=\"wp-image-123\" srcset=\"https:\/\/dev.papercut.pl\/ecofriendlygame\/wp-content\/uploads\/2023\/08\/ecofriendly-1.png 814w, https:\/\/dev.papercut.pl\/ecofriendlygame\/wp-content\/uploads\/2023\/08\/ecofriendly-1-300x168.png 300w, https:\/\/dev.papercut.pl\/ecofriendlygame\/wp-content\/uploads\/2023\/08\/ecofriendly-1-768x430.png 768w, https:\/\/dev.papercut.pl\/ecofriendlygame\/wp-content\/uploads\/2023\/08\/ecofriendly-1-49x27.png 49w, https:\/\/dev.papercut.pl\/ecofriendlygame\/wp-content\/uploads\/2023\/08\/ecofriendly-1-121x68.png 121w\" sizes=\"(max-width: 814px) 100vw, 814px\" \/><\/figure>\n<\/div>\n<\/div>\n\n\n\n<div class=\"wp-block-columns are-vertically-aligned-center is-layout-flex wp-container-6 wp-block-columns-is-layout-flex\">\n<div class=\"wp-block-column is-vertically-aligned-center is-style-to-left-edge is-layout-flow wp-block-column-is-layout-flow\">\n<figure class=\"wp-block-image size-full noMarginBottom\"><img decoding=\"async\" loading=\"lazy\" width=\"814\" height=\"456\" src=\"https:\/\/dev.papercut.pl\/ecofriendlygame\/wp-content\/uploads\/2023\/08\/ecofriendly-2.png\" alt=\"\" class=\"wp-image-124\" srcset=\"https:\/\/dev.papercut.pl\/ecofriendlygame\/wp-content\/uploads\/2023\/08\/ecofriendly-2.png 814w, https:\/\/dev.papercut.pl\/ecofriendlygame\/wp-content\/uploads\/2023\/08\/ecofriendly-2-300x168.png 300w, https:\/\/dev.papercut.pl\/ecofriendlygame\/wp-content\/uploads\/2023\/08\/ecofriendly-2-768x430.png 768w, https:\/\/dev.papercut.pl\/ecofriendlygame\/wp-content\/uploads\/2023\/08\/ecofriendly-2-49x27.png 49w, https:\/\/dev.papercut.pl\/ecofriendlygame\/wp-content\/uploads\/2023\/08\/ecofriendly-2-121x68.png 121w\" sizes=\"(max-width: 814px) 100vw, 814px\" \/><\/figure>\n<\/div>\n\n\n\n<div class=\"wp-block-column is-vertically-aligned-center is-layout-flow wp-block-column-is-layout-flow\">\n<h3 class=\"wp-block-heading noMarginTop has-green-color has-text-color\">Fertige L\u00f6sungen<\/h3>\n\n\n\n<p><strong>Wir schlagen den Verlegern vor, Karten- und Verpackungsformate aus einem Pool von standardisierten L\u00f6sungen zu w\u00e4hlen, die so entwickelt wurden, dass die Produktion so wenig Energie wie m\u00f6glich verbraucht.<\/strong><\/p>\n\n\n\n<p>Dadurch wird sichergestellt, dass die Fabrik im Hinblick auf die entstehenden Energiekosten optimal arbeitet. Denn weniger ist heute bekanntlich mehr!<\/p>\n<\/div>\n<\/div>\n\n\n\n<div class=\"wp-block-columns are-vertically-aligned-center is-style-mobile-reverse is-layout-flex wp-container-9 wp-block-columns-is-layout-flex\">\n<div class=\"wp-block-column is-vertically-aligned-center is-layout-flow wp-block-column-is-layout-flow\">\n<h3 class=\"wp-block-heading noMarginTop has-green-color has-text-color\">Farben und Lacke<\/h3>\n\n\n\n<p><strong>Die Spiele Ecofriendly das sind auch Farben und Lacke, die auf pflanzlichen \u00d6len basieren, f\u00fcr Kinder unbedenklich sind und auch in der Lebensmittelindustrie verwendet werden.<\/strong><\/p>\n\n\n\n<p>Die Farben k\u00f6nnen aus einer nahezu unbegrenzten CMYK-Palette und einer Basis-Pantone-Palette ausgew\u00e4hlt werden. Die Spiele werden auf modernsten Vollformat-Offsetmaschinen gedruckt &#8211; die nat\u00fcrlich mit erneuerbarer Energie betrieben werden!<\/p>\n<\/div>\n\n\n\n<div class=\"wp-block-column is-vertically-aligned-center is-style-to-right-edge is-layout-flow wp-block-column-is-layout-flow\">\n<figure class=\"wp-block-image size-full noMarginBottom\"><img decoding=\"async\" loading=\"lazy\" width=\"814\" height=\"456\" src=\"https:\/\/dev.papercut.pl\/ecofriendlygame\/wp-content\/uploads\/2023\/08\/ecofriendly-3.png\" alt=\"\" class=\"wp-image-128\" srcset=\"https:\/\/dev.papercut.pl\/ecofriendlygame\/wp-content\/uploads\/2023\/08\/ecofriendly-3.png 814w, https:\/\/dev.papercut.pl\/ecofriendlygame\/wp-content\/uploads\/2023\/08\/ecofriendly-3-300x168.png 300w, https:\/\/dev.papercut.pl\/ecofriendlygame\/wp-content\/uploads\/2023\/08\/ecofriendly-3-768x430.png 768w, https:\/\/dev.papercut.pl\/ecofriendlygame\/wp-content\/uploads\/2023\/08\/ecofriendly-3-49x27.png 49w, https:\/\/dev.papercut.pl\/ecofriendlygame\/wp-content\/uploads\/2023\/08\/ecofriendly-3-121x68.png 121w\" sizes=\"(max-width: 814px) 100vw, 814px\" \/><\/figure>\n<\/div>\n<\/div>\n\n\n\n<div class=\"wp-block-columns are-vertically-aligned-center is-layout-flex wp-container-12 wp-block-columns-is-layout-flex\">\n<div class=\"wp-block-column is-vertically-aligned-center is-style-to-left-edge is-layout-flow wp-block-column-is-layout-flow\">\n<figure class=\"wp-block-image size-full noMarginBottom\"><img decoding=\"async\" loading=\"lazy\" width=\"814\" height=\"456\" src=\"https:\/\/dev.papercut.pl\/ecofriendlygame\/wp-content\/uploads\/2023\/08\/ecofriendly-4.png\" alt=\"\" class=\"wp-image-129\" srcset=\"https:\/\/dev.papercut.pl\/ecofriendlygame\/wp-content\/uploads\/2023\/08\/ecofriendly-4.png 814w, https:\/\/dev.papercut.pl\/ecofriendlygame\/wp-content\/uploads\/2023\/08\/ecofriendly-4-300x168.png 300w, https:\/\/dev.papercut.pl\/ecofriendlygame\/wp-content\/uploads\/2023\/08\/ecofriendly-4-768x430.png 768w, https:\/\/dev.papercut.pl\/ecofriendlygame\/wp-content\/uploads\/2023\/08\/ecofriendly-4-49x27.png 49w, https:\/\/dev.papercut.pl\/ecofriendlygame\/wp-content\/uploads\/2023\/08\/ecofriendly-4-121x68.png 121w\" sizes=\"(max-width: 814px) 100vw, 814px\" \/><\/figure>\n<\/div>\n\n\n\n<div class=\"wp-block-column is-vertically-aligned-center is-layout-flow wp-block-column-is-layout-flow\">\n<h3 class=\"wp-block-heading noMarginTop has-green-color has-text-color\">Sichere Klebstoffe<\/h3>\n\n\n\n<p><strong>Klebstoffe sind f\u00fcr die Veredelung von Spielbrettern, Schachteln und die Montage von Kartonelementen unerl\u00e4sslich f\u00fcr uns ist es wichtig, dass er keine Schadstoffe enth\u00e4lt.<\/strong><\/p>\n\n\n\n<p>F\u00fcr Spiele, die im Ecofriendly-System hergestellt werden, w\u00e4hlen wir Klebstoffe, die in der verwendeten Menge kompostierbar sind, so dass keine f\u00fcr die Umwelt giftigen Stoffe zur\u00fcckbleiben.<\/p>\n<\/div>\n<\/div>\n\n\n\n<div class=\"wp-block-columns are-vertically-aligned-center is-style-mobile-reverse is-layout-flex wp-container-15 wp-block-columns-is-layout-flex\">\n<div class=\"wp-block-column is-vertically-aligned-center is-layout-flow wp-block-column-is-layout-flow\">\n<h3 class=\"wp-block-heading noMarginTop has-green-color has-text-color\">Spielfiguren, W\u00fcrfel, Marker \u2026<\/h3>\n\n\n\n<p><strong>\u2026 brauchen kein einziges Gramm Plastik. Sie wurden durch nat\u00fcrliche Rohstoffe wie Holz, Papier oder Pappe ersetzt &#8211; FSC-zertifiziert, das ist doch klar!<\/strong><\/p>\n\n\n\n<p>Und wodurch haben wir die Druckverschlussbeutel f\u00fcr die Spielfiguren ersetzt? Durch Beutel aus Baumwolle! Und OEKO-TEX-zertifiziert. Wir verpacken die Spielelemente au\u00dferdem in kompostierbare und Papierbeutel sowie in Pappkartons. Geht es? Ja, es geht!<\/p>\n<\/div>\n\n\n\n<div class=\"wp-block-column is-vertically-aligned-center is-style-to-right-edge is-layout-flow wp-block-column-is-layout-flow\">\n<figure class=\"wp-block-image size-full noMarginBottom\"><img decoding=\"async\" loading=\"lazy\" width=\"814\" height=\"456\" src=\"https:\/\/dev.papercut.pl\/ecofriendlygame\/wp-content\/uploads\/2023\/08\/ecofriendly-5.png\" alt=\"\" class=\"wp-image-130\" srcset=\"https:\/\/dev.papercut.pl\/ecofriendlygame\/wp-content\/uploads\/2023\/08\/ecofriendly-5.png 814w, https:\/\/dev.papercut.pl\/ecofriendlygame\/wp-content\/uploads\/2023\/08\/ecofriendly-5-300x168.png 300w, https:\/\/dev.papercut.pl\/ecofriendlygame\/wp-content\/uploads\/2023\/08\/ecofriendly-5-768x430.png 768w, https:\/\/dev.papercut.pl\/ecofriendlygame\/wp-content\/uploads\/2023\/08\/ecofriendly-5-49x27.png 49w, https:\/\/dev.papercut.pl\/ecofriendlygame\/wp-content\/uploads\/2023\/08\/ecofriendly-5-121x68.png 121w\" sizes=\"(max-width: 814px) 100vw, 814px\" \/><\/figure>\n<\/div>\n<\/div>\n\n\n\n<div class=\"wp-block-columns are-vertically-aligned-center is-layout-flex wp-container-18 wp-block-columns-is-layout-flex\">\n<div class=\"wp-block-column is-vertically-aligned-center is-style-to-left-edge is-layout-flow wp-block-column-is-layout-flow\">\n<figure class=\"wp-block-image size-full noMarginBottom\"><img decoding=\"async\" loading=\"lazy\" width=\"814\" height=\"456\" src=\"https:\/\/dev.papercut.pl\/ecofriendlygame\/wp-content\/uploads\/2023\/08\/ecofriendly-8.png\" alt=\"\" class=\"wp-image-133\" srcset=\"https:\/\/dev.papercut.pl\/ecofriendlygame\/wp-content\/uploads\/2023\/08\/ecofriendly-8.png 814w, https:\/\/dev.papercut.pl\/ecofriendlygame\/wp-content\/uploads\/2023\/08\/ecofriendly-8-300x168.png 300w, https:\/\/dev.papercut.pl\/ecofriendlygame\/wp-content\/uploads\/2023\/08\/ecofriendly-8-768x430.png 768w, https:\/\/dev.papercut.pl\/ecofriendlygame\/wp-content\/uploads\/2023\/08\/ecofriendly-8-49x27.png 49w, https:\/\/dev.papercut.pl\/ecofriendlygame\/wp-content\/uploads\/2023\/08\/ecofriendly-8-121x68.png 121w\" sizes=\"(max-width: 814px) 100vw, 814px\" \/><\/figure>\n<\/div>\n\n\n\n<div class=\"wp-block-column is-vertically-aligned-center is-layout-flow wp-block-column-is-layout-flow\">\n<h3 class=\"wp-block-heading noMarginTop has-green-color has-text-color\">Kompostierbare Karten<\/h3>\n\n\n\n<p><strong>Unsere Spiele enthalten kompostierbare Karten. Das ist viel mehr als die biologische Abbaubarkeit, die oft als Marketingtrick benutzt wird, da sie keine vollst\u00e4ndige Zersetzung in kurzer Zeit garantiert.<\/strong><\/p>\n\n\n\n<p>Kompostierbare Produkte zersetzen sich vollst\u00e4ndig, ohne chemische Spuren, und die garantierte Abbauzeit betr\u00e4gt weniger als ein Jahr. Haben wir schon erw\u00e4hnt, dass wir sauber spielen?<\/p>\n<\/div>\n<\/div>\n\n\n\n<div class=\"wp-block-columns are-vertically-aligned-center is-style-mobile-reverse is-layout-flex wp-container-21 wp-block-columns-is-layout-flex\">\n<div class=\"wp-block-column is-vertically-aligned-center is-layout-flow wp-block-column-is-layout-flow\">\n<h3 class=\"wp-block-heading noMarginTop has-green-color has-text-color\">Erster (Aus-)Wurf Abfall<\/h3>\n\n\n\n<p><strong>Schon nach dem Auspacken der Karten oder des Spiels entsteht der erste Abfall. Bei den Spielen Ecofriendly handelt es sich immer um kompostierbaren oder recycelbaren Abfall. <\/strong><\/p>\n\n\n\n<p>Zu diesen L\u00f6sungen geh\u00f6rt unser transparentes, kompostierbares Material, in das wir die Karten und Spielschachteln einpacken. Letztere sind au\u00dferdem mit kompostierbaren Aufklebern versehen. Zus\u00e4tzlich zur H\u00fclle verpacken wir die Karten in Papierbanderolen und recyclingbares Papier &#8211; mit etwas Gl\u00fcck werden daraus zuk\u00fcnftige Papiere hergestellt. In gewisser Weise kann sogar Abfall n\u00fctzlich sein!<\/p>\n<\/div>\n\n\n\n<div class=\"wp-block-column is-vertically-aligned-center is-style-to-right-edge is-layout-flow wp-block-column-is-layout-flow\">\n<figure class=\"wp-block-image size-full noMarginBottom\"><img decoding=\"async\" loading=\"lazy\" width=\"814\" height=\"456\" src=\"https:\/\/dev.papercut.pl\/ecofriendlygame\/wp-content\/uploads\/2023\/08\/ecofriendly-7.png\" alt=\"\" class=\"wp-image-132\" srcset=\"https:\/\/dev.papercut.pl\/ecofriendlygame\/wp-content\/uploads\/2023\/08\/ecofriendly-7.png 814w, https:\/\/dev.papercut.pl\/ecofriendlygame\/wp-content\/uploads\/2023\/08\/ecofriendly-7-300x168.png 300w, https:\/\/dev.papercut.pl\/ecofriendlygame\/wp-content\/uploads\/2023\/08\/ecofriendly-7-768x430.png 768w, https:\/\/dev.papercut.pl\/ecofriendlygame\/wp-content\/uploads\/2023\/08\/ecofriendly-7-49x27.png 49w, https:\/\/dev.papercut.pl\/ecofriendlygame\/wp-content\/uploads\/2023\/08\/ecofriendly-7-121x68.png 121w\" sizes=\"(max-width: 814px) 100vw, 814px\" \/><\/figure>\n<\/div>\n<\/div>\n\n\n\n<div class=\"wp-block-columns are-vertically-aligned-center is-layout-flex wp-container-24 wp-block-columns-is-layout-flex\">\n<div class=\"wp-block-column is-vertically-aligned-center is-style-to-left-edge is-layout-flow wp-block-column-is-layout-flow\">\n<figure class=\"wp-block-image size-full noMarginBottom\"><img decoding=\"async\" loading=\"lazy\" width=\"814\" height=\"456\" src=\"https:\/\/dev.papercut.pl\/ecofriendlygame\/wp-content\/uploads\/2023\/08\/ecofriendly-6.png\" alt=\"\" class=\"wp-image-131\" srcset=\"https:\/\/dev.papercut.pl\/ecofriendlygame\/wp-content\/uploads\/2023\/08\/ecofriendly-6.png 814w, https:\/\/dev.papercut.pl\/ecofriendlygame\/wp-content\/uploads\/2023\/08\/ecofriendly-6-300x168.png 300w, https:\/\/dev.papercut.pl\/ecofriendlygame\/wp-content\/uploads\/2023\/08\/ecofriendly-6-768x430.png 768w, https:\/\/dev.papercut.pl\/ecofriendlygame\/wp-content\/uploads\/2023\/08\/ecofriendly-6-49x27.png 49w, https:\/\/dev.papercut.pl\/ecofriendlygame\/wp-content\/uploads\/2023\/08\/ecofriendly-6-121x68.png 121w\" sizes=\"(max-width: 814px) 100vw, 814px\" \/><\/figure>\n<\/div>\n\n\n\n<div class=\"wp-block-column is-vertically-aligned-center is-layout-flow wp-block-column-is-layout-flow\">\n<h3 class=\"wp-block-heading noMarginTop has-green-color has-text-color\">Sammelverpackungen<\/h3>\n\n\n\n<p><strong>F\u00fcr die Verpackung der fertigen Spiele Ecofriendly verwenden wir Schachteln aus zertifiziertem Karton (ja, FSC!), der zu mindestens 95 % aus recyceltem Material hergestellt wurde.<\/strong><\/p>\n\n\n\n<p>Denn jede Phase der Produktion muss \u00f6ko sein!<\/p>\n<\/div>\n<\/div>\n","protected":false},"excerpt":{"rendered":"<p>Rohstoffe f\u00fcr Schachteln, Karten, Spielbretter und andere Kartonteile nur FSC-zertifiziert. Dias FSC-Zertifikat ist eine Garantie f\u00fcr den Schutz der W\u00e4lder und damit eine unverzichtbare Strategie im Kampf gegen den Klimawandel. FSC garantiert den Schutz der W\u00e4lder vor illegaler Holzgewinnung, Bestandsverschlechterung und Abholzung in zertifizierten Gebieten. Wer Produkte mit dem FSC-Siegel kauft, tr\u00e4gt zum Schutz der Wald\u00f6kosysteme und damit zur Minderung der Auswirkungen des Klimawandels bei. So einfach ist das! Fertige L\u00f6sungen Wir schlagen den Verlegern vor, Karten- und Verpackungsformate aus einem Pool von standardisierten L\u00f6sungen zu w\u00e4hlen, die so entwickelt wurden, dass die Produktion so wenig Energie wie m\u00f6glich verbraucht. Dadurch wird sichergestellt, dass die Fabrik im Hinblick auf die entstehenden Energiekosten optimal arbeitet. Denn weniger ist heute bekanntlich mehr! Farben und Lacke Die Spiele Ecofriendly das sind auch Farben und Lacke, die auf pflanzlichen \u00d6len basieren, f\u00fcr Kinder unbedenklich sind und auch in der Lebensmittelindustrie verwendet werden. Die Farben k\u00f6nnen aus einer nahezu unbegrenzten CMYK-Palette und einer Basis-Pantone-Palette ausgew\u00e4hlt werden. Die Spiele werden auf modernsten Vollformat-Offsetmaschinen gedruckt &#8211; die nat\u00fcrlich mit erneuerbarer Energie betrieben werden! Sichere Klebstoffe Klebstoffe sind f\u00fcr die Veredelung von Spielbrettern, Schachteln und die Montage von Kartonelementen unerl\u00e4sslich f\u00fcr uns ist es wichtig, dass er keine Schadstoffe enth\u00e4lt. F\u00fcr Spiele, die im Ecofriendly-System hergestellt werden, w\u00e4hlen wir Klebstoffe, die in der verwendeten Menge kompostierbar sind, so dass keine f\u00fcr die Umwelt giftigen Stoffe zur\u00fcckbleiben. Spielfiguren, W\u00fcrfel, Marker \u2026 \u2026 brauchen kein einziges Gramm Plastik. Sie wurden durch nat\u00fcrliche Rohstoffe wie Holz, Papier oder Pappe ersetzt &#8211; FSC-zertifiziert, das ist doch klar! Und wodurch haben wir die Druckverschlussbeutel f\u00fcr die Spielfiguren ersetzt? Durch Beutel aus Baumwolle! Und OEKO-TEX-zertifiziert. Wir verpacken die Spielelemente au\u00dferdem in kompostierbare und Papierbeutel sowie in Pappkartons. Geht es? Ja, es geht! Kompostierbare Karten Unsere Spiele enthalten kompostierbare Karten. Das ist viel mehr als die biologische Abbaubarkeit, die oft als Marketingtrick benutzt wird, da sie keine vollst\u00e4ndige Zersetzung in kurzer Zeit garantiert. Kompostierbare Produkte zersetzen sich vollst\u00e4ndig, ohne chemische Spuren, und die garantierte Abbauzeit betr\u00e4gt weniger als ein Jahr. Haben wir schon erw\u00e4hnt, dass wir sauber spielen? Erster (Aus-)Wurf Abfall Schon nach dem Auspacken der Karten oder des Spiels entsteht der erste Abfall. Bei den Spielen Ecofriendly handelt es sich immer um kompostierbaren oder recycelbaren Abfall. Zu diesen L\u00f6sungen geh\u00f6rt unser transparentes, kompostierbares Material, in das wir die Karten und Spielschachteln einpacken. Letztere sind au\u00dferdem mit kompostierbaren Aufklebern versehen. Zus\u00e4tzlich zur H\u00fclle verpacken wir die Karten in Papierbanderolen und recyclingbares Papier &#8211; mit etwas Gl\u00fcck werden daraus zuk\u00fcnftige Papiere hergestellt. In gewisser Weise kann sogar Abfall n\u00fctzlich sein! Sammelverpackungen F\u00fcr die Verpackung der fertigen Spiele Ecofriendly verwenden wir Schachteln aus zertifiziertem Karton (ja, FSC!), der zu mindestens 95 % aus recyceltem Material hergestellt wurde. Denn jede Phase der Produktion muss \u00f6ko sein!<\/p>\n","protected":false},"author":1,"featured_media":0,"parent":0,"menu_order":8,"comment_status":"closed","ping_status":"closed","template":"","meta":{"inline_featured_image":false,"footnotes":""},"acf":[],"_links":{"self":[{"href":"https:\/\/dev.papercut.pl\/ecofriendlygame\/wp-json\/wp\/v2\/pages\/318"}],"collection":[{"href":"https:\/\/dev.papercut.pl\/ecofriendlygame\/wp-json\/wp\/v2\/pages"}],"about":[{"href":"https:\/\/dev.papercut.pl\/ecofriendlygame\/wp-json\/wp\/v2\/types\/page"}],"author":[{"embeddable":true,"href":"https:\/\/dev.papercut.pl\/ecofriendlygame\/wp-json\/wp\/v2\/users\/1"}],"replies":[{"embeddable":true,"href":"https:\/\/dev.papercut.pl\/ecofriendlygame\/wp-json\/wp\/v2\/comments?post=318"}],"version-history":[{"count":8,"href":"https:\/\/dev.papercut.pl\/ecofriendlygame\/wp-json\/wp\/v2\/pages\/318\/revisions"}],"predecessor-version":[{"id":328,"href":"https:\/\/dev.papercut.pl\/ecofriendlygame\/wp-json\/wp\/v2\/pages\/318\/revisions\/328"}],"wp:attachment":[{"href":"https:\/\/dev.papercut.pl\/ecofriendlygame\/wp-json\/wp\/v2\/media?parent=318"}],"curies":[{"name":"wp","href":"https:\/\/api.w.org\/{rel}","templated":true}]}}