{"id":304,"date":"2023-10-02T10:55:57","date_gmt":"2023-10-02T08:55:57","guid":{"rendered":"https:\/\/dev.papercut.pl\/ecofriendlygame\/?page_id=304"},"modified":"2023-10-17T10:27:27","modified_gmt":"2023-10-17T08:27:27","slug":"startseite","status":"publish","type":"page","link":"https:\/\/dev.papercut.pl\/ecofriendlygame\/de\/startseite\/","title":{"rendered":"Startseite"},"content":{"rendered":"\n<div class=\"wp-block-columns are-vertically-aligned-center is-style-mobile-reverse is-layout-flex wp-container-3 wp-block-columns-is-layout-flex\">\n<div class=\"wp-block-column is-vertically-aligned-center is-layout-flow wp-block-column-is-layout-flow\">\n<h3 class=\"wp-block-heading noMarginTop has-green-color has-text-color\">Warum Plastik?<br><strong>Gramy w papier, karton, no\u017cyce!<\/strong><\/h3>\n\n\n\n<p class=\"is-style-default\"><strong>Wir spielen doch Papier, Pappe, Schere!<\/strong><\/p>\n\n\n\n<p class=\"is-style-default\">In unseren Spielen haben wir Kunststof durch nat\u00fcrliche Rohstoffe ersetzt: Holz, FSC-zertifiziertes Papier und Pappe, OEKO-TEX-zertifiziertes Baumwollgewebe, transparentes kompostierbares Material. Diese Materialien sind recycelbar oder bleiben vollst\u00e4ndig kompostierbar. Und das alles ohne jegliche Einbu\u00dfen bei der Spielqualit\u00e4t. Gr\u00fcn, nicht wahr?<\/p>\n<\/div>\n\n\n\n<div class=\"wp-block-column is-vertically-aligned-center is-style-to-right-edge is-layout-flow wp-block-column-is-layout-flow\">\n<figure class=\"wp-block-image size-full noMarginBottom\"><img decoding=\"async\" loading=\"lazy\" width=\"814\" height=\"572\" src=\"https:\/\/dev.papercut.pl\/ecofriendlygame\/wp-content\/uploads\/2023\/08\/po-c-plastik.png\" alt=\"\" class=\"wp-image-81\" srcset=\"https:\/\/dev.papercut.pl\/ecofriendlygame\/wp-content\/uploads\/2023\/08\/po-c-plastik.png 814w, https:\/\/dev.papercut.pl\/ecofriendlygame\/wp-content\/uploads\/2023\/08\/po-c-plastik-300x211.png 300w, https:\/\/dev.papercut.pl\/ecofriendlygame\/wp-content\/uploads\/2023\/08\/po-c-plastik-768x540.png 768w, https:\/\/dev.papercut.pl\/ecofriendlygame\/wp-content\/uploads\/2023\/08\/po-c-plastik-49x34.png 49w, https:\/\/dev.papercut.pl\/ecofriendlygame\/wp-content\/uploads\/2023\/08\/po-c-plastik-121x85.png 121w\" sizes=\"(max-width: 814px) 100vw, 814px\" \/><\/figure>\n<\/div>\n<\/div>\n\n\n\n<div class=\"wp-block-buttons is-content-justification-center is-layout-flex wp-container-4 wp-block-buttons-is-layout-flex\">\n<div class=\"wp-block-button\"><a class=\"wp-block-button__link has-white-color has-raspberry-background-color has-text-color has-background wp-element-button\" href=\"https:\/\/dev.papercut.pl\/ecofriendlygame\/de\/oko-blog\/\">Lesen Sie unseren \u00d6ko-Leitfaden<\/a><\/div>\n<\/div>\n\n\n\n<div class=\"wp-block-columns are-vertically-aligned-center is-layout-flex wp-container-7 wp-block-columns-is-layout-flex\">\n<div class=\"wp-block-column is-vertically-aligned-center is-style-to-left-edge is-layout-flow wp-block-column-is-layout-flow\">\n<figure class=\"wp-block-image size-full\"><img decoding=\"async\" loading=\"lazy\" width=\"813\" height=\"456\" src=\"https:\/\/dev.papercut.pl\/ecofriendlygame\/wp-content\/uploads\/2023\/10\/image.png\" alt=\"Obrazek posiada pusty atrybut alt; plik o nazwie zielone-od-podstaw.png\" class=\"wp-image-555\" srcset=\"https:\/\/dev.papercut.pl\/ecofriendlygame\/wp-content\/uploads\/2023\/10\/image.png 813w, https:\/\/dev.papercut.pl\/ecofriendlygame\/wp-content\/uploads\/2023\/10\/image-300x168.png 300w, https:\/\/dev.papercut.pl\/ecofriendlygame\/wp-content\/uploads\/2023\/10\/image-768x431.png 768w, https:\/\/dev.papercut.pl\/ecofriendlygame\/wp-content\/uploads\/2023\/10\/image-49x27.png 49w, https:\/\/dev.papercut.pl\/ecofriendlygame\/wp-content\/uploads\/2023\/10\/image-121x68.png 121w\" sizes=\"(max-width: 813px) 100vw, 813px\" \/><\/figure>\n<\/div>\n\n\n\n<div class=\"wp-block-column is-vertically-aligned-center is-layout-flow wp-block-column-is-layout-flow\">\n<h2 class=\"wp-block-heading noMarginTop has-green-color has-text-color\">Von Grund auf gr\u00fcn<\/h2>\n\n\n\n<p>Die 2020 er\u00f6ffnete \u00d6ko-Fabrik platzt buchst\u00e4blich aus allen N\u00e4hten vor innovativen,<br>gr\u00fcnen L\u00f6sungen. Neben einer Fotovoltaikanlage wurde das Geb\u00e4ude mit Gasw\u00e4rmepumpen ausgestattet.<\/p>\n\n\n\n<p>Gasw\u00e4rmepumpen ausgestattet und die sanit\u00e4ren Anlagen werden mit Regenwasser betrieben. Das gesamte Projekt wurde als &#8222;Green Factory&#8221; umgesetzt, gem\u00e4\u00dft der BREEAM-Zertifizierung. Das bedeutet unter anderem, dass beim Bau auf lokale Zulieferer und Subunternehmer zur\u00fcckgegriffen wurde, was die Emissionen reduziert.<\/p>\n<\/div>\n<\/div>\n","protected":false},"excerpt":{"rendered":"<p>Warum Plastik?Gramy w papier, karton, no\u017cyce! Wir spielen doch Papier, Pappe, Schere! In unseren Spielen haben wir Kunststof durch nat\u00fcrliche Rohstoffe ersetzt: Holz, FSC-zertifiziertes Papier und Pappe, OEKO-TEX-zertifiziertes Baumwollgewebe, transparentes kompostierbares Material. Diese Materialien sind recycelbar oder bleiben vollst\u00e4ndig kompostierbar. Und das alles ohne jegliche Einbu\u00dfen bei der Spielqualit\u00e4t. Gr\u00fcn, nicht wahr? Von Grund auf gr\u00fcn Die 2020 er\u00f6ffnete \u00d6ko-Fabrik platzt buchst\u00e4blich aus allen N\u00e4hten vor innovativen,gr\u00fcnen L\u00f6sungen. Neben einer Fotovoltaikanlage wurde das Geb\u00e4ude mit Gasw\u00e4rmepumpen ausgestattet. Gasw\u00e4rmepumpen ausgestattet und die sanit\u00e4ren Anlagen werden mit Regenwasser betrieben. Das gesamte Projekt wurde als &#8222;Green Factory&#8221; umgesetzt, gem\u00e4\u00dft der BREEAM-Zertifizierung. Das bedeutet unter anderem, dass beim Bau auf lokale Zulieferer und Subunternehmer zur\u00fcckgegriffen wurde, was die Emissionen reduziert.<\/p>\n","protected":false},"author":1,"featured_media":0,"parent":0,"menu_order":1,"comment_status":"closed","ping_status":"open","template":"templates\/home.php","meta":{"inline_featured_image":false,"footnotes":""},"acf":[],"_links":{"self":[{"href":"https:\/\/dev.papercut.pl\/ecofriendlygame\/wp-json\/wp\/v2\/pages\/304"}],"collection":[{"href":"https:\/\/dev.papercut.pl\/ecofriendlygame\/wp-json\/wp\/v2\/pages"}],"about":[{"href":"https:\/\/dev.papercut.pl\/ecofriendlygame\/wp-json\/wp\/v2\/types\/page"}],"author":[{"embeddable":true,"href":"https:\/\/dev.papercut.pl\/ecofriendlygame\/wp-json\/wp\/v2\/users\/1"}],"replies":[{"embeddable":true,"href":"https:\/\/dev.papercut.pl\/ecofriendlygame\/wp-json\/wp\/v2\/comments?post=304"}],"version-history":[{"count":14,"href":"https:\/\/dev.papercut.pl\/ecofriendlygame\/wp-json\/wp\/v2\/pages\/304\/revisions"}],"predecessor-version":[{"id":561,"href":"https:\/\/dev.papercut.pl\/ecofriendlygame\/wp-json\/wp\/v2\/pages\/304\/revisions\/561"}],"wp:attachment":[{"href":"https:\/\/dev.papercut.pl\/ecofriendlygame\/wp-json\/wp\/v2\/media?parent=304"}],"curies":[{"name":"wp","href":"https:\/\/api.w.org\/{rel}","templated":true}]}}