{"id":2,"date":"2023-08-09T13:03:28","date_gmt":"2023-08-09T11:03:28","guid":{"rendered":"https:\/\/dev.papercut.pl\/ecofriendlygame\/?page_id=2"},"modified":"2023-10-17T10:23:43","modified_gmt":"2023-10-17T08:23:43","slug":"strona-glowna","status":"publish","type":"page","link":"https:\/\/dev.papercut.pl\/ecofriendlygame\/","title":{"rendered":"Strona g\u0142\u00f3wna"},"content":{"rendered":"\n<div class=\"wp-block-columns are-vertically-aligned-center is-style-mobile-reverse is-layout-flex wp-container-3 wp-block-columns-is-layout-flex\">\n<div class=\"wp-block-column is-vertically-aligned-center is-layout-flow wp-block-column-is-layout-flow\">\n<h3 class=\"wp-block-heading noMarginTop has-green-color has-text-color\">Po co plastik?<br><strong>Gramy w papier, karton, no\u017cyce!<\/strong><\/h3>\n\n\n\n<p class=\"is-style-default\"><strong>Papier, karton, drewno\u2026 I czego chcie\u0107 wi\u0119cej? Mo\u017ce paru certyfikat\u00f3w zapewniaj\u0105cych ich bezpieczne pozyskanie. I to te\u017c mamy!<\/strong><\/p>\n\n\n\n<p class=\"is-style-default\">W naszych grach zast\u0105pili\u015bmy plastik naturalnymi surowcami: drewnem, papierem i kartonem z certyfikatem FSC, tkanin\u0105 bawe\u0142nian\u0105 certyfikowan\u0105 OEKO-TEX, transparentnym kompostowalnym materia\u0142em. Materia\u0142y te podlegaj\u0105 recyklingowi lub pozostaj\u0105 w pe\u0142ni kompostowalne. A wszystko bez jakiejkolwiek straty na jako\u015bci gier. Zielono, prawda?<\/p>\n<\/div>\n\n\n\n<div class=\"wp-block-column is-vertically-aligned-center is-style-to-right-edge is-layout-flow wp-block-column-is-layout-flow\">\n<figure class=\"wp-block-image size-full noMarginBottom\"><img decoding=\"async\" loading=\"lazy\" width=\"814\" height=\"572\" src=\"https:\/\/dev.papercut.pl\/ecofriendlygame\/wp-content\/uploads\/2023\/08\/po-c-plastik.png\" alt=\"\" class=\"wp-image-81\" srcset=\"https:\/\/dev.papercut.pl\/ecofriendlygame\/wp-content\/uploads\/2023\/08\/po-c-plastik.png 814w, https:\/\/dev.papercut.pl\/ecofriendlygame\/wp-content\/uploads\/2023\/08\/po-c-plastik-300x211.png 300w, https:\/\/dev.papercut.pl\/ecofriendlygame\/wp-content\/uploads\/2023\/08\/po-c-plastik-768x540.png 768w, https:\/\/dev.papercut.pl\/ecofriendlygame\/wp-content\/uploads\/2023\/08\/po-c-plastik-49x34.png 49w, https:\/\/dev.papercut.pl\/ecofriendlygame\/wp-content\/uploads\/2023\/08\/po-c-plastik-121x85.png 121w\" sizes=\"(max-width: 814px) 100vw, 814px\" \/><\/figure>\n<\/div>\n<\/div>\n\n\n\n<div class=\"wp-block-buttons is-content-justification-center is-layout-flex wp-container-4 wp-block-buttons-is-layout-flex\">\n<div class=\"wp-block-button\"><a class=\"wp-block-button__link has-white-color has-raspberry-background-color has-text-color has-background wp-element-button\" href=\"https:\/\/dev.papercut.pl\/ecofriendlygame\/ekoblog\/\">Sprawd\u017a nasz ekoporadnik<\/a><\/div>\n<\/div>\n\n\n\n<div class=\"wp-block-columns are-vertically-aligned-center is-layout-flex wp-container-7 wp-block-columns-is-layout-flex\">\n<div class=\"wp-block-column is-vertically-aligned-center is-style-to-left-edge is-layout-flow wp-block-column-is-layout-flow\">\n<figure class=\"wp-block-image size-full\"><img decoding=\"async\" loading=\"lazy\" width=\"813\" height=\"456\" src=\"https:\/\/dev.papercut.pl\/ecofriendlygame\/wp-content\/uploads\/2023\/08\/zielone-od-podstaw.png\" alt=\"\" class=\"wp-image-99\" srcset=\"https:\/\/dev.papercut.pl\/ecofriendlygame\/wp-content\/uploads\/2023\/08\/zielone-od-podstaw.png 813w, https:\/\/dev.papercut.pl\/ecofriendlygame\/wp-content\/uploads\/2023\/08\/zielone-od-podstaw-300x168.png 300w, https:\/\/dev.papercut.pl\/ecofriendlygame\/wp-content\/uploads\/2023\/08\/zielone-od-podstaw-768x431.png 768w, https:\/\/dev.papercut.pl\/ecofriendlygame\/wp-content\/uploads\/2023\/08\/zielone-od-podstaw-49x27.png 49w, https:\/\/dev.papercut.pl\/ecofriendlygame\/wp-content\/uploads\/2023\/08\/zielone-od-podstaw-121x68.png 121w\" sizes=\"(max-width: 813px) 100vw, 813px\" \/><\/figure>\n<\/div>\n\n\n\n<div class=\"wp-block-column is-vertically-aligned-center is-layout-flow wp-block-column-is-layout-flow\">\n<h2 class=\"wp-block-heading noMarginTop has-green-color has-text-color\">Zielone od <strong>podstaw<\/strong><\/h2>\n\n\n\n<p class=\"is-style-default\">Uruchomiona w 2020 roku ekofarbyka&nbsp;dos\u0142ownie p\u0119ka w szwach od innowacyjnych,<br>zielonych rozwi\u0105za\u0144. Poza systemem fotowoltaicznym budynek zosta\u0142 zaopatrzony<br>w&nbsp;gazowe pompy ciep\u0142a, a&nbsp;w&nbsp;instalacjach sanitarnych wykorzystywane s\u0105&nbsp;wody opadowe. Ca\u0142a inwestycja wykonana zosta\u0142a w&nbsp;wariancie&nbsp;\u201eZielonej Fabryki\u201d, zgodnie z&nbsp;certyfikatem&nbsp;BREEAM. Oznacza to m.in., \u017ce&nbsp;podczas budowy korzystano z&nbsp;us\u0142ug lokalnych dostawc\u00f3w i&nbsp;podwykonawc\u00f3w, co zmniejszy\u0142o emisj\u0119 spalin.&nbsp;<\/p>\n\n\n\n<p class=\"is-style-default\">Nowatorskie maszyny, w jakie wyposa\u017cyli\u015bmy fabryk\u0119, optymalizuj\u0105 procesy produkcyjne, \u017ceby maksymalnie ogranicza\u0107 ich wp\u0142yw na \u015brodowisko. To wszystko&nbsp;w&nbsp;po\u0142\u0105czeniu z&nbsp;odpowiednimi surowcami i&nbsp;komponentami pozwala produkowa\u0107 gry, kt\u00f3re ekologiczne s\u0105 nie tylko z nazwy \u2013 pozostaj\u0105 zielone od podstaw!<\/p>\n<\/div>\n<\/div>\n","protected":false},"excerpt":{"rendered":"<p>Po co plastik?Gramy w papier, karton, no\u017cyce! Papier, karton, drewno\u2026 I czego chcie\u0107 wi\u0119cej? Mo\u017ce paru certyfikat\u00f3w zapewniaj\u0105cych ich bezpieczne pozyskanie. I to te\u017c mamy! W naszych grach zast\u0105pili\u015bmy plastik naturalnymi surowcami: drewnem, papierem i kartonem z certyfikatem FSC, tkanin\u0105 bawe\u0142nian\u0105 certyfikowan\u0105 OEKO-TEX, transparentnym kompostowalnym materia\u0142em. Materia\u0142y te podlegaj\u0105 recyklingowi lub pozostaj\u0105 w pe\u0142ni kompostowalne. A wszystko bez jakiejkolwiek straty na jako\u015bci gier. Zielono, prawda? Zielone od podstaw Uruchomiona w 2020 roku ekofarbyka&nbsp;dos\u0142ownie p\u0119ka w szwach od innowacyjnych,zielonych rozwi\u0105za\u0144. Poza systemem fotowoltaicznym budynek zosta\u0142 zaopatrzonyw&nbsp;gazowe pompy ciep\u0142a, a&nbsp;w&nbsp;instalacjach sanitarnych wykorzystywane s\u0105&nbsp;wody opadowe. Ca\u0142a inwestycja wykonana zosta\u0142a w&nbsp;wariancie&nbsp;\u201eZielonej Fabryki\u201d, zgodnie z&nbsp;certyfikatem&nbsp;BREEAM. Oznacza to m.in., \u017ce&nbsp;podczas budowy korzystano z&nbsp;us\u0142ug lokalnych dostawc\u00f3w i&nbsp;podwykonawc\u00f3w, co zmniejszy\u0142o emisj\u0119 spalin.&nbsp; Nowatorskie maszyny, w jakie wyposa\u017cyli\u015bmy fabryk\u0119, optymalizuj\u0105 procesy produkcyjne, \u017ceby maksymalnie ogranicza\u0107 ich wp\u0142yw na \u015brodowisko. To wszystko&nbsp;w&nbsp;po\u0142\u0105czeniu z&nbsp;odpowiednimi surowcami i&nbsp;komponentami pozwala produkowa\u0107 gry, kt\u00f3re ekologiczne s\u0105 nie tylko z nazwy \u2013 pozostaj\u0105 zielone od podstaw!<\/p>\n","protected":false},"author":1,"featured_media":0,"parent":0,"menu_order":7,"comment_status":"closed","ping_status":"closed","template":"templates\/home.php","meta":{"inline_featured_image":false,"footnotes":""},"acf":[],"_links":{"self":[{"href":"https:\/\/dev.papercut.pl\/ecofriendlygame\/wp-json\/wp\/v2\/pages\/2"}],"collection":[{"href":"https:\/\/dev.papercut.pl\/ecofriendlygame\/wp-json\/wp\/v2\/pages"}],"about":[{"href":"https:\/\/dev.papercut.pl\/ecofriendlygame\/wp-json\/wp\/v2\/types\/page"}],"author":[{"embeddable":true,"href":"https:\/\/dev.papercut.pl\/ecofriendlygame\/wp-json\/wp\/v2\/users\/1"}],"replies":[{"embeddable":true,"href":"https:\/\/dev.papercut.pl\/ecofriendlygame\/wp-json\/wp\/v2\/comments?post=2"}],"version-history":[{"count":51,"href":"https:\/\/dev.papercut.pl\/ecofriendlygame\/wp-json\/wp\/v2\/pages\/2\/revisions"}],"predecessor-version":[{"id":553,"href":"https:\/\/dev.papercut.pl\/ecofriendlygame\/wp-json\/wp\/v2\/pages\/2\/revisions\/553"}],"wp:attachment":[{"href":"https:\/\/dev.papercut.pl\/ecofriendlygame\/wp-json\/wp\/v2\/media?parent=2"}],"curies":[{"name":"wp","href":"https:\/\/api.w.org\/{rel}","templated":true}]}}