{"id":5414,"date":"2020-11-17T14:35:18","date_gmt":"2020-11-17T13:35:18","guid":{"rendered":"http:\/\/dev.papercut.pl\/tfi\/?page_id=5414"},"modified":"2020-11-17T14:35:19","modified_gmt":"2020-11-17T13:35:19","slug":"nota-prawna","status":"publish","type":"page","link":"http:\/\/dev.papercut.pl\/tfi\/informacje\/nota-prawna\/","title":{"rendered":"Nota prawna"},"content":{"rendered":"\r\n<div class=\"main\">\r\n    <div class=\"main__bg\" style=\"background-image: url(http:\/\/dev.papercut.pl\/tfi\/wp-content\/uploads\/2020\/11\/informacje_v1-1.png);\"><\/div>\r\n    <div class=\"main__bg2\" style=\"background-image: url(http:\/\/dev.papercut.pl\/tfi\/wp-content\/uploads\/2020\/10\/cover_basicU.png);\"><\/div>\r\n    <div class=\"container\">\r\n        <div class=\"main__wrapper\">\r\n            <div>\r\n                                    <span class=\"subtitle\" data-aos=\"fade-up\" data-aos-delay=\"100\">Informacje<\/span>\r\n                                <h1 class=\"h1\" data-aos=\"fade-up\" data-aos-delay=\"200\">Nota prawna<\/h1>\r\n            <\/div>\r\n\r\n            <a class=\"scroll-down\" href=\"#\" data-aos=\"fade-up\" data-aos-delay=\"400\">\r\n                <span>Dowiedz si\u0119 wi\u0119cej<\/span>\r\n                <span class=\"icon icon-arrow-down\"><svg xmlns=\"http:\/\/www.w3.org\/2000\/svg\" width=\"50\" height=\"50\" viewBox=\"0 0 50 50\"><g transform=\"translate(50 50) rotate(180)\"><g fill=\"#fff\" stroke=\"#fff\" stroke-width=\"2\"><circle cx=\"25\" cy=\"25\" r=\"25\" stroke=\"none\"\/><circle cx=\"25\" cy=\"25\" r=\"24\" fill=\"none\"\/><\/g><path d=\"M9,0,7.364,1.636l6.195,6.195H0v2.338H13.558L7.364,16.364,9,18l9-9Z\" transform=\"translate(16 34) rotate(-90)\"\/><\/g><\/svg><\/span>\r\n            <\/a>\r\n        <\/div>\r\n    <\/div>\r\n<\/div>\n\n\n<div class=\"wp-block-group is-style-letter-wrapper\"><div class=\"wp-block-group__inner-container\">\n<div class=\"wp-block-columns\">\n<div class=\"wp-block-column\">\n<h3>Informacje o przetwarzaniu danych osobowych<\/h3>\n\n\n\n<p>Niniejszy serwis internetowy jest wy\u0142\u0105czn\u0105 w\u0142asno\u015bci\u0105 FORUM TFI S.A.<\/p>\n\n\n\n<p>Niniejszy serwis internetowy korzysta z&nbsp;ochrony na podstawie ustawy z&nbsp;dnia 4&nbsp;lutego 1994 roku o&nbsp;prawie autorskim i&nbsp;prawach pokrewnych (tekst jednolity: Dz. U. z&nbsp;2006 roku, nr 90, poz. 631 z&nbsp;p\u00f3\u017an. zm.). Jakiekolwiek odtwarzanie, przegrywanie oraz zwielokrotnianie zawarto\u015bci niniejszego serwisu internetowego jest zabronione.<\/p>\n\n\n\n<p>Wszelkie prawa do znak\u00f3w towarowych, informacji i&nbsp;uk\u0142adu graficznego zamieszczonego w&nbsp;niniejszym serwisie s\u0105 wy\u0142\u0105czn\u0105 w\u0142asno\u015bci\u0105 FORUM TFI S.A. i&nbsp;podlegaj\u0105 ochronie na podstawie ustawy z&nbsp;dnia 30 czerwca 2000 roku Prawo w\u0142asno\u015bci przemys\u0142owej (tekst jednolity: Dz. U. z&nbsp;2003 roku, nr 119, poz. 1117 z&nbsp;p\u00f3\u017an. zm.).<\/p>\n\n\n\n<p>Informacje zawarte w&nbsp;niniejszym serwisie internetowym, maj\u0105 charakter og\u00f3lnych informacji, opisuj\u0105cych dzia\u0142alno\u015b\u0107 Partner\u00f3w GRUPY FORUM. Maj\u0105 one charakter wy\u0142\u0105cznie informacyjny i&nbsp;reklamowy, w&nbsp;szczeg\u00f3lno\u015bci nie stanowi\u0105 oferty w&nbsp;rozumieniu ustawy z&nbsp;dnia 23 kwietnia 1964 roku Kodeks Cywilny (Dz. U. nr 16, poz. 93 z&nbsp;p\u00f3\u017an. zm.), jak r\u00f3wnie\u017c rekomendacji inwestycyjnej w&nbsp;rozumieniu ustawy z&nbsp;dnia 29 lipca 2005 roku o&nbsp;obrocie instrumentami finansowymi (tekst jednolity: Dz. U. z&nbsp;2010 r., nr 211, poz. 1384 z&nbsp;p\u00f3\u017an. zm.), a&nbsp;tak\u017ce nie stanowi\u0105 us\u0142ugi doradztwa inwestycyjnego, doradztwa podatkowego ani pomocy prawnej.<\/p>\n\n\n\n<p>FORUM TFI S.A. zastrzega sobie prawo do wprowadzania bez uprzedzenia zmian w&nbsp;ca\u0142o\u015bci lub w&nbsp;cz\u0119\u015bci informacji zawartych w&nbsp;niniejszym serwisie internetowym oraz w&nbsp;uk\u0142adzie graficznym.<\/p>\n\n\n\n<p>FORUM TFI S.A. nie ponosi odpowiedzialno\u015bci za braki oraz niepoprawno\u015b\u0107 zamieszczonych w&nbsp;niniejszym serwisie internetowym informacji i&nbsp;dokument\u00f3w zaistnia\u0142ych z&nbsp;przyczyn niezale\u017cnych od FORUM TFI S.A.<\/p>\n\n\n\n<p>FORUM TFI S.A. nie ponosi odpowiedzialno\u015bci za jakiekolwiek szkody powsta\u0142e w&nbsp;wyniku korzystania lub te\u017c niemo\u017cno\u015bci korzystania z&nbsp;informacji lub dokument\u00f3w zamieszczonych w&nbsp;niniejszym serwisie internetowym.<\/p>\n\n\n\n<p>W niniejszym serwisie internetowym mog\u0105 zosta\u0107 zamieszczone linki do serwis\u00f3w internetowych, kt\u00f3rych w\u0142a\u015bcicielem jest inny podmiot ni\u017c FORUM TFI S.A. i&nbsp;w\u00f3wczas FORUM TFI S.A. nie ponosi odpowiedzialno\u015bci za ich zawarto\u015b\u0107 oraz dost\u0119pno\u015b\u0107.<\/p>\n<\/div>\n\n\n\n<div class=\"wp-block-column\">\n<figure class=\"wp-block-image size-large fade-up is-style-with-letter\"><img loading=\"lazy\" width=\"747\" height=\"575\" src=\"http:\/\/dev.papercut.pl\/tfi\/wp-content\/uploads\/2020\/07\/typek_2.png\" alt=\"\" class=\"wp-image-2029\"\/><\/figure>\n<\/div>\n<\/div>\n<\/div><\/div>\n\n\n\n<p><\/p>\n","protected":false},"excerpt":{"rendered":"","protected":false},"author":1,"featured_media":0,"parent":1961,"menu_order":52,"comment_status":"closed","ping_status":"closed","template":"","meta":[],"_links":{"self":[{"href":"http:\/\/dev.papercut.pl\/tfi\/wp-json\/wp\/v2\/pages\/5414"}],"collection":[{"href":"http:\/\/dev.papercut.pl\/tfi\/wp-json\/wp\/v2\/pages"}],"about":[{"href":"http:\/\/dev.papercut.pl\/tfi\/wp-json\/wp\/v2\/types\/page"}],"author":[{"embeddable":true,"href":"http:\/\/dev.papercut.pl\/tfi\/wp-json\/wp\/v2\/users\/1"}],"replies":[{"embeddable":true,"href":"http:\/\/dev.papercut.pl\/tfi\/wp-json\/wp\/v2\/comments?post=5414"}],"version-history":[{"count":1,"href":"http:\/\/dev.papercut.pl\/tfi\/wp-json\/wp\/v2\/pages\/5414\/revisions"}],"predecessor-version":[{"id":5415,"href":"http:\/\/dev.papercut.pl\/tfi\/wp-json\/wp\/v2\/pages\/5414\/revisions\/5415"}],"up":[{"embeddable":true,"href":"http:\/\/dev.papercut.pl\/tfi\/wp-json\/wp\/v2\/pages\/1961"}],"wp:attachment":[{"href":"http:\/\/dev.papercut.pl\/tfi\/wp-json\/wp\/v2\/media?parent=5414"}],"curies":[{"name":"wp","href":"https:\/\/api.w.org\/{rel}","templated":true}]}}