{"id":4146,"date":"2020-11-13T13:41:02","date_gmt":"2020-11-13T12:41:02","guid":{"rendered":"http:\/\/dev.papercut.pl\/tfi\/?page_id=4146"},"modified":"2020-11-27T12:15:37","modified_gmt":"2020-11-27T11:15:37","slug":"mateusz-sarapata-2","status":"publish","type":"page","link":"http:\/\/dev.papercut.pl\/tfi\/o-nas\/mateusz-sarapata-2\/","title":{"rendered":"Mateusz Sarapata"},"content":{"rendered":"\r\n<div class=\"main-green\">\r\n    <div class=\"main-green__container\">\r\n        <div class=\"container\">\r\n            <div class=\"main-green__wrapper\">\r\n                <h1 class=\"h1\" data-aos=\"fade-up\" data-aos-delay=\"100\">Mateusz<br>Sarapata<\/h1>\r\n                <span class=\"subtitle\" data-aos=\"fade-up\" data-aos-delay=\"200\">Prezes Zarz\u0105du<\/span>\r\n                                    <div data-aos=\"fade-up\" data-aos-delay=\"300\"><p>W Forum TFI nadzoruje procesy operacyjne podejmowane przez fundusze inwestycyjne zarz\u0105dzane przez Towarzystwo.<\/p>\n<\/div>\r\n                                <div class=\"main-green__btn-group\" data-aos=\"fade-up\" data-aos-delay=\"300\">\r\n                                    <\/div>\r\n            <\/div>\r\n        <\/div>\r\n        <img src=\"http:\/\/dev.papercut.pl\/tfi\/wp-content\/uploads\/2020\/09\/mateusz-sarapata.png\" class=\"main-green__avatar\" data-aos=\"fade-up\" data-aos-delay=\"100\" alt=\"\">\r\n    <\/div>\r\n<\/div>\n\n\n<div class=\"wp-block-group\"><div class=\"wp-block-group__inner-container\">\n<div class=\"wp-block-columns\">\n<div class=\"wp-block-column\">\n<h3>Kim jest Mateusz Sarapata?<\/h3>\n\n\n\n<p><strong><strong>Uko\u0144czy\u0142 studia prawnicze na Wydziale Prawa i&nbsp;Administracji Uniwersytetu Jagiello\u0144skiego. Specjalista w&nbsp;zakresie prawa korporacyjnego oraz prawa papier\u00f3w warto\u015bciowych.<\/strong><\/strong><\/p>\n\n\n\n<p>Posiada bogate do\u015bwiadczenie w&nbsp;zarz\u0105dzaniu dzia\u0142alno\u015bci\u0105 funduszy inwestycyjnych zamkni\u0119tych. Ponadto posiada do\u015bwiadczenie w&nbsp;organizacji wewn\u0119trznych jednostek strukturalnych przedsi\u0119biorstw oraz w&nbsp;zakresie zarz\u0105dzania zasobami ludzkimi.<\/p>\n<\/div>\n\n\n\n<div class=\"wp-block-column\">\n<figure class=\"wp-block-image size-large\"><img loading=\"lazy\" width=\"1920\" height=\"1856\" src=\"http:\/\/dev.papercut.pl\/tfi\/wp-content\/uploads\/2020\/10\/KIM-JEST-1-01-1920x1856.png\" alt=\"\" class=\"wp-image-2964\" srcset=\"http:\/\/dev.papercut.pl\/tfi\/wp-content\/uploads\/2020\/10\/KIM-JEST-1-01-1920x1856.png 1920w, http:\/\/dev.papercut.pl\/tfi\/wp-content\/uploads\/2020\/10\/KIM-JEST-1-01-1000x966.png 1000w, http:\/\/dev.papercut.pl\/tfi\/wp-content\/uploads\/2020\/10\/KIM-JEST-1-01-768x742.png 768w, http:\/\/dev.papercut.pl\/tfi\/wp-content\/uploads\/2020\/10\/KIM-JEST-1-01-1536x1484.png 1536w, http:\/\/dev.papercut.pl\/tfi\/wp-content\/uploads\/2020\/10\/KIM-JEST-1-01-2048x1979.png 2048w\" sizes=\"(max-width: 1920px) 100vw, 1920px\" \/><\/figure>\n<\/div>\n<\/div>\n\n\n\n<p><\/p>\n<\/div><\/div>\n","protected":false},"excerpt":{"rendered":"","protected":false},"author":3,"featured_media":0,"parent":1984,"menu_order":17,"comment_status":"closed","ping_status":"closed","template":"","meta":[],"_links":{"self":[{"href":"http:\/\/dev.papercut.pl\/tfi\/wp-json\/wp\/v2\/pages\/4146"}],"collection":[{"href":"http:\/\/dev.papercut.pl\/tfi\/wp-json\/wp\/v2\/pages"}],"about":[{"href":"http:\/\/dev.papercut.pl\/tfi\/wp-json\/wp\/v2\/types\/page"}],"author":[{"embeddable":true,"href":"http:\/\/dev.papercut.pl\/tfi\/wp-json\/wp\/v2\/users\/3"}],"replies":[{"embeddable":true,"href":"http:\/\/dev.papercut.pl\/tfi\/wp-json\/wp\/v2\/comments?post=4146"}],"version-history":[{"count":3,"href":"http:\/\/dev.papercut.pl\/tfi\/wp-json\/wp\/v2\/pages\/4146\/revisions"}],"predecessor-version":[{"id":5423,"href":"http:\/\/dev.papercut.pl\/tfi\/wp-json\/wp\/v2\/pages\/4146\/revisions\/5423"}],"up":[{"embeddable":true,"href":"http:\/\/dev.papercut.pl\/tfi\/wp-json\/wp\/v2\/pages\/1984"}],"wp:attachment":[{"href":"http:\/\/dev.papercut.pl\/tfi\/wp-json\/wp\/v2\/media?parent=4146"}],"curies":[{"name":"wp","href":"https:\/\/api.w.org\/{rel}","templated":true}]}}