{"id":4134,"date":"2020-11-13T13:34:56","date_gmt":"2020-11-13T12:34:56","guid":{"rendered":"http:\/\/dev.papercut.pl\/tfi\/?page_id=4134"},"modified":"2020-11-27T12:16:07","modified_gmt":"2020-11-27T11:16:07","slug":"witold-obszynski-3","status":"publish","type":"page","link":"http:\/\/dev.papercut.pl\/tfi\/en\/o-nas\/witold-obszynski-3\/","title":{"rendered":"Witold Obszy\u0144ski"},"content":{"rendered":"\r\n<div class=\"main-green\">\r\n    <div class=\"main-green__container\">\r\n        <div class=\"container\">\r\n            <div class=\"main-green__wrapper\">\r\n                <h1 class=\"h1\" data-aos=\"fade-up\" data-aos-delay=\"100\">Witold<br>Obszy\u0144ski<\/h1>\r\n                <span class=\"subtitle\" data-aos=\"fade-up\" data-aos-delay=\"200\">Member of the Supervisory Board<\/span>\r\n                                    <div data-aos=\"fade-up\" data-aos-delay=\"300\"><\/div>\r\n                                <div class=\"main-green__btn-group\" data-aos=\"fade-up\" data-aos-delay=\"300\">\r\n                                    <\/div>\r\n            <\/div>\r\n        <\/div>\r\n        <img src=\"http:\/\/dev.papercut.pl\/tfi\/wp-content\/uploads\/2020\/09\/witold-obszynski.png\" class=\"main-green__avatar\" data-aos=\"fade-up\" data-aos-delay=\"100\" alt=\"\">\r\n    <\/div>\r\n<\/div>\n\n\n<div class=\"wp-block-group\"><div class=\"wp-block-group__inner-container\">\n<div class=\"wp-block-columns\">\n<div class=\"wp-block-column\">\n<h3>Who Witold Obszy\u0144ski?<\/h3>\n\n\n\n<p><strong><strong>Graduate of the Faculty of Management of AGH University of Science and Technology in Krakow. Has vast experience in managing financial institutions, especially in the area of products structure, sales, marketing and relationships with clients.<\/strong><\/strong><\/p>\n\n\n\n<p>Witold Obszy\u0144ski worked for, among others, PKO BP S.A., Bank \u015al\u0105ski S.A. (now ING Bank S.A.), BIG Bank (now Millennium Bank). He has expertise in the creation of sales teams and management models; among other things, author of the concept of Regional Tactic of Bank PEKAO S.A. As a&nbsp;member of the receivership team he created a&nbsp;reorganization programme for Bank Wsp\u00f3\u0142pracy Regionalnej S.A. in&nbsp;Krakow. He was a&nbsp;Management Board member of Deutsche Bank PBC S.A. and director responsible for the management of an all-Poland sales network.<\/p>\n\n\n\n<p><\/p>\n<\/div>\n\n\n\n<div class=\"wp-block-column\">\n<figure class=\"wp-block-image size-large\"><img loading=\"lazy\" width=\"1920\" height=\"1856\" src=\"http:\/\/dev.papercut.pl\/tfi\/wp-content\/uploads\/2020\/10\/KIM-JEST-1-01-1920x1856.png\" alt=\"\" class=\"wp-image-2964\" srcset=\"http:\/\/dev.papercut.pl\/tfi\/wp-content\/uploads\/2020\/10\/KIM-JEST-1-01-1920x1856.png 1920w, http:\/\/dev.papercut.pl\/tfi\/wp-content\/uploads\/2020\/10\/KIM-JEST-1-01-1000x966.png 1000w, http:\/\/dev.papercut.pl\/tfi\/wp-content\/uploads\/2020\/10\/KIM-JEST-1-01-768x742.png 768w, http:\/\/dev.papercut.pl\/tfi\/wp-content\/uploads\/2020\/10\/KIM-JEST-1-01-1536x1484.png 1536w, http:\/\/dev.papercut.pl\/tfi\/wp-content\/uploads\/2020\/10\/KIM-JEST-1-01-2048x1979.png 2048w\" sizes=\"(max-width: 1920px) 100vw, 1920px\" \/><\/figure>\n<\/div>\n<\/div>\n\n\n\n<p><\/p>\n<\/div><\/div>\n","protected":false},"excerpt":{"rendered":"","protected":false},"author":3,"featured_media":0,"parent":1984,"menu_order":21,"comment_status":"closed","ping_status":"closed","template":"","meta":[],"_links":{"self":[{"href":"http:\/\/dev.papercut.pl\/tfi\/wp-json\/wp\/v2\/pages\/4134"}],"collection":[{"href":"http:\/\/dev.papercut.pl\/tfi\/wp-json\/wp\/v2\/pages"}],"about":[{"href":"http:\/\/dev.papercut.pl\/tfi\/wp-json\/wp\/v2\/types\/page"}],"author":[{"embeddable":true,"href":"http:\/\/dev.papercut.pl\/tfi\/wp-json\/wp\/v2\/users\/3"}],"replies":[{"embeddable":true,"href":"http:\/\/dev.papercut.pl\/tfi\/wp-json\/wp\/v2\/comments?post=4134"}],"version-history":[{"count":3,"href":"http:\/\/dev.papercut.pl\/tfi\/wp-json\/wp\/v2\/pages\/4134\/revisions"}],"predecessor-version":[{"id":5537,"href":"http:\/\/dev.papercut.pl\/tfi\/wp-json\/wp\/v2\/pages\/4134\/revisions\/5537"}],"up":[{"embeddable":true,"href":"http:\/\/dev.papercut.pl\/tfi\/wp-json\/wp\/v2\/pages\/1984"}],"wp:attachment":[{"href":"http:\/\/dev.papercut.pl\/tfi\/wp-json\/wp\/v2\/media?parent=4134"}],"curies":[{"name":"wp","href":"https:\/\/api.w.org\/{rel}","templated":true}]}}