{"id":4124,"date":"2020-11-13T13:21:55","date_gmt":"2020-11-13T12:21:55","guid":{"rendered":"http:\/\/dev.papercut.pl\/tfi\/?page_id=4124"},"modified":"2020-11-27T12:16:00","modified_gmt":"2020-11-27T11:16:00","slug":"witold-obszynski-2","status":"publish","type":"page","link":"http:\/\/dev.papercut.pl\/tfi\/o-nas\/witold-obszynski-2\/","title":{"rendered":"Witold Obszy\u0144ski"},"content":{"rendered":"\r\n<div class=\"main-green\">\r\n    <div class=\"main-green__container\">\r\n        <div class=\"container\">\r\n            <div class=\"main-green__wrapper\">\r\n                <h1 class=\"h1\" data-aos=\"fade-up\" data-aos-delay=\"100\">Witold<br>Obszy\u0144ski<\/h1>\r\n                <span class=\"subtitle\" data-aos=\"fade-up\" data-aos-delay=\"200\">Cz\u0142onek Rady Nadzorczej<\/span>\r\n                                    <div data-aos=\"fade-up\" data-aos-delay=\"300\"><\/div>\r\n                                <div class=\"main-green__btn-group\" data-aos=\"fade-up\" data-aos-delay=\"300\">\r\n                                    <\/div>\r\n            <\/div>\r\n        <\/div>\r\n        <img src=\"http:\/\/dev.papercut.pl\/tfi\/wp-content\/uploads\/2020\/09\/witold-obszynski.png\" class=\"main-green__avatar\" data-aos=\"fade-up\" data-aos-delay=\"100\" alt=\"\">\r\n    <\/div>\r\n<\/div>\n\n\n<div class=\"wp-block-group\"><div class=\"wp-block-group__inner-container\">\n<div class=\"wp-block-columns\">\n<div class=\"wp-block-column\">\n<h3>Kim jest Witold Obszy\u0144ski?<\/h3>\n\n\n\n<p><strong><strong>Absolwent Wydzia\u0142u Zarz\u0105dzania Akademii G\u00f3rniczo-Hutniczej w&nbsp;Krakowie. Posiada wieloletnie do\u015bwiadczenie w&nbsp;zarz\u0105dzaniu instytucjami finansowymi, w&nbsp;szczeg\u00f3lno\u015bci obszarami konstrukcji produkt\u00f3w, sprzeda\u017cy, marketingu i&nbsp;relacji z&nbsp;klientami.&nbsp;<\/strong><\/strong><\/p>\n\n\n\n<p>Pracowa\u0142 m.in. dla PKO BP S.A., Banku \u015al\u0105skiego S.A. (obecnie ING), BIG Banku (obecnie Millennium Bank). Posiada do\u015bwiadczenie w&nbsp;zakresie budowania zespo\u0142\u00f3w sprzeda\u017cowych i&nbsp;modeli zarz\u0105dzania, m.in. autor koncepcji Regionalnej Taktyki Banku PEKAO S.A. B\u0119d\u0105c cz\u0142onkiem zarz\u0105du komisarycznego, wsp\u00f3\u0142tworzy\u0142 program naprawczy Banku Wsp\u00f3\u0142pracy Regionalnej S.A. w&nbsp;Krakowie. By\u0142 cz\u0142onkiem zarz\u0105du Deutsche Bank PBC S.A. oraz dyrektorem odpowiedzialnym za zarz\u0105dzanie og\u00f3lnopolsk\u0105 sieci\u0105 sprzeda\u017cy.<\/p>\n\n\n\n<p>W latach 2006-2013 by\u0142 wiceprezesem zarz\u0105du, a&nbsp;w latach 2013-2015 prezesem zarz\u0105du Forum TFI S.A.<\/p>\n<\/div>\n\n\n\n<div class=\"wp-block-column\">\n<figure class=\"wp-block-image size-large\"><img loading=\"lazy\" width=\"1920\" height=\"1856\" src=\"http:\/\/dev.papercut.pl\/tfi\/wp-content\/uploads\/2020\/10\/KIM-JEST-1-01-1920x1856.png\" alt=\"\" class=\"wp-image-2964\" srcset=\"http:\/\/dev.papercut.pl\/tfi\/wp-content\/uploads\/2020\/10\/KIM-JEST-1-01-1920x1856.png 1920w, http:\/\/dev.papercut.pl\/tfi\/wp-content\/uploads\/2020\/10\/KIM-JEST-1-01-1000x966.png 1000w, http:\/\/dev.papercut.pl\/tfi\/wp-content\/uploads\/2020\/10\/KIM-JEST-1-01-768x742.png 768w, http:\/\/dev.papercut.pl\/tfi\/wp-content\/uploads\/2020\/10\/KIM-JEST-1-01-1536x1484.png 1536w, http:\/\/dev.papercut.pl\/tfi\/wp-content\/uploads\/2020\/10\/KIM-JEST-1-01-2048x1979.png 2048w\" sizes=\"(max-width: 1920px) 100vw, 1920px\" \/><\/figure>\n<\/div>\n<\/div>\n\n\n\n<p><\/p>\n<\/div><\/div>\n","protected":false},"excerpt":{"rendered":"","protected":false},"author":3,"featured_media":0,"parent":1984,"menu_order":20,"comment_status":"closed","ping_status":"closed","template":"","meta":[],"_links":{"self":[{"href":"http:\/\/dev.papercut.pl\/tfi\/wp-json\/wp\/v2\/pages\/4124"}],"collection":[{"href":"http:\/\/dev.papercut.pl\/tfi\/wp-json\/wp\/v2\/pages"}],"about":[{"href":"http:\/\/dev.papercut.pl\/tfi\/wp-json\/wp\/v2\/types\/page"}],"author":[{"embeddable":true,"href":"http:\/\/dev.papercut.pl\/tfi\/wp-json\/wp\/v2\/users\/3"}],"replies":[{"embeddable":true,"href":"http:\/\/dev.papercut.pl\/tfi\/wp-json\/wp\/v2\/comments?post=4124"}],"version-history":[{"count":3,"href":"http:\/\/dev.papercut.pl\/tfi\/wp-json\/wp\/v2\/pages\/4124\/revisions"}],"predecessor-version":[{"id":5536,"href":"http:\/\/dev.papercut.pl\/tfi\/wp-json\/wp\/v2\/pages\/4124\/revisions\/5536"}],"up":[{"embeddable":true,"href":"http:\/\/dev.papercut.pl\/tfi\/wp-json\/wp\/v2\/pages\/1984"}],"wp:attachment":[{"href":"http:\/\/dev.papercut.pl\/tfi\/wp-json\/wp\/v2\/media?parent=4124"}],"curies":[{"name":"wp","href":"https:\/\/api.w.org\/{rel}","templated":true}]}}