{"id":4121,"date":"2020-11-13T13:18:25","date_gmt":"2020-11-13T12:18:25","guid":{"rendered":"http:\/\/dev.papercut.pl\/tfi\/?page_id=4121"},"modified":"2020-11-27T12:15:52","modified_gmt":"2020-11-27T11:15:52","slug":"mateusz-rodzynkiewicz-3","status":"publish","type":"page","link":"http:\/\/dev.papercut.pl\/tfi\/o-nas\/mateusz-rodzynkiewicz-3\/","title":{"rendered":"Mateusz Rodzynkiewicz"},"content":{"rendered":"\r\n<div class=\"main-green\">\r\n    <div class=\"main-green__container\">\r\n        <div class=\"container\">\r\n            <div class=\"main-green__wrapper\">\r\n                <h1 class=\"h1\" data-aos=\"fade-up\" data-aos-delay=\"100\">dr Mateusz<br>Rodzynkiewicz<\/h1>\r\n                <span class=\"subtitle\" data-aos=\"fade-up\" data-aos-delay=\"200\">Cz\u0142onek Rady Nadzorczej<\/span>\r\n                                    <div data-aos=\"fade-up\" data-aos-delay=\"300\"><\/div>\r\n                                <div class=\"main-green__btn-group\" data-aos=\"fade-up\" data-aos-delay=\"300\">\r\n                                    <\/div>\r\n            <\/div>\r\n        <\/div>\r\n        <img src=\"http:\/\/dev.papercut.pl\/tfi\/wp-content\/uploads\/2020\/09\/mateusz-rodzynkiewicz.png\" class=\"main-green__avatar\" data-aos=\"fade-up\" data-aos-delay=\"100\" alt=\"\">\r\n    <\/div>\r\n<\/div>\n\n\n<div class=\"wp-block-group\"><div class=\"wp-block-group__inner-container\">\n<div class=\"wp-block-columns\">\n<div class=\"wp-block-column\">\n<h3>Kim jest dr Mateusz Rodzynkiewicz?<\/h3>\n\n\n\n<p><strong><strong>Uko\u0144czy\u0142 studia prawnicze na Wydziale Prawa i&nbsp;Administracji Uniwersytetu Jagiello\u0144skiego w&nbsp;roku 1989. W&nbsp;latach 1989 \u2013&nbsp;2004 pracownik naukowy na Wydziale Prawa i&nbsp;Administracji UJ, najpierw jako asystent, a&nbsp;nast\u0119pnie jako adiunkt. Po uko\u0144czeniu aplikacji s\u0119dziowskiej, w&nbsp;1991 roku z\u0142o\u017cy\u0142 egzamin s\u0119dziowski. W&nbsp;roku 1993 uzyska\u0142 uprawnienia radcy prawnego a&nbsp;w 1994 roku stopie\u0144 doktora nauk prawnych.<\/strong><\/strong><\/p>\n\n\n\n<p>Za\u0142o\u017cyciel i&nbsp;partner Kancelarii Radc\u00f3w Prawnych \u201eOle\u015b &amp; Rodzynkiewicz\u201d sp.k., kt\u00f3ra od 1996 roku specjalizuje si\u0119 w&nbsp;kompleksowym doradztwie prawnym w&nbsp;zakresie prawa gospodarczego, w&nbsp;tym w&nbsp;szczeg\u00f3lno\u015bci zwi\u0105zanym z&nbsp;wszelkiego rodzaju przedsi\u0119wzi\u0119ciami na rynku kapita\u0142owo-finansowym takimi jak fuzje i&nbsp;przej\u0119cia, publiczne i&nbsp;prywatne emisje akcji, emisje d\u0142u\u017cnych papier\u00f3w warto\u015bciowych, procesy prywatyzacyjne, organizowanie struktur holdingowych, przekszta\u0142cenia i&nbsp;procesy restrukturyzacji podmiot\u00f3w gospodarczych, finansowanie proces\u00f3w inwestycyjnych, ze szczeg\u00f3lnym uwzgl\u0119dnieniem nietypowych i&nbsp;nowatorskich transakcji.<\/p>\n\n\n\n<p>Dr Mateusz Rodzynkiewicz specjalizuje si\u0119 w&nbsp;zagadnieniach prawa handlowego i&nbsp;prawa rynku kapita\u0142owego (sp\u00f3\u0142ki publiczne, fuzje i&nbsp;przej\u0119cia, inwestycje kapita\u0142owe) oraz prowadzi szkolenia dotycz\u0105ce problematyki fuzji i&nbsp;przej\u0119\u0107 kapita\u0142owych, a&nbsp;tak\u017ce pozyskiwania kapita\u0142u na rynku regulowanym oraz restrukturyzacji przedsi\u0119biorstw. Doradza\u0142 przy kilkudziesi\u0119ciu emisjach papier\u00f3w warto\u015bciowych (akcji, obligacji, obligacji zamiennych) realizowanych w&nbsp;warunkach publicznego i&nbsp;niepublicznego obrotu papierami warto\u015bciowymi.<\/p>\n<\/div>\n\n\n\n<div class=\"wp-block-column\">\n<figure class=\"wp-block-image size-large\"><img loading=\"lazy\" width=\"1920\" height=\"1856\" src=\"http:\/\/dev.papercut.pl\/tfi\/wp-content\/uploads\/2020\/10\/KIM-JEST-1-01-1920x1856.png\" alt=\"\" class=\"wp-image-2964\" srcset=\"http:\/\/dev.papercut.pl\/tfi\/wp-content\/uploads\/2020\/10\/KIM-JEST-1-01-1920x1856.png 1920w, http:\/\/dev.papercut.pl\/tfi\/wp-content\/uploads\/2020\/10\/KIM-JEST-1-01-1000x966.png 1000w, http:\/\/dev.papercut.pl\/tfi\/wp-content\/uploads\/2020\/10\/KIM-JEST-1-01-768x742.png 768w, http:\/\/dev.papercut.pl\/tfi\/wp-content\/uploads\/2020\/10\/KIM-JEST-1-01-1536x1484.png 1536w, http:\/\/dev.papercut.pl\/tfi\/wp-content\/uploads\/2020\/10\/KIM-JEST-1-01-2048x1979.png 2048w\" sizes=\"(max-width: 1920px) 100vw, 1920px\" \/><\/figure>\n<\/div>\n<\/div>\n\n\n\n<p><\/p>\n<\/div><\/div>\n","protected":false},"excerpt":{"rendered":"","protected":false},"author":3,"featured_media":0,"parent":1984,"menu_order":19,"comment_status":"closed","ping_status":"closed","template":"","meta":[],"_links":{"self":[{"href":"http:\/\/dev.papercut.pl\/tfi\/wp-json\/wp\/v2\/pages\/4121"}],"collection":[{"href":"http:\/\/dev.papercut.pl\/tfi\/wp-json\/wp\/v2\/pages"}],"about":[{"href":"http:\/\/dev.papercut.pl\/tfi\/wp-json\/wp\/v2\/types\/page"}],"author":[{"embeddable":true,"href":"http:\/\/dev.papercut.pl\/tfi\/wp-json\/wp\/v2\/users\/3"}],"replies":[{"embeddable":true,"href":"http:\/\/dev.papercut.pl\/tfi\/wp-json\/wp\/v2\/comments?post=4121"}],"version-history":[{"count":3,"href":"http:\/\/dev.papercut.pl\/tfi\/wp-json\/wp\/v2\/pages\/4121\/revisions"}],"predecessor-version":[{"id":5535,"href":"http:\/\/dev.papercut.pl\/tfi\/wp-json\/wp\/v2\/pages\/4121\/revisions\/5535"}],"up":[{"embeddable":true,"href":"http:\/\/dev.papercut.pl\/tfi\/wp-json\/wp\/v2\/pages\/1984"}],"wp:attachment":[{"href":"http:\/\/dev.papercut.pl\/tfi\/wp-json\/wp\/v2\/media?parent=4121"}],"curies":[{"name":"wp","href":"https:\/\/api.w.org\/{rel}","templated":true}]}}