{"id":4118,"date":"2020-11-13T13:14:50","date_gmt":"2020-11-13T12:14:50","guid":{"rendered":"http:\/\/dev.papercut.pl\/tfi\/?page_id=4118"},"modified":"2020-11-27T12:16:22","modified_gmt":"2020-11-27T11:16:22","slug":"jakub-tropilo","status":"publish","type":"page","link":"http:\/\/dev.papercut.pl\/tfi\/o-nas\/jakub-tropilo\/","title":{"rendered":"Jakub Tropi\u0142o"},"content":{"rendered":"\r\n<div class=\"main-green\">\r\n    <div class=\"main-green__container\">\r\n        <div class=\"container\">\r\n            <div class=\"main-green__wrapper\">\r\n                <h1 class=\"h1\" data-aos=\"fade-up\" data-aos-delay=\"100\">Jakub<br>Tropi\u0142o<\/h1>\r\n                <span class=\"subtitle\" data-aos=\"fade-up\" data-aos-delay=\"200\">Zast\u0119pca Przewodnicz\u0105cego Rady Nadzorczej<\/span>\r\n                                    <div data-aos=\"fade-up\" data-aos-delay=\"300\"><\/div>\r\n                                <div class=\"main-green__btn-group\" data-aos=\"fade-up\" data-aos-delay=\"300\">\r\n                                    <\/div>\r\n            <\/div>\r\n        <\/div>\r\n        <img src=\"http:\/\/dev.papercut.pl\/tfi\/wp-content\/uploads\/2020\/10\/avatar.png\" class=\"main-green__avatar\" data-aos=\"fade-up\" data-aos-delay=\"100\" alt=\"\">\r\n    <\/div>\r\n<\/div>\n\n\n<div class=\"wp-block-group\"><div class=\"wp-block-group__inner-container\">\n<div class=\"wp-block-columns\">\n<div class=\"wp-block-column\">\n<h3>Kim jest Jakub Tropi\u0142o?<\/h3>\n\n\n\n<p><strong><strong>Z&nbsp;wykszta\u0142cenia jest fizykiem j\u0105drowym, absolwentem i&nbsp;by\u0142ym pracownikiem naukowym Uniwersytetu Warszawskiego.&nbsp;<\/strong><\/strong><\/p>\n\n\n\n<p>Przez wiele lat zwi\u0105zany z&nbsp;Grup\u0105 PZU. Jest jednym z&nbsp;pierwszych w&nbsp;Polsce aktuariuszy. By\u0142 cz\u0142onkiem zarz\u0105du, a&nbsp;w latach 1999-2006 prezesem Zarz\u0105du PTE PZU S.A., sp\u00f3\u0142ki zarz\u0105dzaj\u0105cej trzecim, co do wielko\u015bci funduszem emerytalnym w&nbsp;Polsce.&nbsp;&nbsp; <\/p>\n\n\n\n<p>Zarz\u0105dzanie funduszem emerytalnym przerwa\u0142 na kr\u00f3tko na prze\u0142omie 2000 i&nbsp;2001 roku pe\u0142ni\u0105c funkcj\u0119 podsekretarza stanu w&nbsp;Ministerstwie Skarbu Pa\u0144stwa. Do 2010 roku by\u0142 prezesem Zarz\u0105du Forum TFI S.A. Jest r\u00f3wnie\u017c prezesem Zarz\u0105du IFAS Sp. z&nbsp;o.&nbsp;o. Sp.&nbsp;k.<\/p>\n<\/div>\n\n\n\n<div class=\"wp-block-column\">\n<figure class=\"wp-block-image size-large\"><img loading=\"lazy\" width=\"1920\" height=\"1856\" src=\"http:\/\/dev.papercut.pl\/tfi\/wp-content\/uploads\/2020\/10\/KIM-JEST-1-01-1920x1856.png\" alt=\"\" class=\"wp-image-2964\" srcset=\"http:\/\/dev.papercut.pl\/tfi\/wp-content\/uploads\/2020\/10\/KIM-JEST-1-01-1920x1856.png 1920w, http:\/\/dev.papercut.pl\/tfi\/wp-content\/uploads\/2020\/10\/KIM-JEST-1-01-1000x966.png 1000w, http:\/\/dev.papercut.pl\/tfi\/wp-content\/uploads\/2020\/10\/KIM-JEST-1-01-768x742.png 768w, http:\/\/dev.papercut.pl\/tfi\/wp-content\/uploads\/2020\/10\/KIM-JEST-1-01-1536x1484.png 1536w, http:\/\/dev.papercut.pl\/tfi\/wp-content\/uploads\/2020\/10\/KIM-JEST-1-01-2048x1979.png 2048w\" sizes=\"(max-width: 1920px) 100vw, 1920px\" \/><\/figure>\n<\/div>\n<\/div>\n\n\n\n<p><\/p>\n<\/div><\/div>\n","protected":false},"excerpt":{"rendered":"","protected":false},"author":3,"featured_media":0,"parent":1984,"menu_order":23,"comment_status":"closed","ping_status":"closed","template":"","meta":[],"_links":{"self":[{"href":"http:\/\/dev.papercut.pl\/tfi\/wp-json\/wp\/v2\/pages\/4118"}],"collection":[{"href":"http:\/\/dev.papercut.pl\/tfi\/wp-json\/wp\/v2\/pages"}],"about":[{"href":"http:\/\/dev.papercut.pl\/tfi\/wp-json\/wp\/v2\/types\/page"}],"author":[{"embeddable":true,"href":"http:\/\/dev.papercut.pl\/tfi\/wp-json\/wp\/v2\/users\/3"}],"replies":[{"embeddable":true,"href":"http:\/\/dev.papercut.pl\/tfi\/wp-json\/wp\/v2\/comments?post=4118"}],"version-history":[{"count":3,"href":"http:\/\/dev.papercut.pl\/tfi\/wp-json\/wp\/v2\/pages\/4118\/revisions"}],"predecessor-version":[{"id":5539,"href":"http:\/\/dev.papercut.pl\/tfi\/wp-json\/wp\/v2\/pages\/4118\/revisions\/5539"}],"up":[{"embeddable":true,"href":"http:\/\/dev.papercut.pl\/tfi\/wp-json\/wp\/v2\/pages\/1984"}],"wp:attachment":[{"href":"http:\/\/dev.papercut.pl\/tfi\/wp-json\/wp\/v2\/media?parent=4118"}],"curies":[{"name":"wp","href":"https:\/\/api.w.org\/{rel}","templated":true}]}}