{"id":4108,"date":"2020-11-13T12:54:56","date_gmt":"2020-11-13T11:54:56","guid":{"rendered":"http:\/\/dev.papercut.pl\/tfi\/?page_id=4108"},"modified":"2020-11-27T12:15:14","modified_gmt":"2020-11-27T11:15:14","slug":"wieslaw-oles-3","status":"publish","type":"page","link":"http:\/\/dev.papercut.pl\/tfi\/o-nas\/wieslaw-oles-3\/","title":{"rendered":"Wies\u0142aw Ole\u015b"},"content":{"rendered":"\r\n<div class=\"main-green\">\r\n    <div class=\"main-green__container\">\r\n        <div class=\"container\">\r\n            <div class=\"main-green__wrapper\">\r\n                <h1 class=\"h1\" data-aos=\"fade-up\" data-aos-delay=\"100\">Wies\u0142aw<br>Ole\u015b<\/h1>\r\n                <span class=\"subtitle\" data-aos=\"fade-up\" data-aos-delay=\"200\">Przewodnicz\u0105cy Rady Nadzorczej<\/span>\r\n                                    <div data-aos=\"fade-up\" data-aos-delay=\"300\"><p>Odpowiedzialny w TFI za nadz\u00f3r proces\u00f3w biznesowych. <\/p>\n<\/div>\r\n                                <div class=\"main-green__btn-group\" data-aos=\"fade-up\" data-aos-delay=\"300\">\r\n                                    <\/div>\r\n            <\/div>\r\n        <\/div>\r\n        <img src=\"http:\/\/dev.papercut.pl\/tfi\/wp-content\/uploads\/2020\/09\/wieslaw-oles.png\" class=\"main-green__avatar\" data-aos=\"fade-up\" data-aos-delay=\"100\" alt=\"\">\r\n    <\/div>\r\n<\/div>\n\n\n<div class=\"wp-block-group\"><div class=\"wp-block-group__inner-container\">\n<div class=\"wp-block-columns\">\n<div class=\"wp-block-column\">\n<h3>Kim jest Mecenas Ole\u015b?<\/h3>\n\n\n\n<p><strong><strong>Radca Prawny, absolwent Wydzia\u0142u Prawa i Administracji Uniwersytetu Jagiello\u0144skiego w Krakowie. <\/strong><\/strong><\/p>\n\n\n\n<p>Za\u0142o\u017cyciel Forum TFI oraz Za\u0142o\u017cyciel i Partner Kancelarii Radc\u00f3w Prawnych &#8222;Ole\u015b &amp; Rodzynkiewicz&#8221; sp. partnerska, kt\u00f3ra od 1996 roku specjalizuje si\u0119 w&nbsp;kompleksowym doradztwie prawnym w&nbsp;zakresie prawa gospodarczego, w&nbsp;tym w&nbsp;szczeg\u00f3lno\u015bci zwi\u0105zanym z&nbsp;wszelkiego rodzaju przedsi\u0119wzi\u0119ciami na rynku kapita\u0142owo-finansowym takimi jak fuzje i&nbsp;przej\u0119cia, publiczne i&nbsp;prywatne emisje akcji, emisje d\u0142u\u017cnych papier\u00f3w warto\u015bciowych, procesy prywatyzacyjne, organizowanie struktur holdingowych, przekszta\u0142cenia i&nbsp;procesy restrukturyzacji podmiot\u00f3w gospodarczych, finansowanie proces\u00f3w inwestycyjnych, ze szczeg\u00f3lnym uwzgl\u0119dnieniem nietypowych i&nbsp;nowatorskich transakcji.<\/p>\n\n\n\n<p>Specjalista w zagadnieniach budowania i restrukturyzacji struktur inwestycyjnych oraz w kwestiach podatkowych z uwzgl\u0119dnieniem transakcji transgranicznych. <\/p>\n<\/div>\n\n\n\n<div class=\"wp-block-column\">\n<figure class=\"wp-block-image size-large\"><img loading=\"lazy\" width=\"828\" height=\"611\" src=\"http:\/\/dev.papercut.pl\/tfi\/wp-content\/uploads\/2020\/08\/FUNDUSZE-2.png\" alt=\"\" class=\"wp-image-2093\" srcset=\"http:\/\/dev.papercut.pl\/tfi\/wp-content\/uploads\/2020\/08\/FUNDUSZE-2.png 828w, http:\/\/dev.papercut.pl\/tfi\/wp-content\/uploads\/2020\/08\/FUNDUSZE-2-768x567.png 768w\" sizes=\"(max-width: 828px) 100vw, 828px\" \/><\/figure>\n<\/div>\n<\/div>\n\n\n\n<p><\/p>\n<\/div><\/div>\n\n\n\n<div class=\"wp-block-group size-large is-resized is-style-default fade-up has-red-background-color has-background\"><div class=\"wp-block-group__inner-container\">\n<h3 class=\"has-text-align-center\">3 liczby opisuj\u0105ce Mecenasa <\/h3>\n\n\n\n<div class=\"wp-block-group is-style-counter-wrapper\"><div class=\"wp-block-group__inner-container\">\r\n<div class=\"counter\">\r\n    <div class=\"counter__number is-style-h2\" data-units=\"+\" data-counter=\"20\">0+<\/div>\r\n    <p class=\"counter__subtitle\">lat do\u015bwiadczenia na rynku kapita\u0142owym<\/p>\r\n<\/div>\n\n\r\n<div class=\"counter\">\r\n    <div class=\"counter__number is-style-h2\" data-units=\"+\" data-counter=\"60\">0+<\/div>\r\n    <p class=\"counter__subtitle\">przeprowadzonych IPO<\/p>\r\n<\/div>\n\n\r\n<div class=\"counter\">\r\n    <div class=\"counter__number is-style-h2\" data-units=\"+\" data-counter=\"100\">0+<\/div>\r\n    <p class=\"counter__subtitle\">przeprowadzonych M&#038;A<\/p>\r\n<\/div><\/div><\/div>\n<\/div><\/div>\n\n\n\n<div class=\"wp-block-group\"><div class=\"wp-block-group__inner-container\">\n<div class=\"wp-block-columns\">\n<div class=\"wp-block-column\">\n<figure class=\"wp-block-image size-large\"><img loading=\"lazy\" width=\"828\" height=\"611\" src=\"http:\/\/dev.papercut.pl\/tfi\/wp-content\/uploads\/2020\/08\/FUNDUSZE-2.png\" alt=\"\" class=\"wp-image-2093\" srcset=\"http:\/\/dev.papercut.pl\/tfi\/wp-content\/uploads\/2020\/08\/FUNDUSZE-2.png 828w, http:\/\/dev.papercut.pl\/tfi\/wp-content\/uploads\/2020\/08\/FUNDUSZE-2-768x567.png 768w\" sizes=\"(max-width: 828px) 100vw, 828px\" \/><\/figure>\n<\/div>\n\n\n\n<div class=\"wp-block-column\">\n<h3>Praktyka zawodowa<\/h3>\n\n\n\n<p><strong>Mecenas Wies\u0142aw Ole\u015b jest cz\u0142onkiem rad nadzorczych sp\u00f3\u0142ek publicznych, m.in.:<\/strong> <\/p>\n\n\n\n<ul><li>CCC S.A.<\/li><li>CPD S.A.<\/li><li>BRW S.A.<\/li><li>Raport S.A.<\/li><li>Forum TFI S.A.<\/li><\/ul>\n\n\n\n<p><\/p>\n\n\n\n<p><\/p>\n<\/div>\n<\/div>\n<\/div><\/div>\n","protected":false},"excerpt":{"rendered":"","protected":false},"author":3,"featured_media":0,"parent":1984,"menu_order":14,"comment_status":"closed","ping_status":"closed","template":"","meta":[],"_links":{"self":[{"href":"http:\/\/dev.papercut.pl\/tfi\/wp-json\/wp\/v2\/pages\/4108"}],"collection":[{"href":"http:\/\/dev.papercut.pl\/tfi\/wp-json\/wp\/v2\/pages"}],"about":[{"href":"http:\/\/dev.papercut.pl\/tfi\/wp-json\/wp\/v2\/types\/page"}],"author":[{"embeddable":true,"href":"http:\/\/dev.papercut.pl\/tfi\/wp-json\/wp\/v2\/users\/3"}],"replies":[{"embeddable":true,"href":"http:\/\/dev.papercut.pl\/tfi\/wp-json\/wp\/v2\/comments?post=4108"}],"version-history":[{"count":6,"href":"http:\/\/dev.papercut.pl\/tfi\/wp-json\/wp\/v2\/pages\/4108\/revisions"}],"predecessor-version":[{"id":4117,"href":"http:\/\/dev.papercut.pl\/tfi\/wp-json\/wp\/v2\/pages\/4108\/revisions\/4117"}],"up":[{"embeddable":true,"href":"http:\/\/dev.papercut.pl\/tfi\/wp-json\/wp\/v2\/pages\/1984"}],"wp:attachment":[{"href":"http:\/\/dev.papercut.pl\/tfi\/wp-json\/wp\/v2\/media?parent=4108"}],"curies":[{"name":"wp","href":"https:\/\/api.w.org\/{rel}","templated":true}]}}