{"id":3593,"date":"2020-11-12T17:01:23","date_gmt":"2020-11-12T16:01:23","guid":{"rendered":"http:\/\/dev.papercut.pl\/tfi\/?page_id=3593"},"modified":"2020-11-27T12:31:49","modified_gmt":"2020-11-27T11:31:49","slug":"janusz-baran-executive-mba-2","status":"publish","type":"page","link":"http:\/\/dev.papercut.pl\/tfi\/o-nas\/janusz-baran-executive-mba-2\/","title":{"rendered":"Janusz Baran, Executive MBA"},"content":{"rendered":"\r\n<div class=\"main-green\">\r\n    <div class=\"main-green__container\">\r\n        <div class=\"container\">\r\n            <div class=\"main-green__wrapper\">\r\n                <h1 class=\"h1\" data-aos=\"fade-up\" data-aos-delay=\"100\">Janusz<br>Baran<\/h1>\r\n                <span class=\"subtitle\" data-aos=\"fade-up\" data-aos-delay=\"200\">Dyrektor Biura Sprzeda\u017cy i Rozwoju<\/span>\r\n                                    <div data-aos=\"fade-up\" data-aos-delay=\"300\"><p>Odpowiedzialny w TFI przede wszystkim za wdra\u017canie nowych koncepcji biznesowych, rozw\u00f3j organizacji i sprzeda\u017c.<\/p>\n<\/div>\r\n                                <div class=\"main-green__btn-group\" data-aos=\"fade-up\" data-aos-delay=\"300\">\r\n                                            <a href=\"mailto:janusz.baran@forumtfi.pl\" class=\"btn btn-red\">Mail<\/a>\r\n                                            <a href=\"https:\/\/www.linkedin.com\/in\/janusz-baran\/\" class=\"btn btn-red\">LinkedIn<\/a>\r\n                                    <\/div>\r\n            <\/div>\r\n        <\/div>\r\n        <img src=\"http:\/\/dev.papercut.pl\/tfi\/wp-content\/uploads\/2020\/09\/janusz-baran.png\" class=\"main-green__avatar\" data-aos=\"fade-up\" data-aos-delay=\"100\" alt=\"\">\r\n    <\/div>\r\n<\/div>\n\n\n<div class=\"wp-block-group\"><div class=\"wp-block-group__inner-container\">\n<div class=\"wp-block-columns\">\n<div class=\"wp-block-column\">\n<h3>Kim jest Janusz?<\/h3>\n\n\n\n<p><strong><strong>Zaanga\u017cowanie i nastawienie na sukces to jego cechy szczeg\u00f3lne. Wykorzystuje szerokie do\u015bwiadczenie zdobyte w pracy w ma\u0142ym, \u015brednim i mi\u0119dzynarodowym \u015brodowisku biznesowym. Nie uznaje s\u0142owa niemo\u017cliwe i zawsze szuka pozytyw\u00f3w nawet w najtrudniejszych sytuacjach.<\/strong><\/strong><\/p>\n\n\n\n<p>Absolwent wydzia\u0142u Gospodarka i Administracja Publiczna Uniwersytetu Ekonomicznego w Krakowie, uko\u0144czy\u0142 studia podyplomowe \u201ePsychologia w Biznesie\u201d w Akademii WSB w D\u0105browie G\u00f3rniczej oraz studia Executive MBA\u201d na Royal Academy of Economics and Technology in Switzerland. Posiada bogate do\u015bwiadczenie w zakresie marketingu, sprzeda\u017cy i rozwoju organizacji.<\/p>\n<\/div>\n\n\n\n<div class=\"wp-block-column\">\n<figure class=\"wp-block-image size-large\"><img loading=\"lazy\" width=\"828\" height=\"611\" src=\"http:\/\/dev.papercut.pl\/tfi\/wp-content\/uploads\/2020\/08\/FUNDUSZE-2.png\" alt=\"\" class=\"wp-image-2093\" srcset=\"http:\/\/dev.papercut.pl\/tfi\/wp-content\/uploads\/2020\/08\/FUNDUSZE-2.png 828w, http:\/\/dev.papercut.pl\/tfi\/wp-content\/uploads\/2020\/08\/FUNDUSZE-2-768x567.png 768w\" sizes=\"(max-width: 828px) 100vw, 828px\" \/><\/figure>\n<\/div>\n<\/div>\n<\/div><\/div>\n\n\n\n<div class=\"wp-block-group size-large is-resized is-style-default fade-up has-red-background-color has-background\"><div class=\"wp-block-group__inner-container\">\n<h3 class=\"has-text-align-center\">3 liczby, kt\u00f3re opisuj\u0105 Janka<\/h3>\n\n\n\n<div class=\"wp-block-group is-style-counter-wrapper\"><div class=\"wp-block-group__inner-container\">\r\n<div class=\"counter\">\r\n    <div class=\"counter__number is-style-h2\" data-units=\"\" data-counter=\"12\">0<\/div>\r\n    <p class=\"counter__subtitle\">lat do\u015bwiadczenia w biznesie<\/p>\r\n<\/div>\n\n\r\n<div class=\"counter\">\r\n    <div class=\"counter__number is-style-h2\" data-units=\"\" data-counter=\"3\">0<\/div>\r\n    <p class=\"counter__subtitle\">r\u00f3\u017cne uczelnie wy\u017csze<\/p>\r\n<\/div>\n\n\r\n<div class=\"counter\">\r\n    <div class=\"counter__number is-style-h2\" data-units=\"\" data-counter=\"1\">0<\/div>\r\n    <p class=\"counter__subtitle\">cudowna c\u00f3rka Gaja<\/p>\r\n<\/div><\/div><\/div>\n<\/div><\/div>\n\n\n\n<div class=\"wp-block-group\"><div class=\"wp-block-group__inner-container\">\n<div class=\"wp-block-columns\">\n<div class=\"wp-block-column\">\n<figure class=\"wp-block-image size-large\"><img loading=\"lazy\" width=\"828\" height=\"611\" src=\"http:\/\/dev.papercut.pl\/tfi\/wp-content\/uploads\/2020\/08\/FUNDUSZE-2.png\" alt=\"\" class=\"wp-image-2093\" srcset=\"http:\/\/dev.papercut.pl\/tfi\/wp-content\/uploads\/2020\/08\/FUNDUSZE-2.png 828w, http:\/\/dev.papercut.pl\/tfi\/wp-content\/uploads\/2020\/08\/FUNDUSZE-2-768x567.png 768w\" sizes=\"(max-width: 828px) 100vw, 828px\" \/><\/figure>\n<\/div>\n\n\n\n<div class=\"wp-block-column\">\n<h3>Troch\u0119 historii<\/h3>\n\n\n\n<p><strong>Janusz Baran rozpocz\u0105\u0142 wsp\u00f3\u0142prac\u0119 z FORUM TFI w 2019 roku na stanowisku Dyrektor Rozwoju Biznesu.<\/strong><\/p>\n\n\n\n<p>Przed do\u0142\u0105czeniem do zespo\u0142u FORUM TFI zdobywa\u0142 do\u015bwiadczenie min. pracuj\u0105c w Philip Morris Polska w dzia\u0142ach: sprzeda\u017cy, sprzeda\u017cy hurtowej, zaanga\u017cowania konsumenta, rozwoju organizacji i wdra\u017cania nowych produkt\u00f3w na rynek. Janusz pe\u0142ni\u0142 te\u017c funkcj\u0119 Dyrektora Sprzeda\u017cy i Marketingu w uznanej na krajowym rynku firmie Maxfliz. <\/p>\n\n\n\n<p>W 2020 roku obj\u0105\u0142 stanowisko Dyrektora Biura Sprzeda\u017cy i Rozwoju w FORUM TFI.<\/p>\n\n\n\n<p><\/p>\n<\/div>\n<\/div>\n<\/div><\/div>\n","protected":false},"excerpt":{"rendered":"","protected":false},"author":3,"featured_media":0,"parent":1984,"menu_order":46,"comment_status":"closed","ping_status":"closed","template":"","meta":[],"_links":{"self":[{"href":"http:\/\/dev.papercut.pl\/tfi\/wp-json\/wp\/v2\/pages\/3593"}],"collection":[{"href":"http:\/\/dev.papercut.pl\/tfi\/wp-json\/wp\/v2\/pages"}],"about":[{"href":"http:\/\/dev.papercut.pl\/tfi\/wp-json\/wp\/v2\/types\/page"}],"author":[{"embeddable":true,"href":"http:\/\/dev.papercut.pl\/tfi\/wp-json\/wp\/v2\/users\/3"}],"replies":[{"embeddable":true,"href":"http:\/\/dev.papercut.pl\/tfi\/wp-json\/wp\/v2\/comments?post=3593"}],"version-history":[{"count":2,"href":"http:\/\/dev.papercut.pl\/tfi\/wp-json\/wp\/v2\/pages\/3593\/revisions"}],"predecessor-version":[{"id":5551,"href":"http:\/\/dev.papercut.pl\/tfi\/wp-json\/wp\/v2\/pages\/3593\/revisions\/5551"}],"up":[{"embeddable":true,"href":"http:\/\/dev.papercut.pl\/tfi\/wp-json\/wp\/v2\/pages\/1984"}],"wp:attachment":[{"href":"http:\/\/dev.papercut.pl\/tfi\/wp-json\/wp\/v2\/media?parent=3593"}],"curies":[{"name":"wp","href":"https:\/\/api.w.org\/{rel}","templated":true}]}}