{"id":3565,"date":"2020-11-12T16:46:58","date_gmt":"2020-11-12T15:46:58","guid":{"rendered":"http:\/\/dev.papercut.pl\/tfi\/?page_id=3565"},"modified":"2020-11-27T12:25:21","modified_gmt":"2020-11-27T11:25:21","slug":"michal-maro-2","status":"publish","type":"page","link":"http:\/\/dev.papercut.pl\/tfi\/o-nas\/michal-maro-2\/","title":{"rendered":"Micha\u0142 Maro"},"content":{"rendered":"\r\n<div class=\"main-green\">\r\n    <div class=\"main-green__container\">\r\n        <div class=\"container\">\r\n            <div class=\"main-green__wrapper\">\r\n                <h1 class=\"h1\" data-aos=\"fade-up\" data-aos-delay=\"100\">Micha\u0142<br>Maro<\/h1>\r\n                <span class=\"subtitle\" data-aos=\"fade-up\" data-aos-delay=\"200\">Dyrektor Biura Prawnego<\/span>\r\n                                    <div data-aos=\"fade-up\" data-aos-delay=\"300\"><p>Odpowiedzialny w TFI przede wszystkim za kwestie formalno-prawne zwi\u0105zane z tworzeniem i funkcjonowaniem funduszy inwestycyjnych oraz obs\u0142ug\u0119 prawn\u0105 TFI. <\/p>\n<\/div>\r\n                                <div class=\"main-green__btn-group\" data-aos=\"fade-up\" data-aos-delay=\"300\">\r\n                                            <a href=\"mailto:michal.maro@forumtfi.pl\" class=\"btn btn-red\">Mail<\/a>\r\n                                            <a href=\"https:\/\/www.linkedin.com\/in\/micha%C5%82-maro-305a80197\/\" class=\"btn btn-red\">LinkedIn<\/a>\r\n                                    <\/div>\r\n            <\/div>\r\n        <\/div>\r\n        <img src=\"http:\/\/dev.papercut.pl\/tfi\/wp-content\/uploads\/2020\/09\/Michal-Maro.png\" class=\"main-green__avatar\" data-aos=\"fade-up\" data-aos-delay=\"100\" alt=\"\">\r\n    <\/div>\r\n<\/div>\n\n\n<div class=\"wp-block-group\"><div class=\"wp-block-group__inner-container\">\n<div class=\"wp-block-columns\">\n<div class=\"wp-block-column\">\n<h3>Kim jest Micha\u0142?<\/h3>\n\n\n\n<p><strong><strong>Warto\u015bci i cechy, kt\u00f3re ceni w pracy zawodowej: precyzja, zadaniowo\u015b\u0107, analityczne podej\u015bcie, otwarto\u015b\u0107 na nowe wyzwania.<\/strong><\/strong><\/p>\n\n\n\n<p>Radca prawny. Absolwent Wydzia\u0142u Prawa i Administracji Uniwersytetu Jagiello\u0144skiego. Specjalizuje si\u0119 w aspektach prawnych tworzenia i funkcjonowania funduszy inwestycyjnych. Odpowiedzialny za prowadzenie sta\u0142ej obs\u0142ugi prawnej Towarzystwa oraz funduszy inwestycyjnych zarz\u0105dzanych przez Towarzystwo, obejmuj\u0105cej m.in. tworzenie statut\u00f3w funduszy, nadzorowanie emisji papier\u00f3w warto\u015bciowych, projektowanie proces\u00f3w zwi\u0105zanych z obs\u0142ug\u0105 funduszy, prowadzenie spraw korporacyjnych oraz post\u0119powa\u0144 przez Komisj\u0105 Nadzoru Finansowego, doradztwo w zakresie obowi\u0105zk\u00f3w informacyjnych towarzystwa funduszy inwestycyjnych i funduszy inwestycyjnych, ochron\u0119 danych osobowych oraz obs\u0142ug\u0119 relacji z potencjalnymi inwestorami funduszy inwestycyjnych.<\/p>\n<\/div>\n\n\n\n<div class=\"wp-block-column\">\n<figure class=\"wp-block-image size-large\"><img loading=\"lazy\" width=\"828\" height=\"611\" src=\"http:\/\/dev.papercut.pl\/tfi\/wp-content\/uploads\/2020\/08\/FUNDUSZE-2.png\" alt=\"\" class=\"wp-image-2093\" srcset=\"http:\/\/dev.papercut.pl\/tfi\/wp-content\/uploads\/2020\/08\/FUNDUSZE-2.png 828w, http:\/\/dev.papercut.pl\/tfi\/wp-content\/uploads\/2020\/08\/FUNDUSZE-2-768x567.png 768w\" sizes=\"(max-width: 828px) 100vw, 828px\" \/><\/figure>\n<\/div>\n<\/div>\n\n\n\n<p><\/p>\n<\/div><\/div>\n\n\n\n<div class=\"wp-block-group size-large is-resized is-style-default fade-up has-red-background-color has-background\"><div class=\"wp-block-group__inner-container\">\n<h3 class=\"has-text-align-center\">3 liczby opisuj\u0105ce Micha\u0142a<\/h3>\n\n\n\n<div class=\"wp-block-group is-style-counter-wrapper\"><div class=\"wp-block-group__inner-container\">\r\n<div class=\"counter\">\r\n    <div class=\"counter__number is-style-h2\" data-units=\"\" data-counter=\"10\">0<\/div>\r\n    <p class=\"counter__subtitle\">lat do\u015bwiadczenia na rynku kapita\u0142owym<\/p>\r\n<\/div>\n\n\r\n<div class=\"counter\">\r\n    <div class=\"counter__number is-style-h2\" data-units=\"\" data-counter=\"50\">0<\/div>\r\n    <p class=\"counter__subtitle\">stworzonych funduszy inwestycyjnych<\/p>\r\n<\/div>\n\n\r\n<div class=\"counter\">\r\n    <div class=\"counter__number is-style-h2\" data-units=\"\" data-counter=\"3\">0<\/div>\r\n    <p class=\"counter__subtitle\">zainteresowania: filmy historyczne, podr\u00f3\u017ce i ogrody<\/p>\r\n<\/div><\/div><\/div>\n<\/div><\/div>\n\n\n\n<div class=\"wp-block-group\"><div class=\"wp-block-group__inner-container\">\n<div class=\"wp-block-columns\">\n<div class=\"wp-block-column\">\n<figure class=\"wp-block-image size-large\"><img loading=\"lazy\" width=\"828\" height=\"611\" src=\"http:\/\/dev.papercut.pl\/tfi\/wp-content\/uploads\/2020\/08\/FUNDUSZE-2.png\" alt=\"\" class=\"wp-image-2093\" srcset=\"http:\/\/dev.papercut.pl\/tfi\/wp-content\/uploads\/2020\/08\/FUNDUSZE-2.png 828w, http:\/\/dev.papercut.pl\/tfi\/wp-content\/uploads\/2020\/08\/FUNDUSZE-2-768x567.png 768w\" sizes=\"(max-width: 828px) 100vw, 828px\" \/><\/figure>\n<\/div>\n\n\n\n<div class=\"wp-block-column\">\n<h3>Troch\u0119 historii<\/h3>\n\n\n\n<p><strong>Micha\u0142 Maro rozpocz\u0105\u0142 wsp\u00f3\u0142prac\u0119 z FORUM TFI w 2011 roku na stanowisku Opiekuna Funduszu. &nbsp;&nbsp;&nbsp;<\/strong><\/p>\n\n\n\n<p>Przed do\u0142\u0105czeniem do zespo\u0142u Forum TFI zdobywa\u0142 do\u015bwiadczenie w kancelarii prawnej. Od 2012 roku jest prawnikiem w Biurze Prawnym, w 2019 roku zosta\u0142 Zast\u0119pc\u0105 Dyrektora, a w 2020 roku Dyrektorem tego Biura. Od 2014 roku jest wpisany na list\u0119 radc\u00f3w prawnych Okr\u0119gowej Izby Radc\u00f3w Prawnych w Krakowie.<\/p>\n\n\n\n<p><\/p>\n<\/div>\n<\/div>\n<\/div><\/div>\n","protected":false},"excerpt":{"rendered":"","protected":false},"author":3,"featured_media":0,"parent":1984,"menu_order":26,"comment_status":"closed","ping_status":"closed","template":"","meta":[],"_links":{"self":[{"href":"http:\/\/dev.papercut.pl\/tfi\/wp-json\/wp\/v2\/pages\/3565"}],"collection":[{"href":"http:\/\/dev.papercut.pl\/tfi\/wp-json\/wp\/v2\/pages"}],"about":[{"href":"http:\/\/dev.papercut.pl\/tfi\/wp-json\/wp\/v2\/types\/page"}],"author":[{"embeddable":true,"href":"http:\/\/dev.papercut.pl\/tfi\/wp-json\/wp\/v2\/users\/3"}],"replies":[{"embeddable":true,"href":"http:\/\/dev.papercut.pl\/tfi\/wp-json\/wp\/v2\/comments?post=3565"}],"version-history":[{"count":4,"href":"http:\/\/dev.papercut.pl\/tfi\/wp-json\/wp\/v2\/pages\/3565\/revisions"}],"predecessor-version":[{"id":5498,"href":"http:\/\/dev.papercut.pl\/tfi\/wp-json\/wp\/v2\/pages\/3565\/revisions\/5498"}],"up":[{"embeddable":true,"href":"http:\/\/dev.papercut.pl\/tfi\/wp-json\/wp\/v2\/pages\/1984"}],"wp:attachment":[{"href":"http:\/\/dev.papercut.pl\/tfi\/wp-json\/wp\/v2\/media?parent=3565"}],"curies":[{"name":"wp","href":"https:\/\/api.w.org\/{rel}","templated":true}]}}