{"id":3390,"date":"2020-11-05T13:36:49","date_gmt":"2020-11-05T12:36:49","guid":{"rendered":"http:\/\/dev.papercut.pl\/tfi\/?page_id=3390"},"modified":"2020-11-27T12:26:04","modified_gmt":"2020-11-27T11:26:04","slug":"aleksandra-urban-kawalec-cfa","status":"publish","type":"page","link":"http:\/\/dev.papercut.pl\/tfi\/o-nas\/aleksandra-urban-kawalec-cfa\/","title":{"rendered":"Aleksandra Urban-Kawalec, CFA"},"content":{"rendered":"\r\n<div class=\"main-green\">\r\n    <div class=\"main-green__container\">\r\n        <div class=\"container\">\r\n            <div class=\"main-green__wrapper\">\r\n                <h1 class=\"h1\" data-aos=\"fade-up\" data-aos-delay=\"100\">Aleksandra <br>Urban-Kawalec, CFA<\/h1>\r\n                <span class=\"subtitle\" data-aos=\"fade-up\" data-aos-delay=\"200\">Dyrektor Biura Zarz\u0105dzania Ryzykiem<\/span>\r\n                                    <div data-aos=\"fade-up\" data-aos-delay=\"300\"><p>Odpowiedzialna w FORUM TFI za wdra\u017canie koordynacje i rozw\u00f3j proces\u00f3w zarz\u0105dzania ryzykiem Funduszy i Towarzystwa.<\/p>\n<\/div>\r\n                                <div class=\"main-green__btn-group\" data-aos=\"fade-up\" data-aos-delay=\"300\">\r\n                                            <a href=\"mailto:aleksandra.urban@forumtfi.pl\" class=\"btn btn-red\">Mail<\/a>\r\n                                            <a href=\"https:\/\/www.linkedin.com\/in\/aleksandra-urban-kawalec-cfa-0ba0571bb\/\" class=\"btn btn-red\">Lindkedin<\/a>\r\n                                    <\/div>\r\n            <\/div>\r\n        <\/div>\r\n        <img src=\"http:\/\/dev.papercut.pl\/tfi\/wp-content\/uploads\/2020\/09\/Aleksandra-Urban-Kawalec.png\" class=\"main-green__avatar\" data-aos=\"fade-up\" data-aos-delay=\"100\" alt=\"\">\r\n    <\/div>\r\n<\/div>\n\n\n<div class=\"wp-block-group\"><div class=\"wp-block-group__inner-container\">\n<div class=\"wp-block-columns\">\n<div class=\"wp-block-column\">\n<h3>Kim jest Aleksandra?<\/h3>\n\n\n\n<p><strong>Absolwentka wydzia\u0142u Zarz\u0105dzania Akademii G\u00f3rniczo-Hutniczej w Krakowie ze specjalno\u015bci\u0105 zarz\u0105dzania finansami. <\/strong><\/p>\n\n\n\n<p>Uzyska\u0142a tytu\u0142 Chartered Financial Analyst (CFA), posiada wieloletnie do\u015bwiadczenie zawodowe w obszarze analizy finansowej i wyceny aktyw\u00f3w, controllingu, analizy op\u0142acalno\u015bci i ryzyka projekt\u00f3w inwestycyjnych. <\/p>\n<\/div>\n\n\n\n<div class=\"wp-block-column\">\n<figure class=\"wp-block-image size-large\"><img loading=\"lazy\" width=\"1920\" height=\"1345\" src=\"http:\/\/dev.papercut.pl\/tfi\/wp-content\/uploads\/2020\/10\/KIM-JEST-01-1920x1345.png\" alt=\"\" class=\"wp-image-2969\" srcset=\"http:\/\/dev.papercut.pl\/tfi\/wp-content\/uploads\/2020\/10\/KIM-JEST-01-1920x1345.png 1920w, http:\/\/dev.papercut.pl\/tfi\/wp-content\/uploads\/2020\/10\/KIM-JEST-01-1000x700.png 1000w, http:\/\/dev.papercut.pl\/tfi\/wp-content\/uploads\/2020\/10\/KIM-JEST-01-768x538.png 768w, http:\/\/dev.papercut.pl\/tfi\/wp-content\/uploads\/2020\/10\/KIM-JEST-01-1536x1076.png 1536w, http:\/\/dev.papercut.pl\/tfi\/wp-content\/uploads\/2020\/10\/KIM-JEST-01-2048x1435.png 2048w\" sizes=\"(max-width: 1920px) 100vw, 1920px\" \/><\/figure>\n<\/div>\n<\/div>\n<\/div><\/div>\n\n\n\n<div class=\"wp-block-group size-large is-resized is-style-default fade-up has-red-background-color has-background\"><div class=\"wp-block-group__inner-container\">\n<h3 class=\"has-text-align-center\">3 cyfry opisuj\u0105ce Aleksandr\u0119:<\/h3>\n\n\n\n<div class=\"wp-block-group is-style-counter-wrapper\"><div class=\"wp-block-group__inner-container\">\r\n<div class=\"counter\">\r\n    <div class=\"counter__number is-style-h2\" data-units=\"\" data-counter=\"7\">0<\/div>\r\n    <p class=\"counter__subtitle\">Lat pracy w Forum<\/p>\r\n<\/div>\n\n\r\n<div class=\"counter\">\r\n    <div class=\"counter__number is-style-h2\" data-units=\"\" data-counter=\"9\">0<\/div>\r\n    <p class=\"counter__subtitle\">Szcz\u0119\u015bliwa liczba<\/p>\r\n<\/div>\n\n\r\n<div class=\"counter\">\r\n    <div class=\"counter__number is-style-h2\" data-units=\"\" data-counter=\"100\">0<\/div>\r\n    <p class=\"counter__subtitle\">Ulubionych rodzaj\u00f3w s\u0142odyczy<\/p>\r\n<\/div><\/div><\/div>\n<\/div><\/div>\n\n\n\n<div class=\"wp-block-group\"><div class=\"wp-block-group__inner-container\">\n<div class=\"wp-block-columns\">\n<div class=\"wp-block-column\">\n<figure class=\"wp-block-image size-large\"><img loading=\"lazy\" width=\"1132\" height=\"594\" src=\"http:\/\/dev.papercut.pl\/tfi\/wp-content\/uploads\/2020\/10\/fundusze-dedykowane.jpg\" alt=\"\" class=\"wp-image-3248\" srcset=\"http:\/\/dev.papercut.pl\/tfi\/wp-content\/uploads\/2020\/10\/fundusze-dedykowane.jpg 1132w, http:\/\/dev.papercut.pl\/tfi\/wp-content\/uploads\/2020\/10\/fundusze-dedykowane-1000x525.jpg 1000w, http:\/\/dev.papercut.pl\/tfi\/wp-content\/uploads\/2020\/10\/fundusze-dedykowane-768x403.jpg 768w\" sizes=\"(max-width: 1132px) 100vw, 1132px\" \/><\/figure>\n<\/div>\n\n\n\n<div class=\"wp-block-column\">\n<h3>Troch\u0119 historii<\/h3>\n\n\n\n<p>Aleksandra Urban-Kawalec rozpocz\u0119\u0142a wsp\u00f3\u0142prac\u0119 z FORUM TFI w styczniu 2014 roku jako specjalista do spraw finansowym, a nast\u0119pnie w tym samym roku obj\u0119\u0142a funkcj\u0119 Dyrektora Biura Zarz\u0105dzania Ryzykiem.<\/p>\n\n\n\n<p>Przed rozpocz\u0119ciem wsp\u00f3\u0142pracy z FORUM TFI zdobywa\u0142a do\u015bwiadczenie pracuj\u0105c w sp\u00f3\u0142kach o r\u00f3\u017cnorodnym profilu dzia\u0142alno\u015bci. <\/p>\n<\/div>\n<\/div>\n<\/div><\/div>\n","protected":false},"excerpt":{"rendered":"","protected":false},"author":3,"featured_media":0,"parent":1984,"menu_order":32,"comment_status":"closed","ping_status":"closed","template":"","meta":[],"_links":{"self":[{"href":"http:\/\/dev.papercut.pl\/tfi\/wp-json\/wp\/v2\/pages\/3390"}],"collection":[{"href":"http:\/\/dev.papercut.pl\/tfi\/wp-json\/wp\/v2\/pages"}],"about":[{"href":"http:\/\/dev.papercut.pl\/tfi\/wp-json\/wp\/v2\/types\/page"}],"author":[{"embeddable":true,"href":"http:\/\/dev.papercut.pl\/tfi\/wp-json\/wp\/v2\/users\/3"}],"replies":[{"embeddable":true,"href":"http:\/\/dev.papercut.pl\/tfi\/wp-json\/wp\/v2\/comments?post=3390"}],"version-history":[{"count":5,"href":"http:\/\/dev.papercut.pl\/tfi\/wp-json\/wp\/v2\/pages\/3390\/revisions"}],"predecessor-version":[{"id":4170,"href":"http:\/\/dev.papercut.pl\/tfi\/wp-json\/wp\/v2\/pages\/3390\/revisions\/4170"}],"up":[{"embeddable":true,"href":"http:\/\/dev.papercut.pl\/tfi\/wp-json\/wp\/v2\/pages\/1984"}],"wp:attachment":[{"href":"http:\/\/dev.papercut.pl\/tfi\/wp-json\/wp\/v2\/media?parent=3390"}],"curies":[{"name":"wp","href":"https:\/\/api.w.org\/{rel}","templated":true}]}}