{"id":2395,"date":"2020-09-07T10:12:47","date_gmt":"2020-09-07T08:12:47","guid":{"rendered":"http:\/\/dev.papercut.pl\/tfi\/?page_id=2395"},"modified":"2020-11-27T12:40:03","modified_gmt":"2020-11-27T11:40:03","slug":"izabela-hyb","status":"publish","type":"page","link":"http:\/\/dev.papercut.pl\/tfi\/o-nas\/izabela-hyb\/","title":{"rendered":"Izabela Hyb"},"content":{"rendered":"\r\n<div class=\"main-green\">\r\n    <div class=\"main-green__container\">\r\n        <div class=\"container\">\r\n            <div class=\"main-green__wrapper\">\r\n                <h1 class=\"h1\" data-aos=\"fade-up\" data-aos-delay=\"100\">Izabela <br>Hyb<\/h1>\r\n                <span class=\"subtitle\" data-aos=\"fade-up\" data-aos-delay=\"200\">Radca Prawny<br>Dyrektor Biura Audytu Wewn\u0119trznego<\/span>\r\n                                    <div data-aos=\"fade-up\" data-aos-delay=\"300\"><p>Odpowiedzialna w FORUM TFI za weryfikacj\u0119 efektywno\u015bci oraz zgodno\u015bci z prawem funkcjonuj\u0105cych w firmie proces\u00f3w i procedur, a tak\u017ce za negocjowanie um\u00f3w istotnych z punktu widzenia dzia\u0142alno\u015bci Towarzystwa i Funduszy.<\/p>\n<\/div>\r\n                                <div class=\"main-green__btn-group\" data-aos=\"fade-up\" data-aos-delay=\"300\">\r\n                                            <a href=\"mailto:izabela.hyb@forumtfi.pl\" class=\"btn btn-red\">Mail<\/a>\r\n                                    <\/div>\r\n            <\/div>\r\n        <\/div>\r\n        <img src=\"http:\/\/dev.papercut.pl\/tfi\/wp-content\/uploads\/2020\/11\/avatarFem.png\" class=\"main-green__avatar\" data-aos=\"fade-up\" data-aos-delay=\"100\" alt=\"\">\r\n    <\/div>\r\n<\/div>\n\n\n<div class=\"wp-block-group\"><div class=\"wp-block-group__inner-container\">\n<div class=\"wp-block-columns\">\n<div class=\"wp-block-column\">\n<h3>Kim jest Izabela?<\/h3>\n\n\n\n<p><strong>Absolwentka wydzia\u0142u Prawa i Administracji Uniwersytetu Jagiello\u0144skiego, jak r\u00f3wnie\u017c Szko\u0142y Prawa Ameryka\u0144skiego&nbsp; w ramach Wydzia\u0142u Prawa i Administracji UJ we wsp\u00f3\u0142pracy z Catholic University of America w Waszyngtonie. <\/strong><\/p>\n\n\n\n<p>Wpisana na list\u0119 radc\u00f3w prawnych. Uko\u0144czy\u0142a studia podyplomowe z zakresu prawa w\u0142asno\u015bci intelektualnej na Wydziale Prawa i Administracji UJ.&nbsp; Posiada bogate do\u015bwiadczenie w zakresie prawa rynku kapita\u0142owego, cywilnego oraz papier\u00f3w warto\u015bciowych.&nbsp; Odby\u0142a liczne kursy i szkolenia z zakresu AML, audytu wewn\u0119trznego i zarz\u0105dzania ryzykiem w towarzystwach funduszy inwestycyjnych, ochrony danych osobowych, w\u0142asno\u015bci intelektualnej, funkcjonowania towarzystw funduszy inwestycyjnych.<\/p>\n<\/div>\n\n\n\n<div class=\"wp-block-column\">\n<figure class=\"wp-block-image size-large\"><img loading=\"lazy\" width=\"1920\" height=\"1345\" src=\"http:\/\/dev.papercut.pl\/tfi\/wp-content\/uploads\/2020\/10\/KIM-JEST-01-1920x1345.png\" alt=\"\" class=\"wp-image-2969\" srcset=\"http:\/\/dev.papercut.pl\/tfi\/wp-content\/uploads\/2020\/10\/KIM-JEST-01-1920x1345.png 1920w, http:\/\/dev.papercut.pl\/tfi\/wp-content\/uploads\/2020\/10\/KIM-JEST-01-1000x700.png 1000w, http:\/\/dev.papercut.pl\/tfi\/wp-content\/uploads\/2020\/10\/KIM-JEST-01-768x538.png 768w, http:\/\/dev.papercut.pl\/tfi\/wp-content\/uploads\/2020\/10\/KIM-JEST-01-1536x1076.png 1536w, http:\/\/dev.papercut.pl\/tfi\/wp-content\/uploads\/2020\/10\/KIM-JEST-01-2048x1435.png 2048w\" sizes=\"(max-width: 1920px) 100vw, 1920px\" \/><\/figure>\n<\/div>\n<\/div>\n<\/div><\/div>\n\n\n\n<div class=\"wp-block-group\"><div class=\"wp-block-group__inner-container\">\n<div class=\"wp-block-columns\">\n<div class=\"wp-block-column\">\n<figure class=\"wp-block-image size-large\"><img loading=\"lazy\" width=\"1132\" height=\"594\" src=\"http:\/\/dev.papercut.pl\/tfi\/wp-content\/uploads\/2020\/10\/fundusze-dedykowane.jpg\" alt=\"\" class=\"wp-image-3248\" srcset=\"http:\/\/dev.papercut.pl\/tfi\/wp-content\/uploads\/2020\/10\/fundusze-dedykowane.jpg 1132w, http:\/\/dev.papercut.pl\/tfi\/wp-content\/uploads\/2020\/10\/fundusze-dedykowane-1000x525.jpg 1000w, http:\/\/dev.papercut.pl\/tfi\/wp-content\/uploads\/2020\/10\/fundusze-dedykowane-768x403.jpg 768w\" sizes=\"(max-width: 1132px) 100vw, 1132px\" \/><\/figure>\n<\/div>\n\n\n\n<div class=\"wp-block-column\">\n<h3>Troch\u0119 historii<\/h3>\n\n\n\n<p>Izabela Hyb rozpocz\u0119\u0142a wsp\u00f3\u0142prac\u0119 z FORUM TFI w 2013 roku jako radca prawny, a nast\u0119pnie w tym samym roku obj\u0119\u0142a funkcj\u0119 Dyrektora Biura Audytu Wewn\u0119trznego.<\/p>\n\n\n\n<p>Przed rozpocz\u0119ciem wsp\u00f3\u0142pracy z FORUM TFI zdobywa\u0142a do\u015bwiadczenie pracuj\u0105c w kancelariach radc\u00f3w prawnych.<\/p>\n<\/div>\n<\/div>\n<\/div><\/div>\n","protected":false},"excerpt":{"rendered":"","protected":false},"author":1,"featured_media":0,"parent":1984,"menu_order":37,"comment_status":"closed","ping_status":"closed","template":"","meta":[],"_links":{"self":[{"href":"http:\/\/dev.papercut.pl\/tfi\/wp-json\/wp\/v2\/pages\/2395"}],"collection":[{"href":"http:\/\/dev.papercut.pl\/tfi\/wp-json\/wp\/v2\/pages"}],"about":[{"href":"http:\/\/dev.papercut.pl\/tfi\/wp-json\/wp\/v2\/types\/page"}],"author":[{"embeddable":true,"href":"http:\/\/dev.papercut.pl\/tfi\/wp-json\/wp\/v2\/users\/1"}],"replies":[{"embeddable":true,"href":"http:\/\/dev.papercut.pl\/tfi\/wp-json\/wp\/v2\/comments?post=2395"}],"version-history":[{"count":10,"href":"http:\/\/dev.papercut.pl\/tfi\/wp-json\/wp\/v2\/pages\/2395\/revisions"}],"predecessor-version":[{"id":5552,"href":"http:\/\/dev.papercut.pl\/tfi\/wp-json\/wp\/v2\/pages\/2395\/revisions\/5552"}],"up":[{"embeddable":true,"href":"http:\/\/dev.papercut.pl\/tfi\/wp-json\/wp\/v2\/pages\/1984"}],"wp:attachment":[{"href":"http:\/\/dev.papercut.pl\/tfi\/wp-json\/wp\/v2\/media?parent=2395"}],"curies":[{"name":"wp","href":"https:\/\/api.w.org\/{rel}","templated":true}]}}