{"id":2383,"date":"2020-09-07T09:57:47","date_gmt":"2020-09-07T07:57:47","guid":{"rendered":"http:\/\/dev.papercut.pl\/tfi\/?page_id=2383"},"modified":"2020-11-27T12:31:19","modified_gmt":"2020-11-27T11:31:19","slug":"dr-anna-rojek","status":"publish","type":"page","link":"http:\/\/dev.papercut.pl\/tfi\/o-nas\/dr-anna-rojek\/","title":{"rendered":"dr Anna Rojek"},"content":{"rendered":"\r\n<div class=\"main-green\">\r\n    <div class=\"main-green__container\">\r\n        <div class=\"container\">\r\n            <div class=\"main-green__wrapper\">\r\n                <h1 class=\"h1\" data-aos=\"fade-up\" data-aos-delay=\"100\">dr Anna Rojek<\/h1>\r\n                <span class=\"subtitle\" data-aos=\"fade-up\" data-aos-delay=\"200\">Cz\u0142onek Zarz\u0105du<\/span>\r\n                                    <div data-aos=\"fade-up\" data-aos-delay=\"300\"><p>Odpowiedzialna przede wszystkim za formalny aspekt funkcjonowania FORUM TFI. Nadzoruje Biuro Prawne, Biuro Zarz\u0105dzania Ryzykiem oraz Biuro Finans\u00f3w i Administracji.  <\/p>\n<\/div>\r\n                                <div class=\"main-green__btn-group\" data-aos=\"fade-up\" data-aos-delay=\"300\">\r\n                                            <a href=\"mailto:anna.rojek@forumtfi.pl\" class=\"btn btn-red\">Mail<\/a>\r\n                                    <\/div>\r\n            <\/div>\r\n        <\/div>\r\n        <img src=\"http:\/\/dev.papercut.pl\/tfi\/wp-content\/uploads\/2020\/09\/anna-rojek.png\" class=\"main-green__avatar\" data-aos=\"fade-up\" data-aos-delay=\"100\" alt=\"\">\r\n    <\/div>\r\n<\/div>\n\n\n<div class=\"wp-block-group\"><div class=\"wp-block-group__inner-container\">\n<div class=\"wp-block-columns\">\n<div class=\"wp-block-column\">\n<h3>Kim jest Anna?<\/h3>\n\n\n\n<p><strong>Absolwentka Wydzia\u0142u Prawa i Administracji Uniwersytetu Jagiello\u0144skiego. Posiada stopie\u0144 doktora nauk prawnych. Jest r\u00f3wnie\u017c radc\u0105 prawnym.<\/strong><\/p>\n\n\n\n<p>Posiada wieloletnie do\u015bwiadczenie &nbsp;w obs\u0142udze prawnej podmiot\u00f3w rynku kapita\u0142owego. Zajmuje si\u0119 problematyk\u0105 prawn\u0105 tworzenia i&nbsp;funkcjonowania funduszy inwestycyjnych. Posiada r\u00f3wnie\u017c szerokie do\u015bwiadczenie z&nbsp;zakresu prawa papier\u00f3w warto\u015bciowych oraz prawa korporacyjnego.<\/p>\n\n\n\n<p><\/p>\n<\/div>\n\n\n\n<div class=\"wp-block-column\">\n<figure class=\"wp-block-image size-large\"><img loading=\"lazy\" width=\"828\" height=\"611\" src=\"http:\/\/dev.papercut.pl\/tfi\/wp-content\/uploads\/2020\/08\/FUNDUSZE-2.png\" alt=\"\" class=\"wp-image-2093\" srcset=\"http:\/\/dev.papercut.pl\/tfi\/wp-content\/uploads\/2020\/08\/FUNDUSZE-2.png 828w, http:\/\/dev.papercut.pl\/tfi\/wp-content\/uploads\/2020\/08\/FUNDUSZE-2-768x567.png 768w\" sizes=\"(max-width: 828px) 100vw, 828px\" \/><\/figure>\n<\/div>\n<\/div>\n<\/div><\/div>\n\n\n\n<div class=\"wp-block-group size-large is-resized is-style-default fade-up has-red-background-color has-background\"><div class=\"wp-block-group__inner-container\">\n<h3 class=\"has-text-align-center\">3 liczby, kt\u00f3re opisuj\u0105 Ann\u0119<\/h3>\n\n\n\n<div class=\"wp-block-group is-style-counter-wrapper\"><div class=\"wp-block-group__inner-container\">\r\n<div class=\"counter\">\r\n    <div class=\"counter__number is-style-h2\" data-units=\"\" data-counter=\"666\">0<\/div>\r\n    <p class=\"counter__subtitle\">przez kontrast oczywi\u015bcie<\/p>\r\n<\/div>\n\n\r\n<div class=\"counter\">\r\n    <div class=\"counter__number is-style-h2\" data-units=\"\" data-counter=\"10\">0<\/div>\r\n    <p class=\"counter__subtitle\">(ten) tytu\u0142 ulubionej p\u0142yty<\/p>\r\n<\/div>\n\n\r\n<div class=\"counter\">\r\n    <div class=\"counter__number is-style-h2\" data-units=\"\" data-counter=\"9\">0<\/div>\r\n    <p class=\"counter__subtitle\">godzina, przed kt\u00f3r\u0105 nie wstaje dobrowolnie z \u0142\u00f3\u017cka<\/p>\r\n<\/div><\/div><\/div>\n<\/div><\/div>\n\n\n\n<div class=\"wp-block-group\"><div class=\"wp-block-group__inner-container\">\n<div class=\"wp-block-columns\">\n<div class=\"wp-block-column\">\n<figure class=\"wp-block-image size-large\"><img loading=\"lazy\" width=\"828\" height=\"611\" src=\"http:\/\/dev.papercut.pl\/tfi\/wp-content\/uploads\/2020\/08\/FUNDUSZE-2.png\" alt=\"\" class=\"wp-image-2093\" srcset=\"http:\/\/dev.papercut.pl\/tfi\/wp-content\/uploads\/2020\/08\/FUNDUSZE-2.png 828w, http:\/\/dev.papercut.pl\/tfi\/wp-content\/uploads\/2020\/08\/FUNDUSZE-2-768x567.png 768w\" sizes=\"(max-width: 828px) 100vw, 828px\" \/><\/figure>\n<\/div>\n\n\n\n<div class=\"wp-block-column\">\n<h3>Troch\u0119 historii<\/h3>\n\n\n\n<p>Przez 12 lat zajmowa\u0142a stanowisko Dyrektora Biura Prawnego FORUM TFI. <\/p>\n\n\n\n<p>W Zarz\u0105dzie FORUM TFI zasiada\u0142a dwukrotnie: w latach 2009 \u2013 2012 oraz od roku 2014 do dzisiaj. Przed do\u0142\u0105czeniem do zespo\u0142u Forum TFI zdobywa\u0142a do\u015bwiadczenie w jednej z renomowanych kancelarii prawnych.<\/p>\n<\/div>\n<\/div>\n<\/div><\/div>\n","protected":false},"excerpt":{"rendered":"","protected":false},"author":1,"featured_media":0,"parent":1984,"menu_order":42,"comment_status":"closed","ping_status":"closed","template":"","meta":[],"_links":{"self":[{"href":"http:\/\/dev.papercut.pl\/tfi\/wp-json\/wp\/v2\/pages\/2383"}],"collection":[{"href":"http:\/\/dev.papercut.pl\/tfi\/wp-json\/wp\/v2\/pages"}],"about":[{"href":"http:\/\/dev.papercut.pl\/tfi\/wp-json\/wp\/v2\/types\/page"}],"author":[{"embeddable":true,"href":"http:\/\/dev.papercut.pl\/tfi\/wp-json\/wp\/v2\/users\/1"}],"replies":[{"embeddable":true,"href":"http:\/\/dev.papercut.pl\/tfi\/wp-json\/wp\/v2\/comments?post=2383"}],"version-history":[{"count":9,"href":"http:\/\/dev.papercut.pl\/tfi\/wp-json\/wp\/v2\/pages\/2383\/revisions"}],"predecessor-version":[{"id":5549,"href":"http:\/\/dev.papercut.pl\/tfi\/wp-json\/wp\/v2\/pages\/2383\/revisions\/5549"}],"up":[{"embeddable":true,"href":"http:\/\/dev.papercut.pl\/tfi\/wp-json\/wp\/v2\/pages\/1984"}],"wp:attachment":[{"href":"http:\/\/dev.papercut.pl\/tfi\/wp-json\/wp\/v2\/media?parent=2383"}],"curies":[{"name":"wp","href":"https:\/\/api.w.org\/{rel}","templated":true}]}}