{"id":2127,"date":"2020-08-28T15:02:38","date_gmt":"2020-08-28T13:02:38","guid":{"rendered":"http:\/\/dev.papercut.pl\/tfi\/?page_id=2127"},"modified":"2020-11-26T14:12:29","modified_gmt":"2020-11-26T13:12:29","slug":"kamil-nowak","status":"publish","type":"page","link":"http:\/\/dev.papercut.pl\/tfi\/o-nas\/kamil-nowak\/","title":{"rendered":"Kamil Nowak"},"content":{"rendered":"\r\n<div class=\"main-green\">\r\n    <div class=\"main-green__container\">\r\n        <div class=\"container\">\r\n            <div class=\"main-green__wrapper\">\r\n                <h1 class=\"h1\" data-aos=\"fade-up\" data-aos-delay=\"100\">Kamil Nowak<\/h1>\r\n                <span class=\"subtitle\" data-aos=\"fade-up\" data-aos-delay=\"200\">Dyrektor Biura Zarzadzania Aktywami <\/span>\r\n                                    <div data-aos=\"fade-up\" data-aos-delay=\"300\"><p>Odpowiedzialny w TFI przede wszystkim za podejmowanie decyzji inwestycyjnych oraz tworzenie strategii inwestycyjnych Funduszy. <\/p>\n<\/div>\r\n                                <div class=\"main-green__btn-group\" data-aos=\"fade-up\" data-aos-delay=\"300\">\r\n                                            <a href=\"mailto:kamil.nowak@forumtfi.pl\" class=\"btn btn-red\">Mail<\/a>\r\n                                    <\/div>\r\n            <\/div>\r\n        <\/div>\r\n        <img src=\"http:\/\/dev.papercut.pl\/tfi\/wp-content\/uploads\/2020\/09\/Kamil-Nowak.png\" class=\"main-green__avatar\" data-aos=\"fade-up\" data-aos-delay=\"100\" alt=\"\">\r\n    <\/div>\r\n<\/div>\n\n\n<div class=\"wp-block-group\"><div class=\"wp-block-group__inner-container\">\n<div class=\"wp-block-columns\">\n<div class=\"wp-block-column\">\n<h3 class=\"fade-right\">Kim jest Kamil?<\/h3>\n\n\n\n<p><strong>Absolwent wydzia\u0142u Prawa i Administracji Uniwersytetu Jagiello\u0144skiego. <\/strong>Wpisany na list\u0119 radc\u00f3w prawnych. Uko\u0144czy\u0142 studia podyplomowe z zakresu prawa podatkowego oraz rachunkowo\u015bci. Wsp\u00f3\u0142pracownik naukowy i wsp\u00f3\u0142tw\u00f3rca Instytutu Allerhanda. W pracy zawodowej \u0142\u0105czy kwestie prawnicze z ekonomicznymi, a w swojej pracy naukowej odwo\u0142uje si\u0119 g\u0142\u00f3wnie do ekonomicznej analizy prawa.<\/p>\n<\/div>\n\n\n\n<div class=\"wp-block-column\">\n<figure class=\"wp-block-image size-large fade-up\"><img loading=\"lazy\" width=\"696\" height=\"665\" src=\"http:\/\/dev.papercut.pl\/tfi\/wp-content\/uploads\/2020\/09\/KIM-JEST-1.png\" alt=\"\" class=\"wp-image-2370\"\/><\/figure>\n<\/div>\n<\/div>\n<\/div><\/div>\n\n\n\n<div class=\"wp-block-group size-large is-resized is-style-default fade-up has-red-background-color has-background\"><div class=\"wp-block-group__inner-container\">\n<h3 class=\"has-text-align-center\">3 liczby, kt\u00f3re opisuj\u0105 Kamila<\/h3>\n\n\n\n<div class=\"wp-block-group is-style-counter-wrapper\"><div class=\"wp-block-group__inner-container\">\r\n<div class=\"counter\">\r\n    <div class=\"counter__number is-style-h2\" data-units=\"\" data-counter=\"112\">0<\/div>\r\n    <p class=\"counter__subtitle\">numer alarmowy i numer wewn\u0119trzny w FORUM TFI<\/p>\r\n<\/div>\n\n\r\n<div class=\"counter\">\r\n    <div class=\"counter__number is-style-h2\" data-units=\"\" data-counter=\"80\/20\">0<\/div>\r\n    <p class=\"counter__subtitle\"> zasada maksymalizacji <br> przez minimalizacje<\/p>\r\n<\/div>\n\n\r\n<div class=\"counter\">\r\n    <div class=\"counter__number is-style-h2\" data-units=\"\" data-counter=\"1906\">0<\/div>\r\n    <p class=\"counter__subtitle\">data utworzenia ulubionego klubu pi\u0142karskiego<\/p>\r\n<\/div><\/div><\/div>\n<\/div><\/div>\n\n\n\n<div class=\"wp-block-group\"><div class=\"wp-block-group__inner-container\">\n<div class=\"wp-block-columns\">\n<div class=\"wp-block-column\">\n<figure class=\"wp-block-image size-large fade-up\"><img loading=\"lazy\" width=\"812\" height=\"593\" src=\"http:\/\/dev.papercut.pl\/tfi\/wp-content\/uploads\/2020\/09\/HISTORIA.png\" alt=\"\" class=\"wp-image-2371\" srcset=\"http:\/\/dev.papercut.pl\/tfi\/wp-content\/uploads\/2020\/09\/HISTORIA.png 812w, http:\/\/dev.papercut.pl\/tfi\/wp-content\/uploads\/2020\/09\/HISTORIA-768x561.png 768w\" sizes=\"(max-width: 812px) 100vw, 812px\" \/><\/figure>\n<\/div>\n\n\n\n<div class=\"wp-block-column\">\n<h3 class=\"fade-right\">Troch\u0119 historii<\/h3>\n\n\n\n<p>Kamil Nowak wsp\u00f3\u0142pracuje z FORUM TFI od 2012 roku.\u00a0<\/p>\n<\/div>\n<\/div>\n<\/div><\/div>\n","protected":false},"excerpt":{"rendered":"","protected":false},"author":1,"featured_media":0,"parent":1984,"menu_order":43,"comment_status":"closed","ping_status":"closed","template":"","meta":[],"_links":{"self":[{"href":"http:\/\/dev.papercut.pl\/tfi\/wp-json\/wp\/v2\/pages\/2127"}],"collection":[{"href":"http:\/\/dev.papercut.pl\/tfi\/wp-json\/wp\/v2\/pages"}],"about":[{"href":"http:\/\/dev.papercut.pl\/tfi\/wp-json\/wp\/v2\/types\/page"}],"author":[{"embeddable":true,"href":"http:\/\/dev.papercut.pl\/tfi\/wp-json\/wp\/v2\/users\/1"}],"replies":[{"embeddable":true,"href":"http:\/\/dev.papercut.pl\/tfi\/wp-json\/wp\/v2\/comments?post=2127"}],"version-history":[{"count":8,"href":"http:\/\/dev.papercut.pl\/tfi\/wp-json\/wp\/v2\/pages\/2127\/revisions"}],"predecessor-version":[{"id":5500,"href":"http:\/\/dev.papercut.pl\/tfi\/wp-json\/wp\/v2\/pages\/2127\/revisions\/5500"}],"up":[{"embeddable":true,"href":"http:\/\/dev.papercut.pl\/tfi\/wp-json\/wp\/v2\/pages\/1984"}],"wp:attachment":[{"href":"http:\/\/dev.papercut.pl\/tfi\/wp-json\/wp\/v2\/media?parent=2127"}],"curies":[{"name":"wp","href":"https:\/\/api.w.org\/{rel}","templated":true}]}}