{"id":2119,"date":"2020-08-27T21:38:38","date_gmt":"2020-08-27T19:38:38","guid":{"rendered":"http:\/\/dev.papercut.pl\/tfi\/?page_id=2119"},"modified":"2020-11-27T12:25:49","modified_gmt":"2020-11-27T11:25:49","slug":"maciej-podlecki","status":"publish","type":"page","link":"http:\/\/dev.papercut.pl\/tfi\/o-nas\/maciej-podlecki\/","title":{"rendered":"Maciej Pod\u0142\u0119cki"},"content":{"rendered":"\r\n<div class=\"main-green\">\r\n    <div class=\"main-green__container\">\r\n        <div class=\"container\">\r\n            <div class=\"main-green__wrapper\">\r\n                <h1 class=\"h1\" data-aos=\"fade-up\" data-aos-delay=\"100\">Maciej Pod\u0142\u0119cki<\/h1>\r\n                <span class=\"subtitle\" data-aos=\"fade-up\" data-aos-delay=\"200\">Specjalista ds. IT<\/span>\r\n                                    <div data-aos=\"fade-up\" data-aos-delay=\"300\"><p>W Forum TFI odpowiedzialny za administrowanie sieciami oraz systemami informatycznymi oraz bezpo\u015brednie wsparcie techniczne u\u017cytkownik\u00f3w.<\/p>\n<\/div>\r\n                                <div class=\"main-green__btn-group\" data-aos=\"fade-up\" data-aos-delay=\"300\">\r\n                                            <a href=\"mailto:maciej.podlecki@forumtfi.pl\" class=\"btn btn-red\">Mail<\/a>\r\n                                            <a href=\"https:\/\/www.linkedin.com\/in\/maciej-pod\u0142\u0119cki-6407b883 \" class=\"btn btn-red\">LinkedIn<\/a>\r\n                                    <\/div>\r\n            <\/div>\r\n        <\/div>\r\n        <img src=\"http:\/\/dev.papercut.pl\/tfi\/wp-content\/uploads\/2020\/11\/zdj1.png\" class=\"main-green__avatar\" data-aos=\"fade-up\" data-aos-delay=\"100\" alt=\"\">\r\n    <\/div>\r\n<\/div>\n\n\n<div class=\"wp-block-group\"><div class=\"wp-block-group__inner-container\">\n<div class=\"wp-block-columns\">\n<div class=\"wp-block-column\">\n<h3 class=\"fade-right\">Kim jest Maciek?<\/h3>\n\n\n\n<p>Pomimo uko\u0144czeniu studi\u00f3w na kierunku Stosunki Mi\u0119dzynarodowe postanowi\u0142 po\u015bwi\u0119ci\u0107 si\u0119 swojej pasji jak\u0105 od zawsze by\u0142y komputery i rozpocz\u0105\u0107 prac\u0119 jako informatyk.<\/p>\n<\/div>\n\n\n\n<div class=\"wp-block-column\">\n<figure class=\"wp-block-image size-large fade-up\"><img loading=\"lazy\" width=\"696\" height=\"665\" src=\"http:\/\/dev.papercut.pl\/tfi\/wp-content\/uploads\/2020\/09\/KIM-JEST-1.png\" alt=\"\" class=\"wp-image-2370\"\/><\/figure>\n<\/div>\n<\/div>\n<\/div><\/div>\n\n\n\n<div class=\"wp-block-group size-large is-resized is-style-default fade-up has-red-background-color has-background\"><div class=\"wp-block-group__inner-container\">\n<h3 class=\"has-text-align-center\">3 liczby, kt\u00f3re opisuj\u0105 Ma\u0107ka<\/h3>\n\n\n\n<div class=\"wp-block-group is-style-counter-wrapper\"><div class=\"wp-block-group__inner-container\">\r\n<div class=\"counter\">\r\n    <div class=\"counter__number is-style-h2\" data-units=\"\" data-counter=\"1\">0<\/div>\r\n    <p class=\"counter__subtitle\">miejsce to zawsze bezpiecze\u0144stwo danych<\/p>\r\n<\/div>\n\n\r\n<div class=\"counter\">\r\n    <div class=\"counter__number is-style-h2\" data-units=\"\" data-counter=\"2\">0<\/div>\r\n    <p class=\"counter__subtitle\">ojciec dw\u00f3jki dzieci<\/p>\r\n<\/div>\n\n\r\n<div class=\"counter\">\r\n    <div class=\"counter__number is-style-h2\" data-units=\"\" data-counter=\"3\">0<\/div>\r\n    <p class=\"counter__subtitle\">pasje: sport, muzyka, programowanie<\/p>\r\n<\/div><\/div><\/div>\n<\/div><\/div>\n\n\n\n<div class=\"wp-block-group\"><div class=\"wp-block-group__inner-container\">\n<div class=\"wp-block-columns\">\n<div class=\"wp-block-column\">\n<figure class=\"wp-block-image size-large fade-up\"><img loading=\"lazy\" width=\"812\" height=\"593\" src=\"http:\/\/dev.papercut.pl\/tfi\/wp-content\/uploads\/2020\/09\/HISTORIA.png\" alt=\"\" class=\"wp-image-2371\" srcset=\"http:\/\/dev.papercut.pl\/tfi\/wp-content\/uploads\/2020\/09\/HISTORIA.png 812w, http:\/\/dev.papercut.pl\/tfi\/wp-content\/uploads\/2020\/09\/HISTORIA-768x561.png 768w\" sizes=\"(max-width: 812px) 100vw, 812px\" \/><\/figure>\n<\/div>\n\n\n\n<div class=\"wp-block-column\">\n<h3 class=\"fade-right\">Troch\u0119 historii<\/h3>\n\n\n\n<p>Maciej Pod\u0142\u0119cki rozpocz\u0105\u0142 prac\u0119 w Forum TFI pod koniec 2016 roku na stanowisku Specjalista ds. obszaru IT i \u015brodowiska teleinformatycznego. Przed do\u0142\u0105czeniem do zespo\u0142u Forum TFI zdobywa\u0142 do\u015bwiadczenie na kilku innych stanowiskach nie tylko bezpo\u015brednio zwi\u0105zanych z IT.<\/p>\n<\/div>\n<\/div>\n<\/div><\/div>\n","protected":false},"excerpt":{"rendered":"","protected":false},"author":1,"featured_media":0,"parent":1984,"menu_order":30,"comment_status":"closed","ping_status":"closed","template":"","meta":[],"_links":{"self":[{"href":"http:\/\/dev.papercut.pl\/tfi\/wp-json\/wp\/v2\/pages\/2119"}],"collection":[{"href":"http:\/\/dev.papercut.pl\/tfi\/wp-json\/wp\/v2\/pages"}],"about":[{"href":"http:\/\/dev.papercut.pl\/tfi\/wp-json\/wp\/v2\/types\/page"}],"author":[{"embeddable":true,"href":"http:\/\/dev.papercut.pl\/tfi\/wp-json\/wp\/v2\/users\/1"}],"replies":[{"embeddable":true,"href":"http:\/\/dev.papercut.pl\/tfi\/wp-json\/wp\/v2\/comments?post=2119"}],"version-history":[{"count":9,"href":"http:\/\/dev.papercut.pl\/tfi\/wp-json\/wp\/v2\/pages\/2119\/revisions"}],"predecessor-version":[{"id":5425,"href":"http:\/\/dev.papercut.pl\/tfi\/wp-json\/wp\/v2\/pages\/2119\/revisions\/5425"}],"up":[{"embeddable":true,"href":"http:\/\/dev.papercut.pl\/tfi\/wp-json\/wp\/v2\/pages\/1984"}],"wp:attachment":[{"href":"http:\/\/dev.papercut.pl\/tfi\/wp-json\/wp\/v2\/media?parent=2119"}],"curies":[{"name":"wp","href":"https:\/\/api.w.org\/{rel}","templated":true}]}}