{"id":2091,"date":"2020-08-27T20:53:19","date_gmt":"2020-08-27T18:53:19","guid":{"rendered":"http:\/\/dev.papercut.pl\/tfi\/?page_id=2091"},"modified":"2020-11-27T12:31:30","modified_gmt":"2020-11-27T11:31:30","slug":"michal-miskowiec","status":"publish","type":"page","link":"http:\/\/dev.papercut.pl\/tfi\/o-nas\/michal-miskowiec\/","title":{"rendered":"Micha\u0142 Mi\u015bkowiec"},"content":{"rendered":"\r\n<div class=\"main-green\">\r\n    <div class=\"main-green__container\">\r\n        <div class=\"container\">\r\n            <div class=\"main-green__wrapper\">\r\n                <h1 class=\"h1\" data-aos=\"fade-up\" data-aos-delay=\"100\">Micha\u0142<br>Mi\u015bkowiec<\/h1>\r\n                <span class=\"subtitle\" data-aos=\"fade-up\" data-aos-delay=\"200\">Wiceprezes Zarz\u0105du<\/span>\r\n                                    <div data-aos=\"fade-up\" data-aos-delay=\"300\"><p>Odpowiedzialny w TFI przede wszystkim za tworzenie i zarz\u0105dzanie funduszami na wszystkich etapach ich funkcjonowania.<\/p>\n<\/div>\r\n                                <div class=\"main-green__btn-group\" data-aos=\"fade-up\" data-aos-delay=\"300\">\r\n                                            <a href=\"mailto:michal.miskowiec@forumtfi.pl\" class=\"btn btn-red\">Mail<\/a>\r\n                                            <a href=\"https:\/\/www.linkedin.com\/in\/micha%C5%82-mi%C5%9Bkowiec-470b04105\/?originalSubdomain=pl\" class=\"btn btn-red\">LinkedIn<\/a>\r\n                                    <\/div>\r\n            <\/div>\r\n        <\/div>\r\n        <img src=\"http:\/\/dev.papercut.pl\/tfi\/wp-content\/uploads\/2020\/07\/section_manin_avatar.png\" class=\"main-green__avatar\" data-aos=\"fade-up\" data-aos-delay=\"100\" alt=\"\">\r\n    <\/div>\r\n<\/div>\n\n\n<div class=\"wp-block-group\"><div class=\"wp-block-group__inner-container\">\n<div class=\"wp-block-columns\">\n<div class=\"wp-block-column\">\n<h3>Kim jest Micha\u0142?<\/h3>\n\n\n\n<p><strong>Cz\u0142owiek instytucja. W FORUM jest osob\u0105 od zada\u0144 pozornie niemo\u017cliwych. Nieszablonowe my\u015blenie i otwarto\u015b\u0107 na nowe pomys\u0142y to znaki szczeg\u00f3lne naszego Wiceprezesa.<\/strong><\/p>\n\n\n\n<p><strong>Absolwent wydzia\u0142u Prawa i Administracji Uniwersytetu Jagiello\u0144skiego.<\/strong> Wpisany na list\u0119 radc\u00f3w prawnych. Uko\u0144czy\u0142 studia podyplomowe z zakresu prawa brytyjskiego i Unii Europejskiej (British Law Centre). Posiada bogate do\u015bwiadczenie w zakresie prawa rynku kapita\u0142owego, korporacyjnego oraz papier\u00f3w warto\u015bciowych.<\/p>\n<\/div>\n\n\n\n<div class=\"wp-block-column\">\n<figure class=\"wp-block-image size-large\"><img loading=\"lazy\" width=\"828\" height=\"611\" src=\"http:\/\/dev.papercut.pl\/tfi\/wp-content\/uploads\/2020\/08\/FUNDUSZE-2.png\" alt=\"\" class=\"wp-image-2093\" srcset=\"http:\/\/dev.papercut.pl\/tfi\/wp-content\/uploads\/2020\/08\/FUNDUSZE-2.png 828w, http:\/\/dev.papercut.pl\/tfi\/wp-content\/uploads\/2020\/08\/FUNDUSZE-2-768x567.png 768w\" sizes=\"(max-width: 828px) 100vw, 828px\" \/><\/figure>\n<\/div>\n<\/div>\n<\/div><\/div>\n\n\n\n<div class=\"wp-block-group size-large is-resized is-style-default fade-up has-red-background-color has-background\"><div class=\"wp-block-group__inner-container\">\n<h3 class=\"has-text-align-center\">3 liczby, kt\u00f3re opisuj\u0105 Micha\u0142a<\/h3>\n\n\n\n<div class=\"wp-block-group is-style-counter-wrapper\"><div class=\"wp-block-group__inner-container\">\r\n<div class=\"counter\">\r\n    <div class=\"counter__number is-style-h2\" data-units=\"\" data-counter=\"10\">0<\/div>\r\n    <p class=\"counter__subtitle\">lat do\u015bwiadczenia na rynkach kapita\u0142owych<\/p>\r\n<\/div>\n\n\r\n<div class=\"counter\">\r\n    <div class=\"counter__number is-style-h2\" data-units=\"\" data-counter=\"37\">0<\/div>\r\n    <p class=\"counter__subtitle\">stworzonych funduszy inwestycyjnych<\/p>\r\n<\/div>\n\n\r\n<div class=\"counter\">\r\n    <div class=\"counter__number is-style-h2\" data-units=\"\" data-counter=\"3\">0<\/div>\r\n    <p class=\"counter__subtitle\">pasje: muzyka, podr\u00f3\u017ce, kuchnia azjatycka<\/p>\r\n<\/div><\/div><\/div>\n<\/div><\/div>\n\n\n\n<div class=\"wp-block-group\"><div class=\"wp-block-group__inner-container\">\n<div class=\"wp-block-columns\">\n<div class=\"wp-block-column\">\n<figure class=\"wp-block-image size-large\"><img loading=\"lazy\" width=\"828\" height=\"611\" src=\"http:\/\/dev.papercut.pl\/tfi\/wp-content\/uploads\/2020\/08\/FUNDUSZE-2.png\" alt=\"\" class=\"wp-image-2093\" srcset=\"http:\/\/dev.papercut.pl\/tfi\/wp-content\/uploads\/2020\/08\/FUNDUSZE-2.png 828w, http:\/\/dev.papercut.pl\/tfi\/wp-content\/uploads\/2020\/08\/FUNDUSZE-2-768x567.png 768w\" sizes=\"(max-width: 828px) 100vw, 828px\" \/><\/figure>\n<\/div>\n\n\n\n<div class=\"wp-block-column\">\n<h3>Troch\u0119 historii<\/h3>\n\n\n\n<p><strong>Micha\u0142 Mi\u015bkowiec rozpocz\u0105\u0142 wsp\u00f3\u0142prac\u0119 z FORUM TFI w 2013 roku na stanowisku Prawnik.&nbsp;&nbsp;<\/strong><\/p>\n\n\n\n<p>Przed do\u0142\u0105czeniem do zespo\u0142u Forum TFI zdobywa\u0142 do\u015bwiadczenie w renomowanej krakowskiej kancelarii prawnej specjalizuj\u0105cej si\u0119 w prawie rynku kapita\u0142owego, restrukturyzacjach oraz strategicznym doradztwie prawnym. W 2017 roku obj\u0105\u0142 stanowisko Dyrektora Biura Produkt\u00f3w Alternatywnych, w kt\u00f3rym pracowa\u0142 przy tworzeniu i wdra\u017caniu innowacyjnych produkt\u00f3w inwestycyjnych osi\u0105gaj\u0105c w tym zakresie ogromne sukcesy.&nbsp;<\/p>\n\n\n\n<p>W 2018 Micha\u0142 zosta\u0142 powo\u0142any na stanowisko Wiceprezesa Zarz\u0105du.<\/p>\n<\/div>\n<\/div>\n<\/div><\/div>\n","protected":false},"excerpt":{"rendered":"","protected":false},"author":1,"featured_media":0,"parent":1984,"menu_order":44,"comment_status":"closed","ping_status":"closed","template":"","meta":[],"_links":{"self":[{"href":"http:\/\/dev.papercut.pl\/tfi\/wp-json\/wp\/v2\/pages\/2091"}],"collection":[{"href":"http:\/\/dev.papercut.pl\/tfi\/wp-json\/wp\/v2\/pages"}],"about":[{"href":"http:\/\/dev.papercut.pl\/tfi\/wp-json\/wp\/v2\/types\/page"}],"author":[{"embeddable":true,"href":"http:\/\/dev.papercut.pl\/tfi\/wp-json\/wp\/v2\/users\/1"}],"replies":[{"embeddable":true,"href":"http:\/\/dev.papercut.pl\/tfi\/wp-json\/wp\/v2\/comments?post=2091"}],"version-history":[{"count":23,"href":"http:\/\/dev.papercut.pl\/tfi\/wp-json\/wp\/v2\/pages\/2091\/revisions"}],"predecessor-version":[{"id":5495,"href":"http:\/\/dev.papercut.pl\/tfi\/wp-json\/wp\/v2\/pages\/2091\/revisions\/5495"}],"up":[{"embeddable":true,"href":"http:\/\/dev.papercut.pl\/tfi\/wp-json\/wp\/v2\/pages\/1984"}],"wp:attachment":[{"href":"http:\/\/dev.papercut.pl\/tfi\/wp-json\/wp\/v2\/media?parent=2091"}],"curies":[{"name":"wp","href":"https:\/\/api.w.org\/{rel}","templated":true}]}}