{"id":202,"date":"2021-02-01T13:58:33","date_gmt":"2021-02-01T12:58:33","guid":{"rendered":"http:\/\/dev.papercut.pl\/polskachmura\/?page_id=202"},"modified":"2021-02-01T13:58:33","modified_gmt":"2021-02-01T12:58:33","slug":"zgoda-na-otrzymywanie-od-polskiej-chmury-informacji-o-charakterze-marketingowym","status":"publish","type":"page","link":"http:\/\/dev.papercut.pl\/polskachmura\/zgoda-na-otrzymywanie-od-polskiej-chmury-informacji-o-charakterze-marketingowym\/","title":{"rendered":"Zgoda na otrzymywanie od Polskiej Chmury, informacji o charakterze marketingowym"},"content":{"rendered":"\n<h2 class=\"is-style-large-header\">Zgoda na otrzymywanie od Polskiej Chmury, informacji o charakterze marketingowym<\/h2>\n\n\n\n<p>Wyra\u017cam zgod\u0119 na otrzymywanie od <strong>Polskiej Chmury<\/strong>, informacji o charakterze marketingowym (w tym informacji handlowych) za pomoc\u0105 \u015brodk\u00f3w komunikacji elektronicznej \u2013 zaznacz, aby otrzymywa\u0107 materia\u0142y promocyjne, reklamowe dotycz\u0105ce us\u0142ug Polskiej Chmury oraz partner\u00f3w Polskiej Chmury, na podany adres e-mail.<\/p>\n","protected":false},"excerpt":{"rendered":"<p>Zgoda na otrzymywanie od Polskiej Chmury, informacji o charakterze marketingowym Wyra\u017cam zgod\u0119 na otrzymywanie od Polskiej Chmury, informacji o charakterze marketingowym (w tym informacji handlowych) za pomoc\u0105 \u015brodk\u00f3w komunikacji elektronicznej \u2013 zaznacz, aby otrzymywa\u0107 materia\u0142y promocyjne, reklamowe dotycz\u0105ce us\u0142ug Polskiej Chmury oraz partner\u00f3w Polskiej Chmury, na podany adres e-mail.<\/p>\n","protected":false},"author":1,"featured_media":0,"parent":0,"menu_order":4,"comment_status":"closed","ping_status":"closed","template":"","meta":[],"_links":{"self":[{"href":"http:\/\/dev.papercut.pl\/polskachmura\/wp-json\/wp\/v2\/pages\/202"}],"collection":[{"href":"http:\/\/dev.papercut.pl\/polskachmura\/wp-json\/wp\/v2\/pages"}],"about":[{"href":"http:\/\/dev.papercut.pl\/polskachmura\/wp-json\/wp\/v2\/types\/page"}],"author":[{"embeddable":true,"href":"http:\/\/dev.papercut.pl\/polskachmura\/wp-json\/wp\/v2\/users\/1"}],"replies":[{"embeddable":true,"href":"http:\/\/dev.papercut.pl\/polskachmura\/wp-json\/wp\/v2\/comments?post=202"}],"version-history":[{"count":1,"href":"http:\/\/dev.papercut.pl\/polskachmura\/wp-json\/wp\/v2\/pages\/202\/revisions"}],"predecessor-version":[{"id":203,"href":"http:\/\/dev.papercut.pl\/polskachmura\/wp-json\/wp\/v2\/pages\/202\/revisions\/203"}],"wp:attachment":[{"href":"http:\/\/dev.papercut.pl\/polskachmura\/wp-json\/wp\/v2\/media?parent=202"}],"curies":[{"name":"wp","href":"https:\/\/api.w.org\/{rel}","templated":true}]}}