{"id":198,"date":"2021-02-01T13:54:41","date_gmt":"2021-02-01T12:54:41","guid":{"rendered":"http:\/\/dev.papercut.pl\/polskachmura\/?page_id=198"},"modified":"2021-02-01T13:55:17","modified_gmt":"2021-02-01T12:55:17","slug":"zgoda-na-przetwarzanie-danych-osobowych","status":"publish","type":"page","link":"http:\/\/dev.papercut.pl\/polskachmura\/zgoda-na-przetwarzanie-danych-osobowych\/","title":{"rendered":"Zgoda na przetwarzanie danych osobowych"},"content":{"rendered":"\n<h2 class=\"is-style-large-header\">Zgoda na przetwarzanie danych osobowych<\/h2>\n\n\n\n<p>Wyra\u017cam zgod\u0119 na przetwarzanie danych osobowych zgodnie z ustaw\u0105 z dnia 10 maja 2018 r. o ochronie danych osobowych (Dz.U. 2018 poz. 1000), w celu skorzystania z formularza kontaktowego oraz informowania o aktualno\u015bciach zwi\u0105zanych z Polsk\u0105 Chmur\u0105 oraz jej klientami.<\/p>\n\n\n\n<p>Administratorem Pa\u0144stwa danych osobowych, jest Polski Zwi\u0105zek O\u015brodk\u00f3w Przetwarzania Danych z siedzib\u0105 przy ul. Krakowskiej 43, 32-050 Skawina. Informujemy, \u017ce podanie danych osobowych zawartych w formularzu jest dobrowolne, ale niezb\u0119dne do korzystania z formularza, a tak\u017ce, \u017ce przys\u0142uguj\u0105 Pa\u0144stwu prawa dost\u0119pu do Pa\u0144stwa danych osobowych, ich zmiany (w tym aktualizacji). Dane osobowe podane przez Pa\u0144stwa b\u0119d\u0105 przetwarzane przez nas w zgodzie z przepisami prawa, w celu realizacji us\u0142ugi marketingowych. Ponadto, b\u0119dziemy przetwarza\u0107 Pa\u0144stwa dane na podstawie naszego uzasadnionego interesu jako administratora danych. W razie jakichkolwiek pyta\u0144 jeste\u015bmy do Pa\u0144stwa dyspozycji pod adresem: kontakt@polska-chmura.pl<\/p>\n","protected":false},"excerpt":{"rendered":"<p>Zgoda na przetwarzanie danych osobowych Wyra\u017cam zgod\u0119 na przetwarzanie danych osobowych zgodnie z ustaw\u0105 z dnia 10 maja 2018 r. o ochronie danych osobowych (Dz.U. 2018 poz. 1000), w celu skorzystania z formularza kontaktowego oraz informowania o aktualno\u015bciach zwi\u0105zanych z Polsk\u0105 Chmur\u0105 oraz jej klientami. Administratorem Pa\u0144stwa danych osobowych, jest Polski Zwi\u0105zek O\u015brodk\u00f3w Przetwarzania Danych [&hellip;]<\/p>\n","protected":false},"author":1,"featured_media":0,"parent":0,"menu_order":5,"comment_status":"closed","ping_status":"closed","template":"","meta":[],"_links":{"self":[{"href":"http:\/\/dev.papercut.pl\/polskachmura\/wp-json\/wp\/v2\/pages\/198"}],"collection":[{"href":"http:\/\/dev.papercut.pl\/polskachmura\/wp-json\/wp\/v2\/pages"}],"about":[{"href":"http:\/\/dev.papercut.pl\/polskachmura\/wp-json\/wp\/v2\/types\/page"}],"author":[{"embeddable":true,"href":"http:\/\/dev.papercut.pl\/polskachmura\/wp-json\/wp\/v2\/users\/1"}],"replies":[{"embeddable":true,"href":"http:\/\/dev.papercut.pl\/polskachmura\/wp-json\/wp\/v2\/comments?post=198"}],"version-history":[{"count":3,"href":"http:\/\/dev.papercut.pl\/polskachmura\/wp-json\/wp\/v2\/pages\/198\/revisions"}],"predecessor-version":[{"id":201,"href":"http:\/\/dev.papercut.pl\/polskachmura\/wp-json\/wp\/v2\/pages\/198\/revisions\/201"}],"wp:attachment":[{"href":"http:\/\/dev.papercut.pl\/polskachmura\/wp-json\/wp\/v2\/media?parent=198"}],"curies":[{"name":"wp","href":"https:\/\/api.w.org\/{rel}","templated":true}]}}